{"id":738212,"date":"2025-03-03T17:45:47","date_gmt":"2025-03-03T16:45:47","guid":{"rendered":"https:\/\/stoic-curie.212-227-153-4.plesk.page\/producto\/fender-bluevelvet-600-x-330-x-50-mm\/"},"modified":"2026-02-24T23:35:17","modified_gmt":"2026-02-24T23:35:17","slug":"fender-bluevelvet-600-x-330-x-50-mm","status":"publish","type":"product","link":"https:\/\/stoic-curie.212-227-153-4.plesk.page\/de\/product\/fender-bluevelvet-600-x-330-x-50-mm\/","title":{"rendered":"Fender Bluevelvet 600 x 330 x 50 mm"},"content":{"rendered":"<p>Fender Bluevelvet 600 x 330 x 50 mm &#8211; <\/p>\n<p>Flache Fender aus hochdichtem Schaumstoff, bedeckt mit robustem, UV-best\u00e4ndigem Gewebe. Der \u00dcberzug sch\u00fctzt die Seiten vor Abrieb und unangenehmen Ger\u00e4uschen. Er kann sowohl vertikal als auch horizontal positioniert werden.<\/p>\n","protected":false},"excerpt":{"rendered":"<p>Fender Bluevelvet 600 x 330 x 50 mm &#8211; Flache Fender aus hochdichtem Schaumstoff, bedeckt mit robustem, UV-best\u00e4ndigem Gewebe. Der<\/p>\n","protected":false},"featured_media":5947040,"comment_status":"open","ping_status":"closed","template":"","meta":[],"product_brand":[2178,3090],"product_cat":[1561],"product_tag":[],"class_list":{"0":"post-738212","1":"product","2":"type-product","3":"status-publish","4":"has-post-thumbnail","6":"product_brand-majoni","7":"product_brand-majoni-de","8":"product_cat-fender","10":"first","11":"instock","12":"shipping-taxable","13":"purchasable","14":"product-type-simple"},"_links":{"self":[{"href":"https:\/\/stoic-curie.212-227-153-4.plesk.page\/de\/wp-json\/wp\/v2\/product\/738212","targetHints":{"allow":["GET"]}}],"collection":[{"href":"https:\/\/stoic-curie.212-227-153-4.plesk.page\/de\/wp-json\/wp\/v2\/product"}],"about":[{"href":"https:\/\/stoic-curie.212-227-153-4.plesk.page\/de\/wp-json\/wp\/v2\/types\/product"}],"replies":[{"embeddable":true,"href":"https:\/\/stoic-curie.212-227-153-4.plesk.page\/de\/wp-json\/wp\/v2\/comments?post=738212"}],"version-history":[{"count":0,"href":"https:\/\/stoic-curie.212-227-153-4.plesk.page\/de\/wp-json\/wp\/v2\/product\/738212\/revisions"}],"wp:featuredmedia":[{"embeddable":true,"href":"https:\/\/stoic-curie.212-227-153-4.plesk.page\/de\/wp-json\/wp\/v2\/media\/5947040"}],"wp:attachment":[{"href":"https:\/\/stoic-curie.212-227-153-4.plesk.page\/de\/wp-json\/wp\/v2\/media?parent=738212"}],"wp:term":[{"taxonomy":"product_brand","embeddable":true,"href":"https:\/\/stoic-curie.212-227-153-4.plesk.page\/de\/wp-json\/wp\/v2\/product_brand?post=738212"},{"taxonomy":"product_cat","embeddable":true,"href":"https:\/\/stoic-curie.212-227-153-4.plesk.page\/de\/wp-json\/wp\/v2\/product_cat?post=738212"},{"taxonomy":"product_tag","embeddable":true,"href":"https:\/\/stoic-curie.212-227-153-4.plesk.page\/de\/wp-json\/wp\/v2\/product_tag?post=738212"}],"curies":[{"name":"wp","href":"https:\/\/api.w.org\/{rel}","templated":true}]}}