{"id":738213,"date":"2025-03-03T17:45:48","date_gmt":"2025-03-03T16:45:48","guid":{"rendered":"https:\/\/stoic-curie.212-227-153-4.plesk.page\/producto\/klappbarer-flachfender-blau-schwarz-abmessungen-500-x-320-x-40-mm\/"},"modified":"2026-02-24T23:35:17","modified_gmt":"2026-02-24T23:35:17","slug":"klappbarer-flachfender-blau-schwarz-abmessungen-500-x-320-x-40-mm","status":"publish","type":"product","link":"https:\/\/stoic-curie.212-227-153-4.plesk.page\/de\/product\/klappbarer-flachfender-blau-schwarz-abmessungen-500-x-320-x-40-mm\/","title":{"rendered":"Klappbarer Flachfender Blau\/Schwarz Abmessungen 500 x 320 x 40 mm"},"content":{"rendered":"<p>Klappbarer Flachfender Blau\/Schwarz Abmessungen 500 x 320 x 40 mm &#8211; <\/p>\n<p>UV-best\u00e4ndiger Stoff, geschlossenzellige Polyethylen, faltbare und anpassungsf\u00e4hige Fender. Ideal f\u00fcr aufblasbare Objekte und jede unebene Oberfl\u00e4che, kann auch als Kissen verwendet werden. Der Fender ist doppelseitig: Blau und Schwarz.<\/p>\n","protected":false},"excerpt":{"rendered":"<p>Klappbarer Flachfender Blau\/Schwarz Abmessungen 500 x 320 x 40 mm &#8211; UV-best\u00e4ndiger Stoff, geschlossenzellige Polyethylen, faltbare und anpassungsf\u00e4hige Fender. Ideal<\/p>\n","protected":false},"featured_media":5947043,"comment_status":"open","ping_status":"closed","template":"","meta":[],"product_brand":[3490],"product_cat":[1561],"product_tag":[],"class_list":{"0":"post-738213","1":"product","2":"type-product","3":"status-publish","4":"has-post-thumbnail","6":"product_brand-trem-de","7":"product_cat-fender","9":"first","10":"instock","11":"shipping-taxable","12":"purchasable","13":"product-type-simple"},"_links":{"self":[{"href":"https:\/\/stoic-curie.212-227-153-4.plesk.page\/de\/wp-json\/wp\/v2\/product\/738213","targetHints":{"allow":["GET"]}}],"collection":[{"href":"https:\/\/stoic-curie.212-227-153-4.plesk.page\/de\/wp-json\/wp\/v2\/product"}],"about":[{"href":"https:\/\/stoic-curie.212-227-153-4.plesk.page\/de\/wp-json\/wp\/v2\/types\/product"}],"replies":[{"embeddable":true,"href":"https:\/\/stoic-curie.212-227-153-4.plesk.page\/de\/wp-json\/wp\/v2\/comments?post=738213"}],"version-history":[{"count":0,"href":"https:\/\/stoic-curie.212-227-153-4.plesk.page\/de\/wp-json\/wp\/v2\/product\/738213\/revisions"}],"wp:featuredmedia":[{"embeddable":true,"href":"https:\/\/stoic-curie.212-227-153-4.plesk.page\/de\/wp-json\/wp\/v2\/media\/5947043"}],"wp:attachment":[{"href":"https:\/\/stoic-curie.212-227-153-4.plesk.page\/de\/wp-json\/wp\/v2\/media?parent=738213"}],"wp:term":[{"taxonomy":"product_brand","embeddable":true,"href":"https:\/\/stoic-curie.212-227-153-4.plesk.page\/de\/wp-json\/wp\/v2\/product_brand?post=738213"},{"taxonomy":"product_cat","embeddable":true,"href":"https:\/\/stoic-curie.212-227-153-4.plesk.page\/de\/wp-json\/wp\/v2\/product_cat?post=738213"},{"taxonomy":"product_tag","embeddable":true,"href":"https:\/\/stoic-curie.212-227-153-4.plesk.page\/de\/wp-json\/wp\/v2\/product_tag?post=738213"}],"curies":[{"name":"wp","href":"https:\/\/api.w.org\/{rel}","templated":true}]}}