{"id":738214,"date":"2025-03-03T17:45:48","date_gmt":"2025-03-03T16:45:48","guid":{"rendered":"https:\/\/stoic-curie.212-227-153-4.plesk.page\/producto\/majoni-multifender-blau-abmessungen-60-x-30-x-8-cm\/"},"modified":"2026-02-24T23:35:17","modified_gmt":"2026-02-24T23:35:17","slug":"majoni-multifender-blau-abmessungen-60-x-30-x-8-cm","status":"publish","type":"product","link":"https:\/\/stoic-curie.212-227-153-4.plesk.page\/de\/product\/majoni-multifender-blau-abmessungen-60-x-30-x-8-cm\/","title":{"rendered":"Majoni Multifender blau, Abmessungen 60 x 30 x 8 cm"},"content":{"rendered":"<p>Majoni Multifender blau, Abmessungen 60 x 30 x 8 cm &#8211; <\/p>\n<p>Faltbare elastische Strukturpuffer, der es erm\u00f6glicht, jede unregelm\u00e4\u00dfige oder plane Oberfl\u00e4che zu umrunden und zu sch\u00fctzen. Kann an W\u00e4nden, Pfosten, Gel\u00e4ndern und Ecken angebracht und als Bugboje verwendet werden.<\/p>\n","protected":false},"excerpt":{"rendered":"<p>Majoni Multifender blau, Abmessungen 60 x 30 x 8 cm &#8211; Faltbare elastische Strukturpuffer, der es erm\u00f6glicht, jede unregelm\u00e4\u00dfige oder<\/p>\n","protected":false},"featured_media":5947048,"comment_status":"open","ping_status":"closed","template":"","meta":[],"product_brand":[2178,3090],"product_cat":[1562],"product_tag":[],"class_list":{"0":"post-738214","1":"product","2":"type-product","3":"status-publish","4":"has-post-thumbnail","6":"product_brand-majoni","7":"product_brand-majoni-de","8":"product_cat-anlegestossdaempfer","10":"first","11":"instock","12":"shipping-taxable","13":"purchasable","14":"product-type-simple"},"_links":{"self":[{"href":"https:\/\/stoic-curie.212-227-153-4.plesk.page\/de\/wp-json\/wp\/v2\/product\/738214","targetHints":{"allow":["GET"]}}],"collection":[{"href":"https:\/\/stoic-curie.212-227-153-4.plesk.page\/de\/wp-json\/wp\/v2\/product"}],"about":[{"href":"https:\/\/stoic-curie.212-227-153-4.plesk.page\/de\/wp-json\/wp\/v2\/types\/product"}],"replies":[{"embeddable":true,"href":"https:\/\/stoic-curie.212-227-153-4.plesk.page\/de\/wp-json\/wp\/v2\/comments?post=738214"}],"version-history":[{"count":0,"href":"https:\/\/stoic-curie.212-227-153-4.plesk.page\/de\/wp-json\/wp\/v2\/product\/738214\/revisions"}],"wp:featuredmedia":[{"embeddable":true,"href":"https:\/\/stoic-curie.212-227-153-4.plesk.page\/de\/wp-json\/wp\/v2\/media\/5947048"}],"wp:attachment":[{"href":"https:\/\/stoic-curie.212-227-153-4.plesk.page\/de\/wp-json\/wp\/v2\/media?parent=738214"}],"wp:term":[{"taxonomy":"product_brand","embeddable":true,"href":"https:\/\/stoic-curie.212-227-153-4.plesk.page\/de\/wp-json\/wp\/v2\/product_brand?post=738214"},{"taxonomy":"product_cat","embeddable":true,"href":"https:\/\/stoic-curie.212-227-153-4.plesk.page\/de\/wp-json\/wp\/v2\/product_cat?post=738214"},{"taxonomy":"product_tag","embeddable":true,"href":"https:\/\/stoic-curie.212-227-153-4.plesk.page\/de\/wp-json\/wp\/v2\/product_tag?post=738214"}],"curies":[{"name":"wp","href":"https:\/\/api.w.org\/{rel}","templated":true}]}}