{"id":738215,"date":"2025-03-03T17:45:48","date_gmt":"2025-03-03T16:45:48","guid":{"rendered":"https:\/\/stoic-curie.212-227-153-4.plesk.page\/producto\/flacher-fender-100-x-60-x-20-cm\/"},"modified":"2026-02-24T23:35:17","modified_gmt":"2026-02-24T23:35:17","slug":"flacher-fender-100-x-60-x-20-cm","status":"publish","type":"product","link":"https:\/\/stoic-curie.212-227-153-4.plesk.page\/de\/product\/flacher-fender-100-x-60-x-20-cm\/","title":{"rendered":"Flacher Fender 100 x 60 x 20 cm"},"content":{"rendered":"<p>Flacher Fender 100 x 60 x 20 cm &#8211; <\/p>\n<p>Flache aufblasbare Fender aus hochbelastbarem PVC-beschichtetem Dropstich-Polyestergewebe. Sie lassen sich leicht mit den mitgelieferten Edelstahl-D-Ringen montieren. Sie decken eine gr\u00f6\u00dfere Fl\u00e4che ab als traditionelle Fender, sch\u00fctzen die Seite und andere Teile des Bootes und k\u00f6nnen auch schnell entleert und platzsparend verstaut werden.<\/p>\n","protected":false},"excerpt":{"rendered":"<p>Flacher Fender 100 x 60 x 20 cm &#8211; Flache aufblasbare Fender aus hochbelastbarem PVC-beschichtetem Dropstich-Polyestergewebe. Sie lassen sich leicht<\/p>\n","protected":false},"featured_media":5947059,"comment_status":"open","ping_status":"closed","template":"","meta":[],"product_brand":[3235],"product_cat":[1561],"product_tag":[],"class_list":{"0":"post-738215","1":"product","2":"type-product","3":"status-publish","4":"has-post-thumbnail","6":"product_brand-osculati-de","7":"product_cat-fender","9":"first","10":"instock","11":"shipping-taxable","12":"purchasable","13":"product-type-simple"},"_links":{"self":[{"href":"https:\/\/stoic-curie.212-227-153-4.plesk.page\/de\/wp-json\/wp\/v2\/product\/738215","targetHints":{"allow":["GET"]}}],"collection":[{"href":"https:\/\/stoic-curie.212-227-153-4.plesk.page\/de\/wp-json\/wp\/v2\/product"}],"about":[{"href":"https:\/\/stoic-curie.212-227-153-4.plesk.page\/de\/wp-json\/wp\/v2\/types\/product"}],"replies":[{"embeddable":true,"href":"https:\/\/stoic-curie.212-227-153-4.plesk.page\/de\/wp-json\/wp\/v2\/comments?post=738215"}],"version-history":[{"count":0,"href":"https:\/\/stoic-curie.212-227-153-4.plesk.page\/de\/wp-json\/wp\/v2\/product\/738215\/revisions"}],"wp:featuredmedia":[{"embeddable":true,"href":"https:\/\/stoic-curie.212-227-153-4.plesk.page\/de\/wp-json\/wp\/v2\/media\/5947059"}],"wp:attachment":[{"href":"https:\/\/stoic-curie.212-227-153-4.plesk.page\/de\/wp-json\/wp\/v2\/media?parent=738215"}],"wp:term":[{"taxonomy":"product_brand","embeddable":true,"href":"https:\/\/stoic-curie.212-227-153-4.plesk.page\/de\/wp-json\/wp\/v2\/product_brand?post=738215"},{"taxonomy":"product_cat","embeddable":true,"href":"https:\/\/stoic-curie.212-227-153-4.plesk.page\/de\/wp-json\/wp\/v2\/product_cat?post=738215"},{"taxonomy":"product_tag","embeddable":true,"href":"https:\/\/stoic-curie.212-227-153-4.plesk.page\/de\/wp-json\/wp\/v2\/product_tag?post=738215"}],"curies":[{"name":"wp","href":"https:\/\/api.w.org\/{rel}","templated":true}]}}