{"id":738216,"date":"2025-03-03T17:45:48","date_gmt":"2025-03-03T16:45:48","guid":{"rendered":"https:\/\/stoic-curie.212-227-153-4.plesk.page\/producto\/flacher-fender-70-x-50-x-15-cm\/"},"modified":"2026-02-24T23:35:17","modified_gmt":"2026-02-24T23:35:17","slug":"flacher-fender-70-x-50-x-15-cm","status":"publish","type":"product","link":"https:\/\/stoic-curie.212-227-153-4.plesk.page\/de\/product\/flacher-fender-70-x-50-x-15-cm\/","title":{"rendered":"Flacher Fender 70 x 50 x 15 cm"},"content":{"rendered":"<p>Flacher Fender 70 x 50 x 15 cm &#8211; <\/p>\n<p>Flache aufblasbare Fender aus hochbest\u00e4ndigem PVC-beschichtetem Dropstich-Polyestermesh. Sie k\u00f6nnen einfach mit den mitgelieferten Edelstahl-D-Ringen montiert werden. Sie bieten eine gr\u00f6\u00dfere Fl\u00e4che als herk\u00f6mmliche Fender, sch\u00fctzen die Seite und andere Teile des Boots und k\u00f6nnen auch schnell entleert und platzsparend gelagert werden.<\/p>\n","protected":false},"excerpt":{"rendered":"<p>Flacher Fender 70 x 50 x 15 cm &#8211; Flache aufblasbare Fender aus hochbest\u00e4ndigem PVC-beschichtetem Dropstich-Polyestermesh. Sie k\u00f6nnen einfach mit<\/p>\n","protected":false},"featured_media":5947059,"comment_status":"open","ping_status":"closed","template":"","meta":[],"product_brand":[3235],"product_cat":[1561],"product_tag":[],"class_list":{"0":"post-738216","1":"product","2":"type-product","3":"status-publish","4":"has-post-thumbnail","6":"product_brand-osculati-de","7":"product_cat-fender","9":"first","10":"instock","11":"shipping-taxable","12":"purchasable","13":"product-type-simple"},"_links":{"self":[{"href":"https:\/\/stoic-curie.212-227-153-4.plesk.page\/de\/wp-json\/wp\/v2\/product\/738216","targetHints":{"allow":["GET"]}}],"collection":[{"href":"https:\/\/stoic-curie.212-227-153-4.plesk.page\/de\/wp-json\/wp\/v2\/product"}],"about":[{"href":"https:\/\/stoic-curie.212-227-153-4.plesk.page\/de\/wp-json\/wp\/v2\/types\/product"}],"replies":[{"embeddable":true,"href":"https:\/\/stoic-curie.212-227-153-4.plesk.page\/de\/wp-json\/wp\/v2\/comments?post=738216"}],"version-history":[{"count":0,"href":"https:\/\/stoic-curie.212-227-153-4.plesk.page\/de\/wp-json\/wp\/v2\/product\/738216\/revisions"}],"wp:featuredmedia":[{"embeddable":true,"href":"https:\/\/stoic-curie.212-227-153-4.plesk.page\/de\/wp-json\/wp\/v2\/media\/5947059"}],"wp:attachment":[{"href":"https:\/\/stoic-curie.212-227-153-4.plesk.page\/de\/wp-json\/wp\/v2\/media?parent=738216"}],"wp:term":[{"taxonomy":"product_brand","embeddable":true,"href":"https:\/\/stoic-curie.212-227-153-4.plesk.page\/de\/wp-json\/wp\/v2\/product_brand?post=738216"},{"taxonomy":"product_cat","embeddable":true,"href":"https:\/\/stoic-curie.212-227-153-4.plesk.page\/de\/wp-json\/wp\/v2\/product_cat?post=738216"},{"taxonomy":"product_tag","embeddable":true,"href":"https:\/\/stoic-curie.212-227-153-4.plesk.page\/de\/wp-json\/wp\/v2\/product_tag?post=738216"}],"curies":[{"name":"wp","href":"https:\/\/api.w.org\/{rel}","templated":true}]}}