{"id":738230,"date":"2025-03-03T17:45:51","date_gmt":"2025-03-03T16:45:51","guid":{"rendered":"https:\/\/stoic-curie.212-227-153-4.plesk.page\/producto\/fenderprofil-eco2-h25-weiss-12-m\/"},"modified":"2026-02-24T23:35:17","modified_gmt":"2026-02-24T23:35:17","slug":"fenderprofil-eco2-h25-weiss-12-m","status":"publish","type":"product","link":"https:\/\/stoic-curie.212-227-153-4.plesk.page\/de\/product\/fenderprofil-eco2-h25-weiss-12-m\/","title":{"rendered":"Fenderprofil Eco2 H25 Wei\u00df 12 m"},"content":{"rendered":"<p>Fenderprofil Eco2 H25 Wei\u00df 12 m &#8211; <\/p>\n<p>PVC Fenderprofil zur Ausf\u00fchrung von Kanten\u00fcberg\u00e4ngen zwischen Deck und Rumpf. Das Profil wird in Packungen zu 12, 16 und 24 Metern verkauft. Die Endkappe und das Abschlussst\u00fcck sind je nach Art des Profils und der Farbe erh\u00e4ltlich.<\/p>\n","protected":false},"excerpt":{"rendered":"<p>Fenderprofil Eco2 H25 Wei\u00df 12 m &#8211; PVC Fenderprofil zur Ausf\u00fchrung von Kanten\u00fcberg\u00e4ngen zwischen Deck und Rumpf. Das Profil wird<\/p>\n","protected":false},"featured_media":5947070,"comment_status":"open","ping_status":"closed","template":"","meta":[],"product_brand":[3480],"product_cat":[1565],"product_tag":[],"class_list":{"0":"post-738230","1":"product","2":"type-product","3":"status-publish","4":"has-post-thumbnail","6":"product_brand-tessilmare-de","7":"product_cat-fender-profile","9":"first","10":"instock","11":"shipping-taxable","12":"purchasable","13":"product-type-simple"},"_links":{"self":[{"href":"https:\/\/stoic-curie.212-227-153-4.plesk.page\/de\/wp-json\/wp\/v2\/product\/738230","targetHints":{"allow":["GET"]}}],"collection":[{"href":"https:\/\/stoic-curie.212-227-153-4.plesk.page\/de\/wp-json\/wp\/v2\/product"}],"about":[{"href":"https:\/\/stoic-curie.212-227-153-4.plesk.page\/de\/wp-json\/wp\/v2\/types\/product"}],"replies":[{"embeddable":true,"href":"https:\/\/stoic-curie.212-227-153-4.plesk.page\/de\/wp-json\/wp\/v2\/comments?post=738230"}],"version-history":[{"count":0,"href":"https:\/\/stoic-curie.212-227-153-4.plesk.page\/de\/wp-json\/wp\/v2\/product\/738230\/revisions"}],"wp:featuredmedia":[{"embeddable":true,"href":"https:\/\/stoic-curie.212-227-153-4.plesk.page\/de\/wp-json\/wp\/v2\/media\/5947070"}],"wp:attachment":[{"href":"https:\/\/stoic-curie.212-227-153-4.plesk.page\/de\/wp-json\/wp\/v2\/media?parent=738230"}],"wp:term":[{"taxonomy":"product_brand","embeddable":true,"href":"https:\/\/stoic-curie.212-227-153-4.plesk.page\/de\/wp-json\/wp\/v2\/product_brand?post=738230"},{"taxonomy":"product_cat","embeddable":true,"href":"https:\/\/stoic-curie.212-227-153-4.plesk.page\/de\/wp-json\/wp\/v2\/product_cat?post=738230"},{"taxonomy":"product_tag","embeddable":true,"href":"https:\/\/stoic-curie.212-227-153-4.plesk.page\/de\/wp-json\/wp\/v2\/product_tag?post=738230"}],"curies":[{"name":"wp","href":"https:\/\/api.w.org\/{rel}","templated":true}]}}