{"id":738236,"date":"2025-03-03T17:45:53","date_gmt":"2025-03-03T16:45:53","guid":{"rendered":"https:\/\/stoic-curie.212-227-153-4.plesk.page\/producto\/tessilmare-radial-30-schwarz-16m\/"},"modified":"2026-02-24T23:35:17","modified_gmt":"2026-02-24T23:35:17","slug":"tessilmare-radial-30-schwarz-16m","status":"publish","type":"product","link":"https:\/\/stoic-curie.212-227-153-4.plesk.page\/de\/product\/tessilmare-radial-30-schwarz-16m\/","title":{"rendered":"Tessilmare Radial 30 Schwarz 16m"},"content":{"rendered":"<p>Tessilmare Radial 30 Schwarz 16m &#8211; <\/p>\n<p>Dieses patentierte Fender-System besteht aus zwei Hauptkomponenten:<\/p>\n<ol>\n<li>Ein stabiler Balken, der sicher mit Schrauben oder Nieten am Schiff befestigt werden kann, was den Einsatz spezieller Werkzeuge \u00fcberfl\u00fcssig macht.<\/li>\n<li>Ein flexibles Gummi-Profil, das mit der Basis verbunden ist. Dieser nahtlose Einsatz ist in ma\u00dfgefertigten Rollen erh\u00e4ltlich, um Abfall zu minimieren. Die Radial PVC Rub Rails k\u00f6nnen in jede Richtung gebogen werden, ohne dass W\u00e4rme erforderlich ist, was zu einer Reduzierung der Montagezeit um 70 %, Kosteneinsparungen, einer einfachen Reparatur und schnelleren Nachr\u00fcstungen f\u00fchrt.<\/li>\n<\/ol>\n<p>Das Radial Rub Rail zeichnet sich durch seinen einfachen Installationsprozess aus, der keine speziellen Werkzeuge erfordert. Der vielseitige PVC-\u00dcberzug erm\u00f6glicht eine einfache Montage, selbst bei k\u00fchleren Temperaturen, was die Notwendigkeit von Heizungen \u00fcberfl\u00fcssig macht. Nach der Installation sind die Gleisabschnitte diskret unter dem \u00dcberzug verborgen und bieten ein raffiniertes und elegantes Erscheinungsbild.<\/p>\n<p>Das Kit enth\u00e4lt alle notwendigen Komponenten: eine durchgehende Rolle aus weichem Rub Rail \u00dcberzug, die erforderliche Anzahl von semi-rigiden Vinyl-Montageschienenabschnitten, zwei Vinyl-Endkappen und eine Vinyl-Verbindungsabdeckkappe. Die Installation dieses Fender-Profils ist ein einfacher Vorgang. Man muss nur den Duralene-Balken mit Schrauben oder Sika-Kleber sichern und dann das Fender-Profil auf den Balken schieben.<\/p>\n<p>Dieses Fender-Profil verbessert nicht nur die \u00e4sthetische Anziehungskraft Ihres Schiffes, sondern steigert auch dessen Funktionalit\u00e4t. Die patentierten Designs von Tessilmare verbinden nahtlos hohe Schlagfestigkeit mit Stil und Preiswertigkeit und modernisieren so das traditionelle Erscheinungsbild von Rub Rails. Die Radial Fender-Profile bieten eine harmonische und visuell ansprechende L\u00f6sung, die frei von sichtbaren Verbindungen oder scharfen Kanten ist und im Vergleich zu herk\u00f6mmlichen Mehrteil-Rub Rails ein saubereres und attraktiveres Finish bietet.<\/p>\n<p>Speziell f\u00fcr die Marinebranche entwickelt, kann das Tessilmare Radial in nur wenigen Minuten montiert werden. Der Installationsprozess ist unkompliziert: Befestigen Sie die Gleisabschnitte am Rumpf des Bootes und sichern Sie den \u00e4u\u00dferen \u00dcberzug \u00fcber dem Gleis. Der \u00dcberzug rollt bequem von einer Rolle ab, und die enthaltenen Endkappen vervollst\u00e4ndigen die Installation.<\/p>\n","protected":false},"excerpt":{"rendered":"<p>Tessilmare Radial 30 Schwarz 16m &#8211; Dieses patentierte Fender-System besteht aus zwei Hauptkomponenten: Ein stabiler Balken, der sicher mit Schrauben<\/p>\n","protected":false},"featured_media":5945154,"comment_status":"open","ping_status":"closed","template":"","meta":[],"product_brand":[3480],"product_cat":[1565],"product_tag":[],"class_list":{"0":"post-738236","1":"product","2":"type-product","3":"status-publish","4":"has-post-thumbnail","6":"product_brand-tessilmare-de","7":"product_cat-fender-profile","9":"first","10":"instock","11":"shipping-taxable","12":"purchasable","13":"product-type-simple"},"_links":{"self":[{"href":"https:\/\/stoic-curie.212-227-153-4.plesk.page\/de\/wp-json\/wp\/v2\/product\/738236","targetHints":{"allow":["GET"]}}],"collection":[{"href":"https:\/\/stoic-curie.212-227-153-4.plesk.page\/de\/wp-json\/wp\/v2\/product"}],"about":[{"href":"https:\/\/stoic-curie.212-227-153-4.plesk.page\/de\/wp-json\/wp\/v2\/types\/product"}],"replies":[{"embeddable":true,"href":"https:\/\/stoic-curie.212-227-153-4.plesk.page\/de\/wp-json\/wp\/v2\/comments?post=738236"}],"version-history":[{"count":0,"href":"https:\/\/stoic-curie.212-227-153-4.plesk.page\/de\/wp-json\/wp\/v2\/product\/738236\/revisions"}],"wp:featuredmedia":[{"embeddable":true,"href":"https:\/\/stoic-curie.212-227-153-4.plesk.page\/de\/wp-json\/wp\/v2\/media\/5945154"}],"wp:attachment":[{"href":"https:\/\/stoic-curie.212-227-153-4.plesk.page\/de\/wp-json\/wp\/v2\/media?parent=738236"}],"wp:term":[{"taxonomy":"product_brand","embeddable":true,"href":"https:\/\/stoic-curie.212-227-153-4.plesk.page\/de\/wp-json\/wp\/v2\/product_brand?post=738236"},{"taxonomy":"product_cat","embeddable":true,"href":"https:\/\/stoic-curie.212-227-153-4.plesk.page\/de\/wp-json\/wp\/v2\/product_cat?post=738236"},{"taxonomy":"product_tag","embeddable":true,"href":"https:\/\/stoic-curie.212-227-153-4.plesk.page\/de\/wp-json\/wp\/v2\/product_tag?post=738236"}],"curies":[{"name":"wp","href":"https:\/\/api.w.org\/{rel}","templated":true}]}}