{"id":738237,"date":"2025-03-03T17:45:53","date_gmt":"2025-03-03T16:45:53","guid":{"rendered":"https:\/\/stoic-curie.212-227-153-4.plesk.page\/producto\/tessilmare-radial-30-weiss-16m\/"},"modified":"2026-02-24T23:35:17","modified_gmt":"2026-02-24T23:35:17","slug":"tessilmare-radial-30-weiss-16m","status":"publish","type":"product","link":"https:\/\/stoic-curie.212-227-153-4.plesk.page\/de\/product\/tessilmare-radial-30-weiss-16m\/","title":{"rendered":"Tessilmare Radial 30 Wei\u00df 16m"},"content":{"rendered":"<p>Tessilmare Radial 30 Wei\u00df 16m &#8211; <\/p>\n<p style=\"color: rgb(34, 34, 34); font-family: Arial, Helvetica, sans-serif; font-size: small;\">Dieses patentierte Fender-System besteht aus zwei Hauptkomponenten:<\/p>\n<ol style=\"color: rgb(34, 34, 34); font-family: Arial, Helvetica, sans-serif; font-size: small;\">\n<li>Eine robuste Leiste, die sicher mit Schrauben oder Nieten am Schiff befestigt werden kann, ohne dass spezielle Werkzeuge erforderlich sind.<\/li>\n<li>Ein flexibles Gummiprofil, das mit dem Grundk\u00f6rper verbunden ist. Dieses nahtlose Insert ist in ma\u00dfgefertigten Rollen erh\u00e4ltlich, um Abfall zu minimieren. Die Radial-PVC-Schutzleisten k\u00f6nnen in jede Richtung gebogen werden, ohne dass W\u00e4rme ben\u00f6tigt wird, was zu einer 70%igen Reduzierung der Montagezeit, Kosteneinsparungen, einfacher Reparatur und schnelleren Nachr\u00fcstungen f\u00fchrt.<\/li>\n<\/ol>\n<p style=\"color: rgb(34, 34, 34); font-family: Arial, Helvetica, sans-serif; font-size: small;\">Die Radial-Schutzleiste ist bekannt f\u00fcr ihren unkomplizierten Installationsprozess, der keine speziellen Werkzeuge erfordert. Ihr anpassungsf\u00e4higer PVC-Schutz erm\u00f6glicht eine einfache Montage, selbst bei k\u00fchleren Temperaturen, sodass Heizungen \u00fcberfl\u00fcssig werden. Nach der Installation sind die Schienensegmente diskret unter dem Cover verborgen, was ein poliertes und raffiniertes Erscheinungsbild gew\u00e4hrleistet.<\/p>\n<p style=\"color: rgb(34, 34, 34); font-family: Arial, Helvetica, sans-serif; font-size: small;\">Das Set enth\u00e4lt alle notwendigen Komponenten: eine durchgehende Rolle des weichen Schutzleisten-Covers, die erforderliche Anzahl an halbstarren Vinyl-Montageschienen, zwei Vinyl-Endkappen und eine Vinyl-Fugenkappe. Die Installation dieses Fenderprofils ist einfach. Man muss lediglich die Duralene-Leiste mit Schrauben oder Sika-Kleber befestigen und das Fenderprofil auf die Leiste schieben.<\/p>\n<p style=\"color: rgb(34, 34, 34); font-family: Arial, Helvetica, sans-serif; font-size: small;\">Dieses Fenderprofil verbessert nicht nur das visuelle Erscheinungsbild Ihres Schiffes, sondern auch dessen Funktionalit\u00e4t. Die patentierten Designs von Tessilmare kombinieren effektiv hohe Schlagfestigkeit mit Stil und erschwinglichem Preis, wodurch das traditionelle Aussehen von Fenderleisten modernisiert wird. Die Radial-Fenderprofile bieten eine koh\u00e4rente und \u00e4sthetisch ansprechende L\u00f6sung, die frei von sichtbaren Verbindungen oder scharfen Kanten ist, und somit ein saubereres und attraktiveres Finish im Vergleich zu herk\u00f6mmlichen mehrteiligen Fenderleisten erzielt.<\/p>\n<p style=\"color: rgb(34, 34, 34); font-family: Arial, Helvetica, sans-serif; font-size: small;\">Speziell f\u00fcr den marinen Sektor entwickelt, kann das Tessilmare Radial in nur wenigen Minuten montiert werden. Der Installationsprozess ist einfach: Befestigen Sie die Schienensegmente am Rumpf des Bootes und sichern Sie das \u00e4u\u00dfere Cover \u00fcber der Schiene. Das Cover rollt bequem von einer Gro\u00dfspule ab, und die enthaltenen Endkappen vervollst\u00e4ndigen die Installation.<\/p>\n","protected":false},"excerpt":{"rendered":"<p>Tessilmare Radial 30 Wei\u00df 16m &#8211; Dieses patentierte Fender-System besteht aus zwei Hauptkomponenten: Eine robuste Leiste, die sicher mit Schrauben<\/p>\n","protected":false},"featured_media":5945169,"comment_status":"open","ping_status":"closed","template":"","meta":[],"product_brand":[3480],"product_cat":[1565],"product_tag":[],"class_list":{"0":"post-738237","1":"product","2":"type-product","3":"status-publish","4":"has-post-thumbnail","6":"product_brand-tessilmare-de","7":"product_cat-fender-profile","9":"first","10":"instock","11":"shipping-taxable","12":"purchasable","13":"product-type-simple"},"_links":{"self":[{"href":"https:\/\/stoic-curie.212-227-153-4.plesk.page\/de\/wp-json\/wp\/v2\/product\/738237","targetHints":{"allow":["GET"]}}],"collection":[{"href":"https:\/\/stoic-curie.212-227-153-4.plesk.page\/de\/wp-json\/wp\/v2\/product"}],"about":[{"href":"https:\/\/stoic-curie.212-227-153-4.plesk.page\/de\/wp-json\/wp\/v2\/types\/product"}],"replies":[{"embeddable":true,"href":"https:\/\/stoic-curie.212-227-153-4.plesk.page\/de\/wp-json\/wp\/v2\/comments?post=738237"}],"version-history":[{"count":0,"href":"https:\/\/stoic-curie.212-227-153-4.plesk.page\/de\/wp-json\/wp\/v2\/product\/738237\/revisions"}],"wp:featuredmedia":[{"embeddable":true,"href":"https:\/\/stoic-curie.212-227-153-4.plesk.page\/de\/wp-json\/wp\/v2\/media\/5945169"}],"wp:attachment":[{"href":"https:\/\/stoic-curie.212-227-153-4.plesk.page\/de\/wp-json\/wp\/v2\/media?parent=738237"}],"wp:term":[{"taxonomy":"product_brand","embeddable":true,"href":"https:\/\/stoic-curie.212-227-153-4.plesk.page\/de\/wp-json\/wp\/v2\/product_brand?post=738237"},{"taxonomy":"product_cat","embeddable":true,"href":"https:\/\/stoic-curie.212-227-153-4.plesk.page\/de\/wp-json\/wp\/v2\/product_cat?post=738237"},{"taxonomy":"product_tag","embeddable":true,"href":"https:\/\/stoic-curie.212-227-153-4.plesk.page\/de\/wp-json\/wp\/v2\/product_tag?post=738237"}],"curies":[{"name":"wp","href":"https:\/\/api.w.org\/{rel}","templated":true}]}}