{"id":738243,"date":"2025-03-03T17:45:54","date_gmt":"2025-03-03T16:45:54","guid":{"rendered":"https:\/\/stoic-curie.212-227-153-4.plesk.page\/producto\/basis-fuer-tessilmare-radial-52-65-2m\/"},"modified":"2026-02-24T23:35:17","modified_gmt":"2026-02-24T23:35:17","slug":"basis-fuer-tessilmare-radial-52-65-2m","status":"publish","type":"product","link":"https:\/\/stoic-curie.212-227-153-4.plesk.page\/de\/product\/basis-fuer-tessilmare-radial-52-65-2m\/","title":{"rendered":"Basis f\u00fcr Tessilmare Radial 52-65"},"content":{"rendered":"<p>Basis f\u00fcr Tessilmare Radial 52-65 &#8211; <\/p>\n<p>Die Tessilmare Radial-Rigidsupportleisten sind in L\u00e4ngen von 2 Metern erh\u00e4ltlich. Diese robusten Leisten k\u00f6nnen ganz einfach mit Schrauben oder Nieten an Ihrem Boot befestigt werden, sodass Sie keine speziellen Werkzeuge ben\u00f6tigen. Das Tessilmare Fenderprofil steigert nicht nur die visuelle Attraktivit\u00e4t Ihres Fahrzeugs, sondern verbessert auch seine Funktionalit\u00e4t. Mit patentierten Designs vereint Tessilmare hohe Schlagfestigkeit mit Stil und Erschwinglichkeit und bietet eine moderne Interpretation traditioneller Rub Rails. Die Radial-Fenderprofile bieten eine schlanke und \u00e4sthetisch ansprechende L\u00f6sung, die frei von sichtbaren Verbindungen oder scharfen Kanten ist, was zu einem saubereren und ansprechenderen Finish im Vergleich zu herk\u00f6mmlichen Mehrteil-Rub Rails f\u00fchrt.<\/p>\n<p>Speziell f\u00fcr die Schifffahrtsindustrie konzipiert, kann der Tessilmare Radial in nur wenigen Minuten montiert werden. Die Installation ist einfach: Befestigen Sie einfach die Leistenabschnitte am Rumpf des Bootes und sichern Sie die \u00e4u\u00dfere Abdeckung \u00fcber der Basis.<\/p>\n","protected":false},"excerpt":{"rendered":"<p>Basis f\u00fcr Tessilmare Radial 52-65 &#8211; Die Tessilmare Radial-Rigidsupportleisten sind in L\u00e4ngen von 2 Metern erh\u00e4ltlich. Diese robusten Leisten k\u00f6nnen<\/p>\n","protected":false},"featured_media":5947083,"comment_status":"open","ping_status":"closed","template":"","meta":[],"product_brand":[3480],"product_cat":[1565],"product_tag":[],"class_list":{"0":"post-738243","1":"product","2":"type-product","3":"status-publish","4":"has-post-thumbnail","6":"product_brand-tessilmare-de","7":"product_cat-fender-profile","9":"first","10":"instock","11":"shipping-taxable","12":"purchasable","13":"product-type-simple"},"_links":{"self":[{"href":"https:\/\/stoic-curie.212-227-153-4.plesk.page\/de\/wp-json\/wp\/v2\/product\/738243","targetHints":{"allow":["GET"]}}],"collection":[{"href":"https:\/\/stoic-curie.212-227-153-4.plesk.page\/de\/wp-json\/wp\/v2\/product"}],"about":[{"href":"https:\/\/stoic-curie.212-227-153-4.plesk.page\/de\/wp-json\/wp\/v2\/types\/product"}],"replies":[{"embeddable":true,"href":"https:\/\/stoic-curie.212-227-153-4.plesk.page\/de\/wp-json\/wp\/v2\/comments?post=738243"}],"version-history":[{"count":0,"href":"https:\/\/stoic-curie.212-227-153-4.plesk.page\/de\/wp-json\/wp\/v2\/product\/738243\/revisions"}],"wp:featuredmedia":[{"embeddable":true,"href":"https:\/\/stoic-curie.212-227-153-4.plesk.page\/de\/wp-json\/wp\/v2\/media\/5947083"}],"wp:attachment":[{"href":"https:\/\/stoic-curie.212-227-153-4.plesk.page\/de\/wp-json\/wp\/v2\/media?parent=738243"}],"wp:term":[{"taxonomy":"product_brand","embeddable":true,"href":"https:\/\/stoic-curie.212-227-153-4.plesk.page\/de\/wp-json\/wp\/v2\/product_brand?post=738243"},{"taxonomy":"product_cat","embeddable":true,"href":"https:\/\/stoic-curie.212-227-153-4.plesk.page\/de\/wp-json\/wp\/v2\/product_cat?post=738243"},{"taxonomy":"product_tag","embeddable":true,"href":"https:\/\/stoic-curie.212-227-153-4.plesk.page\/de\/wp-json\/wp\/v2\/product_tag?post=738243"}],"curies":[{"name":"wp","href":"https:\/\/api.w.org\/{rel}","templated":true}]}}