{"id":738244,"date":"2025-03-03T17:45:54","date_gmt":"2025-03-03T16:45:54","guid":{"rendered":"https:\/\/stoic-curie.212-227-153-4.plesk.page\/producto\/tessilmare-radial-52-weiss-16m\/"},"modified":"2026-02-24T23:35:17","modified_gmt":"2026-02-24T23:35:17","slug":"tessilmare-radial-52-weiss-16m","status":"publish","type":"product","link":"https:\/\/stoic-curie.212-227-153-4.plesk.page\/de\/product\/tessilmare-radial-52-weiss-16m\/","title":{"rendered":"Tessilmare Radial 52 Wei\u00df 16m"},"content":{"rendered":"<p>Tessilmare Radial 52 Wei\u00df 16m &#8211; <\/p>\n<p style=\"color: rgb(34, 34, 34); font-family: Arial, Helvetica, sans-serif; font-size: small;\">Der Tessilmare Radial wurde sorgf\u00e4ltig f\u00fcr den maritimen Bereich entwickelt und erm\u00f6glicht die Montage in nur wenigen Minuten. Das Installationsverfahren ist ganz einfach; es umfasst das Befestigen von Schienenabschnitten an dem Rumpf des Boots und das Sichern der \u00e4u\u00dferen Abdeckung \u00fcber der Schiene. Die Abdeckung kann bequem von einer Gro\u00dfspule abgerollt werden, und die mitgelieferten Endkappen vervollst\u00e4ndigen den Installationsprozess.<\/p>\n<p style=\"color: rgb(34, 34, 34); font-family: Arial, Helvetica, sans-serif; font-size: small;\">Ein wesentlicher Vorteil des Radial Rub Rail ist die einfache Installation, die keine speziellen Werkzeuge erfordert. Die flexible PVC-Abdeckung erm\u00f6glicht eine m\u00fchelose Anpassung, selbst bei k\u00fchleren Temperaturen, wodurch die Notwendigkeit des Erhitzens entf\u00e4llt. Nach Abschluss der Installation sind die Schienenabschnitte vollst\u00e4ndig unter der Abdeckung verborgen, was zu einem eleganten und raffinierten Aussehen f\u00fchrt. Das Set beinhaltet alle wesentlichen Komponenten: eine durchgehende Rolle der weichen Rub Rail-Abdeckung, die erforderliche Anzahl von halbsteifen Vinyl-Befestigungsschienenabschnitten, zwei Vinyl-Endkappen und eine Vinyl-Verbindungsabdeckung.<\/p>\n<p style=\"color: rgb(34, 34, 34); font-family: Arial, Helvetica, sans-serif; font-size: small;\">Dieses patentierte Fendering-System besteht aus zwei Hauptbestandteilen:<\/p>\n<ol style=\"color: rgb(34, 34, 34); font-family: Arial, Helvetica, sans-serif; font-size: small;\">\n<li>Eine robuste Stange, die mit Schrauben oder Nieten sicher am Boot befestigt werden kann, ohne dass spezielle Werkzeuge erforderlich sind.<\/li>\n<li>Ein flexibles Gummiprofil, das mit der Basis verbunden ist. Dieser nahtlose Einsatz ist in ma\u00dfgefertigten Rollen erh\u00e4ltlich, um Abfall zu minimieren. Die Radial PVC Rub Rails k\u00f6nnen manuell in jede Richtung gebogen werden, ohne dass W\u00e4rme erforderlich ist. Sie sind 70 % schneller zu montieren, kosteneffektiv, einfach zu reparieren und schnell wieder zu montieren.<\/li>\n<\/ol>\n<p style=\"color: rgb(34, 34, 34); font-family: Arial, Helvetica, sans-serif; font-size: small;\">Verbindungs- und Endkappen sind in zwei Materialien erh\u00e4ltlich: PVC und Edelstahl. Der Radial ist f\u00fcr alle maritimen Anwendungen geeignet, einschlie\u00dflich Boote und Yachten mit Boxverbindungen.<\/p>\n<p style=\"color: rgb(34, 34, 34); font-family: Arial, Helvetica, sans-serif; font-size: small;\">F\u00fcr die Installation muss man einfach die Duralene-Stange mit Schrauben oder Sika-Kleber befestigen und dann das Fendering-Profil auf die Stange schieben. Das Fendering-Profil eines Bootes kann sowohl \u00e4sthetische als auch praktische Anspr\u00fcche erf\u00fcllen. Die patentierten Fendering-Profile von Tessilmare vereinen hohe Schlagfestigkeit mit Eleganz und Erschwinglichkeit. Ihre innovativen Designs haben das Aussehen traditioneller Rub Rails revolutioniert. Die Radial-Fendering-Profile bieten eine nahtlose und visuell ansprechende L\u00f6sung, die keine sichtbaren Gelenke oder scharfen Kanten aufweist, was zu einem saubereren und attraktiveren Finish im Vergleich zu herk\u00f6mmlichen Mehrteil-Rub Rails f\u00fchrt.<\/p>\n","protected":false},"excerpt":{"rendered":"<p>Tessilmare Radial 52 Wei\u00df 16m &#8211; Der Tessilmare Radial wurde sorgf\u00e4ltig f\u00fcr den maritimen Bereich entwickelt und erm\u00f6glicht die Montage<\/p>\n","protected":false},"featured_media":5945169,"comment_status":"open","ping_status":"closed","template":"","meta":[],"product_brand":[3480],"product_cat":[1565],"product_tag":[],"class_list":{"0":"post-738244","1":"product","2":"type-product","3":"status-publish","4":"has-post-thumbnail","6":"product_brand-tessilmare-de","7":"product_cat-fender-profile","9":"first","10":"instock","11":"shipping-taxable","12":"purchasable","13":"product-type-simple"},"_links":{"self":[{"href":"https:\/\/stoic-curie.212-227-153-4.plesk.page\/de\/wp-json\/wp\/v2\/product\/738244","targetHints":{"allow":["GET"]}}],"collection":[{"href":"https:\/\/stoic-curie.212-227-153-4.plesk.page\/de\/wp-json\/wp\/v2\/product"}],"about":[{"href":"https:\/\/stoic-curie.212-227-153-4.plesk.page\/de\/wp-json\/wp\/v2\/types\/product"}],"replies":[{"embeddable":true,"href":"https:\/\/stoic-curie.212-227-153-4.plesk.page\/de\/wp-json\/wp\/v2\/comments?post=738244"}],"version-history":[{"count":0,"href":"https:\/\/stoic-curie.212-227-153-4.plesk.page\/de\/wp-json\/wp\/v2\/product\/738244\/revisions"}],"wp:featuredmedia":[{"embeddable":true,"href":"https:\/\/stoic-curie.212-227-153-4.plesk.page\/de\/wp-json\/wp\/v2\/media\/5945169"}],"wp:attachment":[{"href":"https:\/\/stoic-curie.212-227-153-4.plesk.page\/de\/wp-json\/wp\/v2\/media?parent=738244"}],"wp:term":[{"taxonomy":"product_brand","embeddable":true,"href":"https:\/\/stoic-curie.212-227-153-4.plesk.page\/de\/wp-json\/wp\/v2\/product_brand?post=738244"},{"taxonomy":"product_cat","embeddable":true,"href":"https:\/\/stoic-curie.212-227-153-4.plesk.page\/de\/wp-json\/wp\/v2\/product_cat?post=738244"},{"taxonomy":"product_tag","embeddable":true,"href":"https:\/\/stoic-curie.212-227-153-4.plesk.page\/de\/wp-json\/wp\/v2\/product_tag?post=738244"}],"curies":[{"name":"wp","href":"https:\/\/api.w.org\/{rel}","templated":true}]}}