{"id":738245,"date":"2025-03-03T17:45:55","date_gmt":"2025-03-03T16:45:55","guid":{"rendered":"https:\/\/stoic-curie.212-227-153-4.plesk.page\/producto\/tessilmare-radial-52-weiss-24m\/"},"modified":"2026-02-24T23:35:17","modified_gmt":"2026-02-24T23:35:17","slug":"tessilmare-radial-52-weiss-24m","status":"publish","type":"product","link":"https:\/\/stoic-curie.212-227-153-4.plesk.page\/de\/product\/tessilmare-radial-52-weiss-24m\/","title":{"rendered":"Tessilmare Radial 52 Wei\u00df 24m"},"content":{"rendered":"<p>Tessilmare Radial 52 Wei\u00df 24m &#8211; <\/p>\n<p style=\"color: rgb(34, 34, 34); font-family: Arial, Helvetica, sans-serif; font-size: small;\">Der Tessilmare Radial wurde sorgf\u00e4ltig f\u00fcr die Bootsindustrie entworfen und kann in nur wenigen Minuten montiert werden. Der Installationsprozess ist einfach; es umfasst das Befestigen von Schienenabschnitten am Rumpf und das Anbringen des Au\u00dfenbezugs \u00fcber die Schiene. Der Bezug kann bequem von einer gro\u00dfen Rolle abgerollt werden, und die enthaltenen Endkappen vervollst\u00e4ndigen die Installation.<\/p>\n<p style=\"color: rgb(34, 34, 34); font-family: Arial, Helvetica, sans-serif; font-size: small;\">Ein wesentlicher Vorteil des Radial Gummirubrails ist die einfache Installation, die keine speziellen Werkzeuge erfordert. Der flexible PVC-Bezug erm\u00f6glicht eine m\u00fchelose Anpassung, selbst bei k\u00fchleren Temperaturen, wodurch die Notwendigkeit des Erw\u00e4rmens entf\u00e4llt. Nach Abschluss der Installation sind die Schienenabschnitte vollst\u00e4ndig vom Bezug verdeckt, was zu einem eleganten und raffinierten Erscheinungsbild f\u00fchrt. Das Set enth\u00e4lt alle notwendigen Komponenten: eine durchgehende Rolle des weichen Gummirubrailbezugs, die erforderliche Anzahl semi-starrer Vinylmontageschienen, zwei Vinyl-Endkappen und eine Vinyl-Verbindungsdeckelkappe.<\/p>\n<p style=\"color: rgb(34, 34, 34); font-family: Arial, Helvetica, sans-serif; font-size: small;\">Dieses patentierte Fender-System besteht aus zwei Hauptkomponenten:<\/p>\n<ol style=\"color: rgb(34, 34, 34); font-family: Arial, Helvetica, sans-serif; font-size: small;\">\n<li>Eine robuste Leiste, die sicher am Boot mit Schrauben oder Nieten befestigt werden kann, ohne dass spezielle Werkzeuge erforderlich sind.<\/li>\n<li>Ein flexibles Gummi-Profil, das mit der Basis verbunden wird. Dieser nahtlose Einleger ist in ma\u00dfgeschneiderten Rollen erh\u00e4ltlich, um Abfall zu minimieren. Die Radial PVC Rubrails k\u00f6nnen in jede Richtung manuell gebogen werden, ohne dass W\u00e4rme erforderlich ist. Sie sind 70 % schneller zu montieren, kosteneffektiv, leicht zu reparieren und schnell nachr\u00fcstbar.<\/li>\n<\/ol>\n<p style=\"color: rgb(34, 34, 34); font-family: Arial, Helvetica, sans-serif; font-size: small;\">Verbindungs- und Endkappen sind in zwei Materialien erh\u00e4ltlich: PVC und Edelstahl. Der Radial ist f\u00fcr alle maritimen Anwendungen geeignet, einschlie\u00dflich Boote und Yachten mit Boxverbindungen.<\/p>\n<p style=\"color: rgb(34, 34, 34); font-family: Arial, Helvetica, sans-serif; font-size: small;\">F\u00fcr die Installation muss man nur die Duralene-Leiste mit Schrauben oder Sika-Kleber sichern und anschlie\u00dfend das Fender-Profil auf die Leiste schieben. Das Fender-Profil eines Bootes kann sowohl Stil als auch Funktionalit\u00e4t verk\u00f6rpern. Tessilmare&#8217;s patentierte Fender-Profile kombinieren hohe Schlagfestigkeit mit Eleganz und Erschwinglichkeit. Ihre innovativen Designs haben das Aussehen traditioneller Rubrails neu definiert. Die Radial-Fender-Profile bieten eine nahtlose und \u00e4sthetisch ansprechende L\u00f6sung, die frei von sichtbaren Fugen oder scharfen Kanten ist und im Vergleich zu herk\u00f6mmlichen Mehrteilerubrails eine sauberere und attraktivere Oberfl\u00e4che ergibt.<\/p>\n","protected":false},"excerpt":{"rendered":"<p>Tessilmare Radial 52 Wei\u00df 24m &#8211; Der Tessilmare Radial wurde sorgf\u00e4ltig f\u00fcr die Bootsindustrie entworfen und kann in nur wenigen<\/p>\n","protected":false},"featured_media":5945169,"comment_status":"open","ping_status":"closed","template":"","meta":[],"product_brand":[3480],"product_cat":[1565],"product_tag":[],"class_list":{"0":"post-738245","1":"product","2":"type-product","3":"status-publish","4":"has-post-thumbnail","6":"product_brand-tessilmare-de","7":"product_cat-fender-profile","9":"first","10":"instock","11":"shipping-taxable","12":"purchasable","13":"product-type-simple"},"_links":{"self":[{"href":"https:\/\/stoic-curie.212-227-153-4.plesk.page\/de\/wp-json\/wp\/v2\/product\/738245","targetHints":{"allow":["GET"]}}],"collection":[{"href":"https:\/\/stoic-curie.212-227-153-4.plesk.page\/de\/wp-json\/wp\/v2\/product"}],"about":[{"href":"https:\/\/stoic-curie.212-227-153-4.plesk.page\/de\/wp-json\/wp\/v2\/types\/product"}],"replies":[{"embeddable":true,"href":"https:\/\/stoic-curie.212-227-153-4.plesk.page\/de\/wp-json\/wp\/v2\/comments?post=738245"}],"version-history":[{"count":0,"href":"https:\/\/stoic-curie.212-227-153-4.plesk.page\/de\/wp-json\/wp\/v2\/product\/738245\/revisions"}],"wp:featuredmedia":[{"embeddable":true,"href":"https:\/\/stoic-curie.212-227-153-4.plesk.page\/de\/wp-json\/wp\/v2\/media\/5945169"}],"wp:attachment":[{"href":"https:\/\/stoic-curie.212-227-153-4.plesk.page\/de\/wp-json\/wp\/v2\/media?parent=738245"}],"wp:term":[{"taxonomy":"product_brand","embeddable":true,"href":"https:\/\/stoic-curie.212-227-153-4.plesk.page\/de\/wp-json\/wp\/v2\/product_brand?post=738245"},{"taxonomy":"product_cat","embeddable":true,"href":"https:\/\/stoic-curie.212-227-153-4.plesk.page\/de\/wp-json\/wp\/v2\/product_cat?post=738245"},{"taxonomy":"product_tag","embeddable":true,"href":"https:\/\/stoic-curie.212-227-153-4.plesk.page\/de\/wp-json\/wp\/v2\/product_tag?post=738245"}],"curies":[{"name":"wp","href":"https:\/\/api.w.org\/{rel}","templated":true}]}}