{"id":738247,"date":"2025-03-03T17:45:55","date_gmt":"2025-03-03T16:45:55","guid":{"rendered":"https:\/\/stoic-curie.212-227-153-4.plesk.page\/producto\/basis-fuer-tessilmare-radial-85-2m\/"},"modified":"2026-02-24T23:35:17","modified_gmt":"2026-02-24T23:35:17","slug":"basis-fuer-tessilmare-radial-85-2m","status":"publish","type":"product","link":"https:\/\/stoic-curie.212-227-153-4.plesk.page\/de\/product\/basis-fuer-tessilmare-radial-85-2m\/","title":{"rendered":"Basis f\u00fcr Tessilmare Radial 85"},"content":{"rendered":"<p>Basis f\u00fcr Tessilmare Radial 85 &#8211; <\/p>\n<p>Die Tessilmare Radial-Rigid-Supportleisten sind in L\u00e4ngen von 2 Metern erh\u00e4ltlich. Diese robusten Leisten k\u00f6nnen bequem mit Schrauben oder Nieten an Ihrem Boot befestigt werden, ohne dass spezielle Werkzeuge erforderlich sind. Das Tessilmare Fender-Profil verbessert nicht nur die \u00e4sthetische Anziehungskraft Ihres Bootes, sondern erh\u00f6ht auch dessen Funktionalit\u00e4t. Mit patentierten Designs verbindet Tessilmare hohe Sto\u00dffestigkeit mit Stil und Kostenbewusstsein und bietet eine moderne Interpretation traditioneller Schutzleisten. Die Radial-Fender-Profile bieten eine glatte und visuell ansprechende L\u00f6sung, ohne sichtbare Fugen oder scharfe Kanten, was zu einem ordentlicheren und attraktiveren Finish im Vergleich zu herk\u00f6mmlichen Mehrteilige-Rub Rails f\u00fchrt.<\/p>\n<p>Speziell f\u00fcr den Bootssektor konzipiert, kann das Tessilmare Radial in wenigen Minuten montiert werden. Der Installationsprozess ist einfach: Befestigen Sie einfach die Leistenst\u00fccke am Rumpf des Bootes und sichern Sie die \u00e4u\u00dfere Abdeckung \u00fcber der Basis.<\/p>\n","protected":false},"excerpt":{"rendered":"<p>Basis f\u00fcr Tessilmare Radial 85 &#8211; Die Tessilmare Radial-Rigid-Supportleisten sind in L\u00e4ngen von 2 Metern erh\u00e4ltlich. Diese robusten Leisten k\u00f6nnen<\/p>\n","protected":false},"featured_media":5947087,"comment_status":"open","ping_status":"closed","template":"","meta":[],"product_brand":[3480],"product_cat":[1565],"product_tag":[],"class_list":{"0":"post-738247","1":"product","2":"type-product","3":"status-publish","4":"has-post-thumbnail","6":"product_brand-tessilmare-de","7":"product_cat-fender-profile","9":"first","10":"instock","11":"shipping-taxable","12":"purchasable","13":"product-type-simple"},"_links":{"self":[{"href":"https:\/\/stoic-curie.212-227-153-4.plesk.page\/de\/wp-json\/wp\/v2\/product\/738247","targetHints":{"allow":["GET"]}}],"collection":[{"href":"https:\/\/stoic-curie.212-227-153-4.plesk.page\/de\/wp-json\/wp\/v2\/product"}],"about":[{"href":"https:\/\/stoic-curie.212-227-153-4.plesk.page\/de\/wp-json\/wp\/v2\/types\/product"}],"replies":[{"embeddable":true,"href":"https:\/\/stoic-curie.212-227-153-4.plesk.page\/de\/wp-json\/wp\/v2\/comments?post=738247"}],"version-history":[{"count":0,"href":"https:\/\/stoic-curie.212-227-153-4.plesk.page\/de\/wp-json\/wp\/v2\/product\/738247\/revisions"}],"wp:featuredmedia":[{"embeddable":true,"href":"https:\/\/stoic-curie.212-227-153-4.plesk.page\/de\/wp-json\/wp\/v2\/media\/5947087"}],"wp:attachment":[{"href":"https:\/\/stoic-curie.212-227-153-4.plesk.page\/de\/wp-json\/wp\/v2\/media?parent=738247"}],"wp:term":[{"taxonomy":"product_brand","embeddable":true,"href":"https:\/\/stoic-curie.212-227-153-4.plesk.page\/de\/wp-json\/wp\/v2\/product_brand?post=738247"},{"taxonomy":"product_cat","embeddable":true,"href":"https:\/\/stoic-curie.212-227-153-4.plesk.page\/de\/wp-json\/wp\/v2\/product_cat?post=738247"},{"taxonomy":"product_tag","embeddable":true,"href":"https:\/\/stoic-curie.212-227-153-4.plesk.page\/de\/wp-json\/wp\/v2\/product_tag?post=738247"}],"curies":[{"name":"wp","href":"https:\/\/api.w.org\/{rel}","templated":true}]}}