{"id":738248,"date":"2025-03-03T17:45:55","date_gmt":"2025-03-03T16:45:55","guid":{"rendered":"https:\/\/stoic-curie.212-227-153-4.plesk.page\/producto\/tuerschloss-mit-knopf-98-x-58-x-h25-mm\/"},"modified":"2026-02-24T23:35:17","modified_gmt":"2026-02-24T23:35:17","slug":"tuerschloss-mit-knopf-98-x-58-x-h25-mm","status":"publish","type":"product","link":"https:\/\/stoic-curie.212-227-153-4.plesk.page\/de\/product\/tuerschloss-mit-knopf-98-x-58-x-h25-mm\/","title":{"rendered":"T\u00fcrschloss mit Knopf 98 x 58 x H25 mm"},"content":{"rendered":"<p>T\u00fcrschloss mit Knopf 98 x 58 x H25 mm &#8211; <\/p>\n<p>Riegelschloss-Set mit Schl\u00fcsseln, Sicherheitskam, verpacktem Schlagbolzen und runder Knopf zum \u00d6ffnen von innen. Geh\u00e4use aus verchromtem Messing und rostfreien Elementen. Universelles Schloss f\u00fcr Rechts-\/Linksh\u00e4nder.<\/p>\n","protected":false},"excerpt":{"rendered":"<p>T\u00fcrschloss mit Knopf 98 x 58 x H25 mm &#8211; Riegelschloss-Set mit Schl\u00fcsseln, Sicherheitskam, verpacktem Schlagbolzen und runder Knopf zum<\/p>\n","protected":false},"featured_media":5947173,"comment_status":"open","ping_status":"closed","template":"","meta":[],"product_brand":[2945],"product_cat":[1421],"product_tag":[],"class_list":{"0":"post-738248","1":"product","2":"type-product","3":"status-publish","4":"has-post-thumbnail","6":"product_brand-foresti-suardi-de","7":"product_cat-tuerschloesser","9":"first","10":"instock","11":"shipping-taxable","12":"purchasable","13":"product-type-simple"},"_links":{"self":[{"href":"https:\/\/stoic-curie.212-227-153-4.plesk.page\/de\/wp-json\/wp\/v2\/product\/738248","targetHints":{"allow":["GET"]}}],"collection":[{"href":"https:\/\/stoic-curie.212-227-153-4.plesk.page\/de\/wp-json\/wp\/v2\/product"}],"about":[{"href":"https:\/\/stoic-curie.212-227-153-4.plesk.page\/de\/wp-json\/wp\/v2\/types\/product"}],"replies":[{"embeddable":true,"href":"https:\/\/stoic-curie.212-227-153-4.plesk.page\/de\/wp-json\/wp\/v2\/comments?post=738248"}],"version-history":[{"count":0,"href":"https:\/\/stoic-curie.212-227-153-4.plesk.page\/de\/wp-json\/wp\/v2\/product\/738248\/revisions"}],"wp:featuredmedia":[{"embeddable":true,"href":"https:\/\/stoic-curie.212-227-153-4.plesk.page\/de\/wp-json\/wp\/v2\/media\/5947173"}],"wp:attachment":[{"href":"https:\/\/stoic-curie.212-227-153-4.plesk.page\/de\/wp-json\/wp\/v2\/media?parent=738248"}],"wp:term":[{"taxonomy":"product_brand","embeddable":true,"href":"https:\/\/stoic-curie.212-227-153-4.plesk.page\/de\/wp-json\/wp\/v2\/product_brand?post=738248"},{"taxonomy":"product_cat","embeddable":true,"href":"https:\/\/stoic-curie.212-227-153-4.plesk.page\/de\/wp-json\/wp\/v2\/product_cat?post=738248"},{"taxonomy":"product_tag","embeddable":true,"href":"https:\/\/stoic-curie.212-227-153-4.plesk.page\/de\/wp-json\/wp\/v2\/product_tag?post=738248"}],"curies":[{"name":"wp","href":"https:\/\/api.w.org\/{rel}","templated":true}]}}