{"id":738251,"date":"2025-03-03T17:45:56","date_gmt":"2025-03-03T16:45:56","guid":{"rendered":"https:\/\/stoic-curie.212-227-153-4.plesk.page\/producto\/edelstahl-tuerschloss-rechts\/"},"modified":"2026-02-24T23:35:17","modified_gmt":"2026-02-24T23:35:17","slug":"edelstahl-tuerschloss-rechts","status":"publish","type":"product","link":"https:\/\/stoic-curie.212-227-153-4.plesk.page\/de\/product\/edelstahl-tuerschloss-rechts\/","title":{"rendered":"Edelstahl-T\u00fcrschloss Rechts"},"content":{"rendered":"<p>Edelstahl-T\u00fcrschloss Rechts &#8211; <\/p>\n<p>Privatsph\u00e4re-T\u00fcrverschluss mit Schl\u00fcsseln, ideal f\u00fcr T\u00fcren, Klappen und Schr\u00e4nke. Komplett mit einem internen Privatsph\u00e4re-Schnappschloss. Geh\u00e4use und Komponenten aus 316 Edelstahl und Nylon. Der Schlie\u00dfblech muss separat erworben werden. T\u00fcrdicke 1722 mm.<\/p>\n","protected":false},"excerpt":{"rendered":"<p>Edelstahl-T\u00fcrschloss Rechts &#8211; Privatsph\u00e4re-T\u00fcrverschluss mit Schl\u00fcsseln, ideal f\u00fcr T\u00fcren, Klappen und Schr\u00e4nke. Komplett mit einem internen Privatsph\u00e4re-Schnappschloss. Geh\u00e4use und Komponenten<\/p>\n","protected":false},"featured_media":5947174,"comment_status":"open","ping_status":"closed","template":"","meta":[],"product_brand":[2945],"product_cat":[1421],"product_tag":[],"class_list":{"0":"post-738251","1":"product","2":"type-product","3":"status-publish","4":"has-post-thumbnail","6":"product_brand-foresti-suardi-de","7":"product_cat-tuerschloesser","9":"first","10":"instock","11":"shipping-taxable","12":"purchasable","13":"product-type-simple"},"_links":{"self":[{"href":"https:\/\/stoic-curie.212-227-153-4.plesk.page\/de\/wp-json\/wp\/v2\/product\/738251","targetHints":{"allow":["GET"]}}],"collection":[{"href":"https:\/\/stoic-curie.212-227-153-4.plesk.page\/de\/wp-json\/wp\/v2\/product"}],"about":[{"href":"https:\/\/stoic-curie.212-227-153-4.plesk.page\/de\/wp-json\/wp\/v2\/types\/product"}],"replies":[{"embeddable":true,"href":"https:\/\/stoic-curie.212-227-153-4.plesk.page\/de\/wp-json\/wp\/v2\/comments?post=738251"}],"version-history":[{"count":0,"href":"https:\/\/stoic-curie.212-227-153-4.plesk.page\/de\/wp-json\/wp\/v2\/product\/738251\/revisions"}],"wp:featuredmedia":[{"embeddable":true,"href":"https:\/\/stoic-curie.212-227-153-4.plesk.page\/de\/wp-json\/wp\/v2\/media\/5947174"}],"wp:attachment":[{"href":"https:\/\/stoic-curie.212-227-153-4.plesk.page\/de\/wp-json\/wp\/v2\/media?parent=738251"}],"wp:term":[{"taxonomy":"product_brand","embeddable":true,"href":"https:\/\/stoic-curie.212-227-153-4.plesk.page\/de\/wp-json\/wp\/v2\/product_brand?post=738251"},{"taxonomy":"product_cat","embeddable":true,"href":"https:\/\/stoic-curie.212-227-153-4.plesk.page\/de\/wp-json\/wp\/v2\/product_cat?post=738251"},{"taxonomy":"product_tag","embeddable":true,"href":"https:\/\/stoic-curie.212-227-153-4.plesk.page\/de\/wp-json\/wp\/v2\/product_tag?post=738251"}],"curies":[{"name":"wp","href":"https:\/\/api.w.org\/{rel}","templated":true}]}}