{"id":738252,"date":"2025-03-03T17:45:56","date_gmt":"2025-03-03T16:45:56","guid":{"rendered":"https:\/\/stoic-curie.212-227-153-4.plesk.page\/producto\/einsteckschloss-158-x-87-x-20mm\/"},"modified":"2026-02-24T23:35:17","modified_gmt":"2026-02-24T23:35:17","slug":"einsteckschloss-158-x-87-x-20mm","status":"publish","type":"product","link":"https:\/\/stoic-curie.212-227-153-4.plesk.page\/de\/product\/einsteckschloss-158-x-87-x-20mm\/","title":{"rendered":"Einsteckschloss 158 x 87 x 20mm"},"content":{"rendered":"<p>Einsteckschloss 158 x 87 x 20mm &#8211; <\/p>\n<p>Schiebet\u00fcr-Zentralverschluss mit fl\u00e4chenb\u00fcndigen Griffen, flachem Schlie\u00dfblech, Schl\u00fcsseln und Edelstahlplatten. Rostfreie Materialien. Minimale T\u00fcrdicke 20 mm. Universelle R\/L-Schloss-H\u00e4ndigkeit.<\/p>\n","protected":false},"excerpt":{"rendered":"<p>Einsteckschloss 158 x 87 x 20mm &#8211; Schiebet\u00fcr-Zentralverschluss mit fl\u00e4chenb\u00fcndigen Griffen, flachem Schlie\u00dfblech, Schl\u00fcsseln und Edelstahlplatten. Rostfreie Materialien. Minimale T\u00fcrdicke<\/p>\n","protected":false},"featured_media":5947181,"comment_status":"open","ping_status":"closed","template":"","meta":[],"product_brand":[2945],"product_cat":[1421],"product_tag":[],"class_list":{"0":"post-738252","1":"product","2":"type-product","3":"status-publish","4":"has-post-thumbnail","6":"product_brand-foresti-suardi-de","7":"product_cat-tuerschloesser","9":"first","10":"instock","11":"shipping-taxable","12":"purchasable","13":"product-type-simple"},"_links":{"self":[{"href":"https:\/\/stoic-curie.212-227-153-4.plesk.page\/de\/wp-json\/wp\/v2\/product\/738252","targetHints":{"allow":["GET"]}}],"collection":[{"href":"https:\/\/stoic-curie.212-227-153-4.plesk.page\/de\/wp-json\/wp\/v2\/product"}],"about":[{"href":"https:\/\/stoic-curie.212-227-153-4.plesk.page\/de\/wp-json\/wp\/v2\/types\/product"}],"replies":[{"embeddable":true,"href":"https:\/\/stoic-curie.212-227-153-4.plesk.page\/de\/wp-json\/wp\/v2\/comments?post=738252"}],"version-history":[{"count":0,"href":"https:\/\/stoic-curie.212-227-153-4.plesk.page\/de\/wp-json\/wp\/v2\/product\/738252\/revisions"}],"wp:featuredmedia":[{"embeddable":true,"href":"https:\/\/stoic-curie.212-227-153-4.plesk.page\/de\/wp-json\/wp\/v2\/media\/5947181"}],"wp:attachment":[{"href":"https:\/\/stoic-curie.212-227-153-4.plesk.page\/de\/wp-json\/wp\/v2\/media?parent=738252"}],"wp:term":[{"taxonomy":"product_brand","embeddable":true,"href":"https:\/\/stoic-curie.212-227-153-4.plesk.page\/de\/wp-json\/wp\/v2\/product_brand?post=738252"},{"taxonomy":"product_cat","embeddable":true,"href":"https:\/\/stoic-curie.212-227-153-4.plesk.page\/de\/wp-json\/wp\/v2\/product_cat?post=738252"},{"taxonomy":"product_tag","embeddable":true,"href":"https:\/\/stoic-curie.212-227-153-4.plesk.page\/de\/wp-json\/wp\/v2\/product_tag?post=738252"}],"curies":[{"name":"wp","href":"https:\/\/api.w.org\/{rel}","templated":true}]}}