{"id":738253,"date":"2025-03-03T17:45:56","date_gmt":"2025-03-03T16:45:56","guid":{"rendered":"https:\/\/stoic-curie.212-227-153-4.plesk.page\/producto\/butt-reibungsscharnier-76x50\/"},"modified":"2026-02-24T23:35:17","modified_gmt":"2026-02-24T23:35:17","slug":"butt-reibungsscharnier-76x50","status":"publish","type":"product","link":"https:\/\/stoic-curie.212-227-153-4.plesk.page\/de\/product\/butt-reibungsscharnier-76x50\/","title":{"rendered":"Butt-Reibungsscharnier 76&#215;50"},"content":{"rendered":"<p>Butt-Reibungsscharnier 76&#215;50 &#8211; <\/p>\n<p>Roca Edelstahl-Scharnier mit GEM Bronze-Lagern. Entwickelt f\u00fcr den maritimen Einsatz erm\u00f6glicht es das \u00d6ffnen und Schlie\u00dfen von T\u00fcren, Klappen und F\u00e4chern, ohne dass es durch Spiel oder Windb\u00f6en zu Besch\u00e4digungen kommt. Das Reibmoment kann mit einer Innensechskantschraube am Stift eingestellt werden, um die Effektivit\u00e4t zu erh\u00f6hen.<\/p>\n","protected":false},"excerpt":{"rendered":"<p>Butt-Reibungsscharnier 76&#215;50 &#8211; Roca Edelstahl-Scharnier mit GEM Bronze-Lagern. Entwickelt f\u00fcr den maritimen Einsatz erm\u00f6glicht es das \u00d6ffnen und Schlie\u00dfen von<\/p>\n","protected":false},"featured_media":5947202,"comment_status":"open","ping_status":"closed","template":"","meta":[],"product_brand":[3235],"product_cat":[1424],"product_tag":[],"class_list":{"0":"post-738253","1":"product","2":"type-product","3":"status-publish","4":"has-post-thumbnail","6":"product_brand-osculati-de","7":"product_cat-scharniere","9":"first","10":"instock","11":"shipping-taxable","12":"purchasable","13":"product-type-simple"},"_links":{"self":[{"href":"https:\/\/stoic-curie.212-227-153-4.plesk.page\/de\/wp-json\/wp\/v2\/product\/738253","targetHints":{"allow":["GET"]}}],"collection":[{"href":"https:\/\/stoic-curie.212-227-153-4.plesk.page\/de\/wp-json\/wp\/v2\/product"}],"about":[{"href":"https:\/\/stoic-curie.212-227-153-4.plesk.page\/de\/wp-json\/wp\/v2\/types\/product"}],"replies":[{"embeddable":true,"href":"https:\/\/stoic-curie.212-227-153-4.plesk.page\/de\/wp-json\/wp\/v2\/comments?post=738253"}],"version-history":[{"count":0,"href":"https:\/\/stoic-curie.212-227-153-4.plesk.page\/de\/wp-json\/wp\/v2\/product\/738253\/revisions"}],"wp:featuredmedia":[{"embeddable":true,"href":"https:\/\/stoic-curie.212-227-153-4.plesk.page\/de\/wp-json\/wp\/v2\/media\/5947202"}],"wp:attachment":[{"href":"https:\/\/stoic-curie.212-227-153-4.plesk.page\/de\/wp-json\/wp\/v2\/media?parent=738253"}],"wp:term":[{"taxonomy":"product_brand","embeddable":true,"href":"https:\/\/stoic-curie.212-227-153-4.plesk.page\/de\/wp-json\/wp\/v2\/product_brand?post=738253"},{"taxonomy":"product_cat","embeddable":true,"href":"https:\/\/stoic-curie.212-227-153-4.plesk.page\/de\/wp-json\/wp\/v2\/product_cat?post=738253"},{"taxonomy":"product_tag","embeddable":true,"href":"https:\/\/stoic-curie.212-227-153-4.plesk.page\/de\/wp-json\/wp\/v2\/product_tag?post=738253"}],"curies":[{"name":"wp","href":"https:\/\/api.w.org\/{rel}","templated":true}]}}