{"id":738254,"date":"2025-03-03T17:45:57","date_gmt":"2025-03-03T16:45:57","guid":{"rendered":"https:\/\/stoic-curie.212-227-153-4.plesk.page\/producto\/glatte-runde-seitenreibungsangel-38x76\/"},"modified":"2026-02-24T23:35:17","modified_gmt":"2026-02-24T23:35:17","slug":"glatte-runde-seitenreibungsangel-38x76","status":"publish","type":"product","link":"https:\/\/stoic-curie.212-227-153-4.plesk.page\/de\/product\/glatte-runde-seitenreibungsangel-38x76\/","title":{"rendered":"Glatte runde Seitenreibungsangel 38&#215;76"},"content":{"rendered":"<p>Glatte runde Seitenreibungsangel 38&#215;76 &#8211; <\/p>\n<p>Friction-Scharnier aus rostfreiem Stahl von Roca mit GEM-Bronzelagern. Entwickelt f\u00fcr die maritime Umgebung, erm\u00f6glicht es das \u00d6ffnen und Schlie\u00dfen von T\u00fcren, Klappen und Schr\u00e4nken, ohne dass es zu Aufprall oder Besch\u00e4digungen durch Spiel oder Windb\u00f6en kommt. Das Reibungsdrehmoment kann mit einer Inbusschraube am Bolzen eingestellt werden, um die Effektivit\u00e4t zu erh\u00f6hen.<\/p>\n","protected":false},"excerpt":{"rendered":"<p>Glatte runde Seitenreibungsangel 38&#215;76 &#8211; Friction-Scharnier aus rostfreiem Stahl von Roca mit GEM-Bronzelagern. Entwickelt f\u00fcr die maritime Umgebung, erm\u00f6glicht es<\/p>\n","protected":false},"featured_media":5947206,"comment_status":"open","ping_status":"closed","template":"","meta":[],"product_brand":[2208,3315],"product_cat":[1424],"product_tag":[],"class_list":{"0":"post-738254","1":"product","2":"type-product","3":"status-publish","4":"has-post-thumbnail","6":"product_brand-roca-marine","7":"product_brand-roca-marine-de","8":"product_cat-scharniere","10":"first","11":"instock","12":"shipping-taxable","13":"purchasable","14":"product-type-simple"},"_links":{"self":[{"href":"https:\/\/stoic-curie.212-227-153-4.plesk.page\/de\/wp-json\/wp\/v2\/product\/738254","targetHints":{"allow":["GET"]}}],"collection":[{"href":"https:\/\/stoic-curie.212-227-153-4.plesk.page\/de\/wp-json\/wp\/v2\/product"}],"about":[{"href":"https:\/\/stoic-curie.212-227-153-4.plesk.page\/de\/wp-json\/wp\/v2\/types\/product"}],"replies":[{"embeddable":true,"href":"https:\/\/stoic-curie.212-227-153-4.plesk.page\/de\/wp-json\/wp\/v2\/comments?post=738254"}],"version-history":[{"count":0,"href":"https:\/\/stoic-curie.212-227-153-4.plesk.page\/de\/wp-json\/wp\/v2\/product\/738254\/revisions"}],"wp:featuredmedia":[{"embeddable":true,"href":"https:\/\/stoic-curie.212-227-153-4.plesk.page\/de\/wp-json\/wp\/v2\/media\/5947206"}],"wp:attachment":[{"href":"https:\/\/stoic-curie.212-227-153-4.plesk.page\/de\/wp-json\/wp\/v2\/media?parent=738254"}],"wp:term":[{"taxonomy":"product_brand","embeddable":true,"href":"https:\/\/stoic-curie.212-227-153-4.plesk.page\/de\/wp-json\/wp\/v2\/product_brand?post=738254"},{"taxonomy":"product_cat","embeddable":true,"href":"https:\/\/stoic-curie.212-227-153-4.plesk.page\/de\/wp-json\/wp\/v2\/product_cat?post=738254"},{"taxonomy":"product_tag","embeddable":true,"href":"https:\/\/stoic-curie.212-227-153-4.plesk.page\/de\/wp-json\/wp\/v2\/product_tag?post=738254"}],"curies":[{"name":"wp","href":"https:\/\/api.w.org\/{rel}","templated":true}]}}