{"id":738255,"date":"2025-03-03T17:45:57","date_gmt":"2025-03-03T16:45:57","guid":{"rendered":"https:\/\/stoic-curie.212-227-153-4.plesk.page\/producto\/edelstahl-reibungsscharnier-123-x-285-mm\/"},"modified":"2026-02-24T23:35:17","modified_gmt":"2026-02-24T23:35:17","slug":"edelstahl-reibungsscharnier-123-x-285-mm","status":"publish","type":"product","link":"https:\/\/stoic-curie.212-227-153-4.plesk.page\/de\/product\/edelstahl-reibungsscharnier-123-x-285-mm\/","title":{"rendered":"Edelstahl-Reibungsscharnier 123 x 28,5 mm"},"content":{"rendered":"<p>Edelstahl-Reibungsscharnier 123 x 28,5 mm &#8211; <\/p>\n<p>Friction-Scharnier aus A4 316 Edelstahl mit 1,9 Nm Drehmoment und vibrationshemmenden Komponenten. Damit k\u00f6nnen T\u00fcren, Klappen und F\u00e4cher ge\u00f6ffnet und geschlossen werden, ohne dass es zu Aufprallen oder Sch\u00e4den durch Spiel oder Windb\u00f6en kommt.<\/p>\n","protected":false},"excerpt":{"rendered":"<p>Edelstahl-Reibungsscharnier 123 x 28,5 mm &#8211; Friction-Scharnier aus A4 316 Edelstahl mit 1,9 Nm Drehmoment und vibrationshemmenden Komponenten. Damit k\u00f6nnen<\/p>\n","protected":false},"featured_media":5947216,"comment_status":"open","ping_status":"closed","template":"","meta":[],"product_brand":[3235],"product_cat":[1424],"product_tag":[],"class_list":{"0":"post-738255","1":"product","2":"type-product","3":"status-publish","4":"has-post-thumbnail","6":"product_brand-osculati-de","7":"product_cat-scharniere","9":"first","10":"instock","11":"shipping-taxable","12":"purchasable","13":"product-type-simple"},"_links":{"self":[{"href":"https:\/\/stoic-curie.212-227-153-4.plesk.page\/de\/wp-json\/wp\/v2\/product\/738255","targetHints":{"allow":["GET"]}}],"collection":[{"href":"https:\/\/stoic-curie.212-227-153-4.plesk.page\/de\/wp-json\/wp\/v2\/product"}],"about":[{"href":"https:\/\/stoic-curie.212-227-153-4.plesk.page\/de\/wp-json\/wp\/v2\/types\/product"}],"replies":[{"embeddable":true,"href":"https:\/\/stoic-curie.212-227-153-4.plesk.page\/de\/wp-json\/wp\/v2\/comments?post=738255"}],"version-history":[{"count":0,"href":"https:\/\/stoic-curie.212-227-153-4.plesk.page\/de\/wp-json\/wp\/v2\/product\/738255\/revisions"}],"wp:featuredmedia":[{"embeddable":true,"href":"https:\/\/stoic-curie.212-227-153-4.plesk.page\/de\/wp-json\/wp\/v2\/media\/5947216"}],"wp:attachment":[{"href":"https:\/\/stoic-curie.212-227-153-4.plesk.page\/de\/wp-json\/wp\/v2\/media?parent=738255"}],"wp:term":[{"taxonomy":"product_brand","embeddable":true,"href":"https:\/\/stoic-curie.212-227-153-4.plesk.page\/de\/wp-json\/wp\/v2\/product_brand?post=738255"},{"taxonomy":"product_cat","embeddable":true,"href":"https:\/\/stoic-curie.212-227-153-4.plesk.page\/de\/wp-json\/wp\/v2\/product_cat?post=738255"},{"taxonomy":"product_tag","embeddable":true,"href":"https:\/\/stoic-curie.212-227-153-4.plesk.page\/de\/wp-json\/wp\/v2\/product_tag?post=738255"}],"curies":[{"name":"wp","href":"https:\/\/api.w.org\/{rel}","templated":true}]}}