{"id":738256,"date":"2025-03-03T17:45:57","date_gmt":"2025-03-03T16:45:57","guid":{"rendered":"https:\/\/stoic-curie.212-227-153-4.plesk.page\/producto\/edelstahl-reibungsscharnier-130-x-45-mm\/"},"modified":"2026-02-24T23:35:17","modified_gmt":"2026-02-24T23:35:17","slug":"edelstahl-reibungsscharnier-130-x-45-mm","status":"publish","type":"product","link":"https:\/\/stoic-curie.212-227-153-4.plesk.page\/de\/product\/edelstahl-reibungsscharnier-130-x-45-mm\/","title":{"rendered":"Edelstahl-Reibungsscharnier 130 x 45 mm"},"content":{"rendered":"<p>Edelstahl-Reibungsscharnier 130 x 45 mm &#8211; <\/p>\n<p>A4 316 Edelstahl Reibungsd\u00e4mpfer mit 2,0 Nm Drehmoment und Antivibrationskomponenten. Er\u00f6ffnen und Schlie\u00dfen von T\u00fcren, Klappen und Schr\u00e4nken ohne Aufprall und Sch\u00e4den durch Spiel oder Windb\u00f6en.<\/p>\n","protected":false},"excerpt":{"rendered":"<p>Edelstahl-Reibungsscharnier 130 x 45 mm &#8211; A4 316 Edelstahl Reibungsd\u00e4mpfer mit 2,0 Nm Drehmoment und Antivibrationskomponenten. Er\u00f6ffnen und Schlie\u00dfen von<\/p>\n","protected":false},"featured_media":5947222,"comment_status":"open","ping_status":"closed","template":"","meta":[],"product_brand":[3235],"product_cat":[1424],"product_tag":[],"class_list":{"0":"post-738256","1":"product","2":"type-product","3":"status-publish","4":"has-post-thumbnail","6":"product_brand-osculati-de","7":"product_cat-scharniere","9":"first","10":"instock","11":"shipping-taxable","12":"purchasable","13":"product-type-simple"},"_links":{"self":[{"href":"https:\/\/stoic-curie.212-227-153-4.plesk.page\/de\/wp-json\/wp\/v2\/product\/738256","targetHints":{"allow":["GET"]}}],"collection":[{"href":"https:\/\/stoic-curie.212-227-153-4.plesk.page\/de\/wp-json\/wp\/v2\/product"}],"about":[{"href":"https:\/\/stoic-curie.212-227-153-4.plesk.page\/de\/wp-json\/wp\/v2\/types\/product"}],"replies":[{"embeddable":true,"href":"https:\/\/stoic-curie.212-227-153-4.plesk.page\/de\/wp-json\/wp\/v2\/comments?post=738256"}],"version-history":[{"count":0,"href":"https:\/\/stoic-curie.212-227-153-4.plesk.page\/de\/wp-json\/wp\/v2\/product\/738256\/revisions"}],"wp:featuredmedia":[{"embeddable":true,"href":"https:\/\/stoic-curie.212-227-153-4.plesk.page\/de\/wp-json\/wp\/v2\/media\/5947222"}],"wp:attachment":[{"href":"https:\/\/stoic-curie.212-227-153-4.plesk.page\/de\/wp-json\/wp\/v2\/media?parent=738256"}],"wp:term":[{"taxonomy":"product_brand","embeddable":true,"href":"https:\/\/stoic-curie.212-227-153-4.plesk.page\/de\/wp-json\/wp\/v2\/product_brand?post=738256"},{"taxonomy":"product_cat","embeddable":true,"href":"https:\/\/stoic-curie.212-227-153-4.plesk.page\/de\/wp-json\/wp\/v2\/product_cat?post=738256"},{"taxonomy":"product_tag","embeddable":true,"href":"https:\/\/stoic-curie.212-227-153-4.plesk.page\/de\/wp-json\/wp\/v2\/product_tag?post=738256"}],"curies":[{"name":"wp","href":"https:\/\/api.w.org\/{rel}","templated":true}]}}