{"id":738262,"date":"2025-03-03T17:45:58","date_gmt":"2025-03-03T16:45:58","guid":{"rendered":"https:\/\/stoic-curie.212-227-153-4.plesk.page\/producto\/polymere-plattform-355-x-450-mm-mit-3-stufiger-leiter\/"},"modified":"2026-02-24T23:35:18","modified_gmt":"2026-02-24T23:35:18","slug":"polymere-plattform-355-x-450-mm-mit-3-stufiger-leiter","status":"publish","type":"product","link":"https:\/\/stoic-curie.212-227-153-4.plesk.page\/de\/product\/polymere-plattform-355-x-450-mm-mit-3-stufiger-leiter\/","title":{"rendered":"Polymere Plattform 355 x 450 mm mit 3-stufiger Leiter"},"content":{"rendered":"<p>Polymere Plattform 355 x 450 mm mit 3-stufiger Leiter &#8211; <\/p>\n<p>Edelstahl-Tansomsplattform mit Polymer-Basis und 3-stufiger teleskopierbarer Leiters\u00e4ule. Einzelhandlauf \u00f8 22 f\u00fcr mehr freien Durchgang.<\/p>\n","protected":false},"excerpt":{"rendered":"<p>Polymere Plattform 355 x 450 mm mit 3-stufiger Leiter &#8211; Edelstahl-Tansomsplattform mit Polymer-Basis und 3-stufiger teleskopierbarer Leiters\u00e4ule. Einzelhandlauf \u00f8 22<\/p>\n","protected":false},"featured_media":5947249,"comment_status":"open","ping_status":"closed","template":"","meta":[],"product_brand":[3490],"product_cat":[1331],"product_tag":[],"class_list":{"0":"post-738262","1":"product","2":"type-product","3":"status-publish","4":"has-post-thumbnail","6":"product_brand-trem-de","7":"product_cat-bootsleitern","9":"first","10":"instock","11":"shipping-taxable","12":"purchasable","13":"product-type-simple"},"_links":{"self":[{"href":"https:\/\/stoic-curie.212-227-153-4.plesk.page\/de\/wp-json\/wp\/v2\/product\/738262","targetHints":{"allow":["GET"]}}],"collection":[{"href":"https:\/\/stoic-curie.212-227-153-4.plesk.page\/de\/wp-json\/wp\/v2\/product"}],"about":[{"href":"https:\/\/stoic-curie.212-227-153-4.plesk.page\/de\/wp-json\/wp\/v2\/types\/product"}],"replies":[{"embeddable":true,"href":"https:\/\/stoic-curie.212-227-153-4.plesk.page\/de\/wp-json\/wp\/v2\/comments?post=738262"}],"version-history":[{"count":0,"href":"https:\/\/stoic-curie.212-227-153-4.plesk.page\/de\/wp-json\/wp\/v2\/product\/738262\/revisions"}],"wp:featuredmedia":[{"embeddable":true,"href":"https:\/\/stoic-curie.212-227-153-4.plesk.page\/de\/wp-json\/wp\/v2\/media\/5947249"}],"wp:attachment":[{"href":"https:\/\/stoic-curie.212-227-153-4.plesk.page\/de\/wp-json\/wp\/v2\/media?parent=738262"}],"wp:term":[{"taxonomy":"product_brand","embeddable":true,"href":"https:\/\/stoic-curie.212-227-153-4.plesk.page\/de\/wp-json\/wp\/v2\/product_brand?post=738262"},{"taxonomy":"product_cat","embeddable":true,"href":"https:\/\/stoic-curie.212-227-153-4.plesk.page\/de\/wp-json\/wp\/v2\/product_cat?post=738262"},{"taxonomy":"product_tag","embeddable":true,"href":"https:\/\/stoic-curie.212-227-153-4.plesk.page\/de\/wp-json\/wp\/v2\/product_tag?post=738262"}],"curies":[{"name":"wp","href":"https:\/\/api.w.org\/{rel}","templated":true}]}}