{"id":738263,"date":"2025-03-03T17:45:59","date_gmt":"2025-03-03T16:45:59","guid":{"rendered":"https:\/\/stoic-curie.212-227-153-4.plesk.page\/producto\/kohlefaser-klappsteg-260-x-45-cm\/"},"modified":"2026-02-24T23:35:18","modified_gmt":"2026-02-24T23:35:18","slug":"kohlefaser-klappsteg-260-x-45-cm","status":"publish","type":"product","link":"https:\/\/stoic-curie.212-227-153-4.plesk.page\/de\/product\/kohlefaser-klappsteg-260-x-45-cm\/","title":{"rendered":"Kohlefaser-Klappsteg 260 x 45 cm"},"content":{"rendered":"<p>Kohlefaser-Klappsteg 260 x 45 cm &#8211; <\/p>\n<p>Wir freuen uns, Ihnen ein au\u00dfergew\u00f6hnlich robustes, aber \u00fcberraschend leichtes Gangway vorzustellen, das fachm\u00e4nnisch aus einem Verbundmaterial hergestellt ist, das die Haltbarkeit von Kohlefaser mit modernsten Polymeren verbindet. Diese hochmoderne Gangway ist als eine einzige, durchgehende Einheit konzipiert, wodurch die Notwendigkeit von Bindetechniken entf\u00e4llt, was ihre strukturelle Festigkeit und Benutzerfreundlichkeit erh\u00f6ht. Zur Ihrer Bequemlichkeit ist sie mit einem Stift und einer b\u00fcndigen Montagesockel ausgestattet, die eine einfache Installation auf Ihrem Boot erm\u00f6glichen.<\/p>\n<p>Ein bemerkenswertes Merkmal dieser Gangway ist ihre Auftriebskraft, die gew\u00e4hrleistet, dass sie selbst unter schwierigen Bedingungen schwimmt. Dar\u00fcber hinaus ist sie korrosionsbest\u00e4ndig, was sie zu einer ausgezeichneten Wahl f\u00fcr maritime Umgebungen macht, und sie ist immun gegen UV-Sch\u00e4den, was dazu beitr\u00e4gt, ihre \u00c4sthetik und Funktionalit\u00e4t \u00fcber die Zeit zu erhalten. Die Gangway verf\u00fcgt \u00fcber eine rutschfeste Oberfl\u00e4che, die Sicherheit und Stabilit\u00e4t w\u00e4hrend des Gebrauchs gew\u00e4hrleistet, und ist zus\u00e4tzlich mit elastischem Schutzband versehen, um unsch\u00f6ne Kratzer zu vermeiden. Dar\u00fcber hinaus ist ein Stanchion-Kit als Zubeh\u00f6r erh\u00e4ltlich (Referenz 0607888), um Ihre Ausstattung weiter zu verbessern.<\/p>\n","protected":false},"excerpt":{"rendered":"<p>Kohlefaser-Klappsteg 260 x 45 cm &#8211; Wir freuen uns, Ihnen ein au\u00dfergew\u00f6hnlich robustes, aber \u00fcberraschend leichtes Gangway vorzustellen, das fachm\u00e4nnisch<\/p>\n","protected":false},"featured_media":5947252,"comment_status":"open","ping_status":"closed","template":"","meta":[],"product_brand":[3490],"product_cat":[1325],"product_tag":[],"class_list":{"0":"post-738263","1":"product","2":"type-product","3":"status-publish","4":"has-post-thumbnail","6":"product_brand-trem-de","7":"product_cat-gangways-festmachen-und-ankern","9":"first","10":"instock","11":"shipping-taxable","12":"purchasable","13":"product-type-simple"},"_links":{"self":[{"href":"https:\/\/stoic-curie.212-227-153-4.plesk.page\/de\/wp-json\/wp\/v2\/product\/738263","targetHints":{"allow":["GET"]}}],"collection":[{"href":"https:\/\/stoic-curie.212-227-153-4.plesk.page\/de\/wp-json\/wp\/v2\/product"}],"about":[{"href":"https:\/\/stoic-curie.212-227-153-4.plesk.page\/de\/wp-json\/wp\/v2\/types\/product"}],"replies":[{"embeddable":true,"href":"https:\/\/stoic-curie.212-227-153-4.plesk.page\/de\/wp-json\/wp\/v2\/comments?post=738263"}],"version-history":[{"count":0,"href":"https:\/\/stoic-curie.212-227-153-4.plesk.page\/de\/wp-json\/wp\/v2\/product\/738263\/revisions"}],"wp:featuredmedia":[{"embeddable":true,"href":"https:\/\/stoic-curie.212-227-153-4.plesk.page\/de\/wp-json\/wp\/v2\/media\/5947252"}],"wp:attachment":[{"href":"https:\/\/stoic-curie.212-227-153-4.plesk.page\/de\/wp-json\/wp\/v2\/media?parent=738263"}],"wp:term":[{"taxonomy":"product_brand","embeddable":true,"href":"https:\/\/stoic-curie.212-227-153-4.plesk.page\/de\/wp-json\/wp\/v2\/product_brand?post=738263"},{"taxonomy":"product_cat","embeddable":true,"href":"https:\/\/stoic-curie.212-227-153-4.plesk.page\/de\/wp-json\/wp\/v2\/product_cat?post=738263"},{"taxonomy":"product_tag","embeddable":true,"href":"https:\/\/stoic-curie.212-227-153-4.plesk.page\/de\/wp-json\/wp\/v2\/product_tag?post=738263"}],"curies":[{"name":"wp","href":"https:\/\/api.w.org\/{rel}","templated":true}]}}