{"id":738269,"date":"2025-03-03T17:46:45","date_gmt":"2025-03-03T16:46:45","guid":{"rendered":"https:\/\/stoic-curie.212-227-153-4.plesk.page\/producto\/teakhocker-schwarz-mb-45-x-36-x-h46\/"},"modified":"2026-02-24T23:35:18","modified_gmt":"2026-02-24T23:35:18","slug":"teakhocker-schwarz-mb-45-x-36-x-h46","status":"publish","type":"product","link":"https:\/\/stoic-curie.212-227-153-4.plesk.page\/de\/product\/teakhocker-schwarz-mb-45-x-36-x-h46\/","title":{"rendered":"Teakhocker Schwarz MB 45 x 36 x H46"},"content":{"rendered":"<p>Teakhocker Schwarz MB 45 x 36 x H46 &#8211; <\/p>\n<p>Faltbarer Deckstuhl aus hochwertigem Teakholz f\u00fcr den maritimen Einsatz, UV-best\u00e4ndig. Ausgestattet mit Schrauben und Edelstahlbeschl\u00e4gen sowie versenkten Scharnieren. Rei\u00dffester Olefin-Stoff, der Wasser abweist, sonnenbest\u00e4ndig ist (verliert keine Farbe) und auch mit Bleichmittel gewaschen werden kann. Ersatzstoff in 5 Farben erh\u00e4ltlich.<\/p>\n","protected":false},"excerpt":{"rendered":"<p>Teakhocker Schwarz MB 45 x 36 x H46 &#8211; Faltbarer Deckstuhl aus hochwertigem Teakholz f\u00fcr den maritimen Einsatz, UV-best\u00e4ndig. Ausgestattet<\/p>\n","protected":false},"featured_media":5947295,"comment_status":"open","ping_status":"closed","template":"","meta":[],"product_brand":[3110],"product_cat":[1355],"product_tag":[],"class_list":{"0":"post-738269","1":"product","2":"type-product","3":"status-publish","4":"has-post-thumbnail","6":"product_brand-marine-business-mb-de","7":"product_cat-stuehle-und-tische","9":"first","10":"instock","11":"shipping-taxable","12":"purchasable","13":"product-type-simple"},"_links":{"self":[{"href":"https:\/\/stoic-curie.212-227-153-4.plesk.page\/de\/wp-json\/wp\/v2\/product\/738269","targetHints":{"allow":["GET"]}}],"collection":[{"href":"https:\/\/stoic-curie.212-227-153-4.plesk.page\/de\/wp-json\/wp\/v2\/product"}],"about":[{"href":"https:\/\/stoic-curie.212-227-153-4.plesk.page\/de\/wp-json\/wp\/v2\/types\/product"}],"replies":[{"embeddable":true,"href":"https:\/\/stoic-curie.212-227-153-4.plesk.page\/de\/wp-json\/wp\/v2\/comments?post=738269"}],"version-history":[{"count":0,"href":"https:\/\/stoic-curie.212-227-153-4.plesk.page\/de\/wp-json\/wp\/v2\/product\/738269\/revisions"}],"wp:featuredmedia":[{"embeddable":true,"href":"https:\/\/stoic-curie.212-227-153-4.plesk.page\/de\/wp-json\/wp\/v2\/media\/5947295"}],"wp:attachment":[{"href":"https:\/\/stoic-curie.212-227-153-4.plesk.page\/de\/wp-json\/wp\/v2\/media?parent=738269"}],"wp:term":[{"taxonomy":"product_brand","embeddable":true,"href":"https:\/\/stoic-curie.212-227-153-4.plesk.page\/de\/wp-json\/wp\/v2\/product_brand?post=738269"},{"taxonomy":"product_cat","embeddable":true,"href":"https:\/\/stoic-curie.212-227-153-4.plesk.page\/de\/wp-json\/wp\/v2\/product_cat?post=738269"},{"taxonomy":"product_tag","embeddable":true,"href":"https:\/\/stoic-curie.212-227-153-4.plesk.page\/de\/wp-json\/wp\/v2\/product_tag?post=738269"}],"curies":[{"name":"wp","href":"https:\/\/api.w.org\/{rel}","templated":true}]}}