{"id":738276,"date":"2025-03-03T17:47:05","date_gmt":"2025-03-03T16:47:05","guid":{"rendered":"https:\/\/stoic-curie.212-227-153-4.plesk.page\/producto\/tragbarer-kuehlschrank-jazo-fuer-flaschen-h335mm\/"},"modified":"2026-02-24T23:35:18","modified_gmt":"2026-02-24T23:35:18","slug":"tragbarer-kuehlschrank-jazo-fuer-flaschen-h335mm","status":"publish","type":"product","link":"https:\/\/stoic-curie.212-227-153-4.plesk.page\/de\/product\/tragbarer-kuehlschrank-jazo-fuer-flaschen-h335mm\/","title":{"rendered":"Tragbarer K\u00fchlschrank Jazo f\u00fcr Flaschen H335mm"},"content":{"rendered":"<p>Tragbarer K\u00fchlschrank Jazo f\u00fcr Flaschen H335mm &#8211; <\/p>\n<p>Sehr leichte, hochleistungsf\u00e4hige tragbare K\u00fchboxen, die bis zu 5 Flaschen bei idealer Temperatur halten k\u00f6nnen. Gefertigt aus innovativem EPS-Material, das au\u00dfergew\u00f6hnliche Widerstandsf\u00e4higkeit und Isolierung zu reduzierten Kosten garantiert. Mit den im Eiskasten enthaltenen Eisbl\u00f6cken kann die Temperatur 12 Stunden lang gehalten werden, wobei nur ein Grad verloren geht. Ausgestattet mit einem Klettverschluss-System und einem verstellbaren Schultergurt.<\/p>\n","protected":false},"excerpt":{"rendered":"<p>Tragbarer K\u00fchlschrank Jazo f\u00fcr Flaschen H335mm &#8211; Sehr leichte, hochleistungsf\u00e4hige tragbare K\u00fchboxen, die bis zu 5 Flaschen bei idealer Temperatur<\/p>\n","protected":false},"featured_media":5947360,"comment_status":"open","ping_status":"closed","template":"","meta":[],"product_brand":[3235],"product_cat":[1359],"product_tag":[],"class_list":{"0":"post-738276","1":"product","2":"type-product","3":"status-publish","4":"has-post-thumbnail","6":"product_brand-osculati-de","7":"product_cat-kuehlbox-kuehlgeraete","9":"first","10":"instock","11":"shipping-taxable","12":"purchasable","13":"product-type-simple"},"_links":{"self":[{"href":"https:\/\/stoic-curie.212-227-153-4.plesk.page\/de\/wp-json\/wp\/v2\/product\/738276","targetHints":{"allow":["GET"]}}],"collection":[{"href":"https:\/\/stoic-curie.212-227-153-4.plesk.page\/de\/wp-json\/wp\/v2\/product"}],"about":[{"href":"https:\/\/stoic-curie.212-227-153-4.plesk.page\/de\/wp-json\/wp\/v2\/types\/product"}],"replies":[{"embeddable":true,"href":"https:\/\/stoic-curie.212-227-153-4.plesk.page\/de\/wp-json\/wp\/v2\/comments?post=738276"}],"version-history":[{"count":0,"href":"https:\/\/stoic-curie.212-227-153-4.plesk.page\/de\/wp-json\/wp\/v2\/product\/738276\/revisions"}],"wp:featuredmedia":[{"embeddable":true,"href":"https:\/\/stoic-curie.212-227-153-4.plesk.page\/de\/wp-json\/wp\/v2\/media\/5947360"}],"wp:attachment":[{"href":"https:\/\/stoic-curie.212-227-153-4.plesk.page\/de\/wp-json\/wp\/v2\/media?parent=738276"}],"wp:term":[{"taxonomy":"product_brand","embeddable":true,"href":"https:\/\/stoic-curie.212-227-153-4.plesk.page\/de\/wp-json\/wp\/v2\/product_brand?post=738276"},{"taxonomy":"product_cat","embeddable":true,"href":"https:\/\/stoic-curie.212-227-153-4.plesk.page\/de\/wp-json\/wp\/v2\/product_cat?post=738276"},{"taxonomy":"product_tag","embeddable":true,"href":"https:\/\/stoic-curie.212-227-153-4.plesk.page\/de\/wp-json\/wp\/v2\/product_tag?post=738276"}],"curies":[{"name":"wp","href":"https:\/\/api.w.org\/{rel}","templated":true}]}}