{"id":738277,"date":"2025-03-03T17:47:05","date_gmt":"2025-03-03T16:47:05","guid":{"rendered":"https:\/\/stoic-curie.212-227-153-4.plesk.page\/producto\/dometic-coolmatic-crd50\/"},"modified":"2026-02-24T23:35:18","modified_gmt":"2026-02-24T23:35:18","slug":"dometic-coolmatic-crd50","status":"publish","type":"product","link":"https:\/\/stoic-curie.212-227-153-4.plesk.page\/de\/product\/dometic-coolmatic-crd50\/","title":{"rendered":"Dometic Coolmatic CRD50"},"content":{"rendered":"<p>Dometic Coolmatic CRD50 &#8211; <\/p>\n<p style=\"color: rgb(34, 34, 34); font-family: Arial, Helvetica, sans-serif; font-size: small;\">Die Dometic CoolMatic CRD Schubladen-K\u00fchlschr\u00e4nke funktionieren mit 12\/24V und verf\u00fcgen \u00fcber eine externe (nicht abnehmbare) variabel arbeitende K\u00fchleinheit, die den Energieverbrauch um 25 % effektiv senkt. Das Design beinhaltet ein herausnehmbares Gefrierfach, w\u00e4hrend das Touch-Bedienfeld es den Nutzern erm\u00f6glicht, zwischen K\u00fchlung, Gefrierung oder der gleichzeitigen Nutzung beider Funktionen zu w\u00e4hlen. Ein integriertes LED-Licht verbessert die Sichtbarkeit im K\u00fchlschrank. Diese Einheit wird mit einer silbernen T\u00fcr angeboten und kann mit einem Standard- oder fl\u00e4chenb\u00fcndigen Rahmen als optionalem Zubeh\u00f6r installiert werden.<\/p>\n<p style=\"color: rgb(34, 34, 34); font-family: Arial, Helvetica, sans-serif; font-size: small;\">Der 38,5-Liter-Schubladen-K\u00fchlschrank bietet eine praktische L\u00f6sung f\u00fcr die Verwaltung Ihrer Lebensmittel und Vorr\u00e4te, wobei Flaschen sicher von einem speziellen Halter an Ort und Stelle gehalten werden. Das herausnehmbare Gefrierfach bietet zus\u00e4tzliche K\u00fchlfl\u00e4che nach Bedarf, was es zu einer ausgezeichneten K\u00fchloption f\u00fcr kleinere Schiffe macht. Kunden haben die Wahl zwischen zwei Modellen: einem mit einer Edelstahl-Frontplatte und einem in mattem Silber.<\/p>\n<p style=\"color: rgb(34, 34, 34); font-family: Arial, Helvetica, sans-serif; font-size: small;\"><strong>Solarenergie \u2013 Nutzung der Energie der Sonne<\/strong><br \/>Der K\u00fchlschrank ist mit einem k\u00fchlen blauen Innenlicht ausgestattet und eignet sich f\u00fcr die fl\u00e4chenb\u00fcndige Montage, sodass das Ger\u00e4t elegant in die Wand integriert werden kann. Das Edelstahl-Finish und die hochwertige \u00c4sthetik verbessern seine visuelle Anziehungskraft, und das dekorative Panel kann ganz einfach gewechselt werden.<\/p>\n<p style=\"color: rgb(34, 34, 34); font-family: Arial, Helvetica, sans-serif; font-size: small;\">Der Dometic CoolMatic CRD 50 ist ein eleganter Schubladen-K\u00fchlschrank mit einem ungef\u00e4hren Fassungsverm\u00f6gen von 50 Litern, zu dem ein 4-Liter-Gefrierfach geh\u00f6rt. Er bietet hervorragende K\u00fchlleistung und verf\u00fcgt \u00fcber Solarenergie-Funktionen sowie \u00fcber ein k\u00fchles blaues Innenlicht. Dieses Premium-Design ist ideal f\u00fcr diejenigen, die nach einer luxuri\u00f6sen, fl\u00e4chenb\u00fcndigen L\u00f6sung suchen.<\/p>\n<p style=\"color: rgb(34, 34, 34); font-family: Arial, Helvetica, sans-serif; font-size: small;\"><strong>Produktspezifikationen<\/strong><\/p>\n<ul style=\"color: rgb(34, 34, 34); font-family: Arial, Helvetica, sans-serif; font-size: small;\">\n<li>Innere Brutto\/Nettokapazit\u00e4t: 47 Liter<\/li>\n<li>Gefrierlager Brutto\/Nettovolumen: 6 Liter<\/li>\n<li>Au\u00dfenma\u00dfe (mm BxTxH): 380 x 500 x 534<\/li>\n<li>Regale\/K\u00f6rbe: 1<\/li>\n<li>Schubladen: 1<\/li>\n<li>Bedienfeld: Graduierte Skala<\/li>\n<li>Innenlicht: Ja<\/li>\n<li>Abtauen: Manuell<\/li>\n<li>K\u00fchltechnik: Kompressor<\/li>\n<li>K\u00e4ltemittel: R134a<\/li>\n<\/ul>\n","protected":false},"excerpt":{"rendered":"<p>Dometic Coolmatic CRD50 &#8211; Die Dometic CoolMatic CRD Schubladen-K\u00fchlschr\u00e4nke funktionieren mit 12\/24V und verf\u00fcgen \u00fcber eine externe (nicht abnehmbare) variabel<\/p>\n","protected":false},"featured_media":5947362,"comment_status":"open","ping_status":"closed","template":"","meta":[],"product_brand":[2895],"product_cat":[1464],"product_tag":[],"class_list":{"0":"post-738277","1":"product","2":"type-product","3":"status-publish","4":"has-post-thumbnail","6":"product_brand-dometic-de","7":"product_cat-kuehlschraenke-und-gefriertruhen","9":"first","10":"instock","11":"shipping-taxable","12":"purchasable","13":"product-type-simple"},"_links":{"self":[{"href":"https:\/\/stoic-curie.212-227-153-4.plesk.page\/de\/wp-json\/wp\/v2\/product\/738277","targetHints":{"allow":["GET"]}}],"collection":[{"href":"https:\/\/stoic-curie.212-227-153-4.plesk.page\/de\/wp-json\/wp\/v2\/product"}],"about":[{"href":"https:\/\/stoic-curie.212-227-153-4.plesk.page\/de\/wp-json\/wp\/v2\/types\/product"}],"replies":[{"embeddable":true,"href":"https:\/\/stoic-curie.212-227-153-4.plesk.page\/de\/wp-json\/wp\/v2\/comments?post=738277"}],"version-history":[{"count":0,"href":"https:\/\/stoic-curie.212-227-153-4.plesk.page\/de\/wp-json\/wp\/v2\/product\/738277\/revisions"}],"wp:featuredmedia":[{"embeddable":true,"href":"https:\/\/stoic-curie.212-227-153-4.plesk.page\/de\/wp-json\/wp\/v2\/media\/5947362"}],"wp:attachment":[{"href":"https:\/\/stoic-curie.212-227-153-4.plesk.page\/de\/wp-json\/wp\/v2\/media?parent=738277"}],"wp:term":[{"taxonomy":"product_brand","embeddable":true,"href":"https:\/\/stoic-curie.212-227-153-4.plesk.page\/de\/wp-json\/wp\/v2\/product_brand?post=738277"},{"taxonomy":"product_cat","embeddable":true,"href":"https:\/\/stoic-curie.212-227-153-4.plesk.page\/de\/wp-json\/wp\/v2\/product_cat?post=738277"},{"taxonomy":"product_tag","embeddable":true,"href":"https:\/\/stoic-curie.212-227-153-4.plesk.page\/de\/wp-json\/wp\/v2\/product_tag?post=738277"}],"curies":[{"name":"wp","href":"https:\/\/api.w.org\/{rel}","templated":true}]}}