{"id":738281,"date":"2025-03-03T17:47:06","date_gmt":"2025-03-03T16:47:06","guid":{"rendered":"https:\/\/stoic-curie.212-227-153-4.plesk.page\/producto\/manuelle-toilette-johnson-aquat-compact\/"},"modified":"2026-02-24T23:35:18","modified_gmt":"2026-02-24T23:35:18","slug":"manuelle-toilette-johnson-aquat-compact","status":"publish","type":"product","link":"https:\/\/stoic-curie.212-227-153-4.plesk.page\/de\/product\/manuelle-toilette-johnson-aquat-compact\/","title":{"rendered":"Manuelle Toilette Johnson AquaT Compact"},"content":{"rendered":"<p>Manuelle Toilette Johnson AquaT Compact &#8211; <\/p>\n<p>Die Johnson AquaT Toilette ist mit einer ergonomisch gestalteten, doppelt wirkenden, selbstansaugenden Handpumpe ausgestattet, die sowohl rechts als auch links montiert werden kann. Sie funktioniert sowohl mit S\u00fc\u00df- als auch mit Salzwasser und kann \u00fcber oder unter der Wasserlinie montiert werden.<br \/>Verf\u00fcgbar in drei Modellen:<br \/>\u2022 Kompakt \u2013 ideal f\u00fcr begrenzte R\u00e4ume mit einem runden Sitz<br \/>\u2022 Komfort \u2013 gr\u00f6\u00dfer und bequemer mit einem ovalen Sitz<br \/>\u2022 Super Kompakt \u2013 kleiner und leichter mit einem runden Sitz<br \/>Hergestellt aus hochwertigem, wei\u00dfem, glasiertem Porzellan f\u00fcr perfekte Hygiene. Praktisch, leise und zuverl\u00e4ssig. Starker Wirbel f\u00fcr effizientes Sp\u00fclen. Messingkolbenstangenf\u00fchrung f\u00fcr eine l\u00e4ngere Lebensdauer. Federunterst\u00fctzter obere Ventilschluss f\u00fcr einfacheres Priming. Doppelte R\u00fcckschlagventile mit vollem Durchmesser von 38 mm (1 1\/2&#8243;), um R\u00fcckfluss zu verhindern. Multi-Winkel-Ausgang f\u00fcr gr\u00f6\u00dfere Installationsfreiheit. Doppelt versiegelter Bodenstopfen f\u00fcr Winterentw\u00e4sserung und einfachen Reinigungszugang. Zug\u00e4ngliche Montagepunkte f\u00fcr eine schnellere Installation ohne Spezialwerkzeuge. Flexibles Lochmuster am Sockel f\u00fcr einfachen Austausch mit den g\u00e4ngigsten Toiletten auf dem Markt. Eingang \u00d8 20 mm (3\/4&#8243;) Auslass \u00d8 38 mm (1&#8243; 1\/2). 3 Jahre Garantie.<\/p>\n","protected":false},"excerpt":{"rendered":"<p>Manuelle Toilette Johnson AquaT Compact &#8211; Die Johnson AquaT Toilette ist mit einer ergonomisch gestalteten, doppelt wirkenden, selbstansaugenden Handpumpe ausgestattet,<\/p>\n","protected":false},"featured_media":5947379,"comment_status":"open","ping_status":"closed","template":"","meta":[],"product_brand":[3045],"product_cat":[1388],"product_tag":[],"class_list":{"0":"post-738281","1":"product","2":"type-product","3":"status-publish","4":"has-post-thumbnail","6":"product_brand-johnson-marine-de","7":"product_cat-marine-wcs","9":"first","10":"instock","11":"shipping-taxable","12":"purchasable","13":"product-type-simple"},"_links":{"self":[{"href":"https:\/\/stoic-curie.212-227-153-4.plesk.page\/de\/wp-json\/wp\/v2\/product\/738281","targetHints":{"allow":["GET"]}}],"collection":[{"href":"https:\/\/stoic-curie.212-227-153-4.plesk.page\/de\/wp-json\/wp\/v2\/product"}],"about":[{"href":"https:\/\/stoic-curie.212-227-153-4.plesk.page\/de\/wp-json\/wp\/v2\/types\/product"}],"replies":[{"embeddable":true,"href":"https:\/\/stoic-curie.212-227-153-4.plesk.page\/de\/wp-json\/wp\/v2\/comments?post=738281"}],"version-history":[{"count":0,"href":"https:\/\/stoic-curie.212-227-153-4.plesk.page\/de\/wp-json\/wp\/v2\/product\/738281\/revisions"}],"wp:featuredmedia":[{"embeddable":true,"href":"https:\/\/stoic-curie.212-227-153-4.plesk.page\/de\/wp-json\/wp\/v2\/media\/5947379"}],"wp:attachment":[{"href":"https:\/\/stoic-curie.212-227-153-4.plesk.page\/de\/wp-json\/wp\/v2\/media?parent=738281"}],"wp:term":[{"taxonomy":"product_brand","embeddable":true,"href":"https:\/\/stoic-curie.212-227-153-4.plesk.page\/de\/wp-json\/wp\/v2\/product_brand?post=738281"},{"taxonomy":"product_cat","embeddable":true,"href":"https:\/\/stoic-curie.212-227-153-4.plesk.page\/de\/wp-json\/wp\/v2\/product_cat?post=738281"},{"taxonomy":"product_tag","embeddable":true,"href":"https:\/\/stoic-curie.212-227-153-4.plesk.page\/de\/wp-json\/wp\/v2\/product_tag?post=738281"}],"curies":[{"name":"wp","href":"https:\/\/api.w.org\/{rel}","templated":true}]}}