{"id":738283,"date":"2025-03-03T17:47:06","date_gmt":"2025-03-03T16:47:06","guid":{"rendered":"https:\/\/stoic-curie.212-227-153-4.plesk.page\/producto\/marine-toilette-ocean-standard-compact-24v\/"},"modified":"2026-02-24T23:35:18","modified_gmt":"2026-02-24T23:35:18","slug":"marine-toilette-ocean-standard-compact-24v","status":"publish","type":"product","link":"https:\/\/stoic-curie.212-227-153-4.plesk.page\/de\/product\/marine-toilette-ocean-standard-compact-24v\/","title":{"rendered":"Marine Toilette Ocean Standard Compact 24V"},"content":{"rendered":"<p>Marine Toilette Ocean Standard Compact 24V &#8211; <\/p>\n<p>Ocean Standard Elektroklo: <br \/>\u2022 Automatische Wasser Ein-\/Aussteuerung <br \/>\u2022 Kombinierte Pumpeneinheit f\u00fcr Abfallentsorgung <br \/>\u2022 Steuerpanel <br \/>\u2022 ABS-Sitz mit sanft schlie\u00dfenden Scharnieren <br \/>\u2022 Sto\u00dffestes und korrosionsbest\u00e4ndiges Material <br \/>\u2022 R\u00fcckschlagventil <br \/>\u2022 Selbstansaugend bis zu 1,5 Meter in der H\u00f6he <br \/>\u2022 Umkehrbare Pumpenmontage <br \/>\u2022 Kann sowohl \u00fcber als auch unter der Wasserlinie montiert werden. <br \/>Die Zerh\u00e4cksempumpe erm\u00f6glicht die Abf\u00fchrung von Abfall bis zu 3,5 Metern in der H\u00f6he. <br \/>Einlass \u00d8 19 mm (3\/4&#8243;), Auslass \u00d8 25\/38 mm (1&#8243;1\/2). <\/p>\n","protected":false},"excerpt":{"rendered":"<p>Marine Toilette Ocean Standard Compact 24V &#8211; Ocean Standard Elektroklo: \u2022 Automatische Wasser Ein-\/Aussteuerung \u2022 Kombinierte Pumpeneinheit f\u00fcr Abfallentsorgung \u2022<\/p>\n","protected":false},"featured_media":5947380,"comment_status":"open","ping_status":"closed","template":"","meta":[],"product_brand":[3140],"product_cat":[1388],"product_tag":[],"class_list":{"0":"post-738283","1":"product","2":"type-product","3":"status-publish","4":"has-post-thumbnail","6":"product_brand-matromarine-de","7":"product_cat-marine-wcs","9":"first","10":"instock","11":"shipping-taxable","12":"purchasable","13":"product-type-simple"},"_links":{"self":[{"href":"https:\/\/stoic-curie.212-227-153-4.plesk.page\/de\/wp-json\/wp\/v2\/product\/738283","targetHints":{"allow":["GET"]}}],"collection":[{"href":"https:\/\/stoic-curie.212-227-153-4.plesk.page\/de\/wp-json\/wp\/v2\/product"}],"about":[{"href":"https:\/\/stoic-curie.212-227-153-4.plesk.page\/de\/wp-json\/wp\/v2\/types\/product"}],"replies":[{"embeddable":true,"href":"https:\/\/stoic-curie.212-227-153-4.plesk.page\/de\/wp-json\/wp\/v2\/comments?post=738283"}],"version-history":[{"count":0,"href":"https:\/\/stoic-curie.212-227-153-4.plesk.page\/de\/wp-json\/wp\/v2\/product\/738283\/revisions"}],"wp:featuredmedia":[{"embeddable":true,"href":"https:\/\/stoic-curie.212-227-153-4.plesk.page\/de\/wp-json\/wp\/v2\/media\/5947380"}],"wp:attachment":[{"href":"https:\/\/stoic-curie.212-227-153-4.plesk.page\/de\/wp-json\/wp\/v2\/media?parent=738283"}],"wp:term":[{"taxonomy":"product_brand","embeddable":true,"href":"https:\/\/stoic-curie.212-227-153-4.plesk.page\/de\/wp-json\/wp\/v2\/product_brand?post=738283"},{"taxonomy":"product_cat","embeddable":true,"href":"https:\/\/stoic-curie.212-227-153-4.plesk.page\/de\/wp-json\/wp\/v2\/product_cat?post=738283"},{"taxonomy":"product_tag","embeddable":true,"href":"https:\/\/stoic-curie.212-227-153-4.plesk.page\/de\/wp-json\/wp\/v2\/product_tag?post=738283"}],"curies":[{"name":"wp","href":"https:\/\/api.w.org\/{rel}","templated":true}]}}