{"id":738291,"date":"2025-03-03T17:47:08","date_gmt":"2025-03-03T16:47:08","guid":{"rendered":"https:\/\/stoic-curie.212-227-153-4.plesk.page\/producto\/porta-potty-seaflo-chemische-toilette-22-liter\/"},"modified":"2026-02-24T23:35:18","modified_gmt":"2026-02-24T23:35:18","slug":"porta-potty-seaflo-chemische-toilette-22-liter","status":"publish","type":"product","link":"https:\/\/stoic-curie.212-227-153-4.plesk.page\/de\/product\/porta-potty-seaflo-chemische-toilette-22-liter\/","title":{"rendered":"Porta Potty Seaflo chemische Toilette 22 Liter"},"content":{"rendered":"<p>Porta Potty Seaflo chemische Toilette 22 Liter &#8211; <\/p>\n<p>Kompakte und robuste tragbare Porta Potty-Toilette, ideal f\u00fcr kleine Boote und jede nautische Aktivit\u00e4t, bei der es keine Toiletten gibt. Ausgestattet mit einem ergonomischen und komfortablen Sitz, einem Wirbelsp\u00fclsystem, einem geruchlosen, versiegelten Abwassertank mit F\u00fcllstandsanzeige, einem Deckel mit Griff und einem schwenkbaren Abfallanschluss.<\/p>\n","protected":false},"excerpt":{"rendered":"<p>Porta Potty Seaflo chemische Toilette 22 Liter &#8211; Kompakte und robuste tragbare Porta Potty-Toilette, ideal f\u00fcr kleine Boote und jede<\/p>\n","protected":false},"featured_media":5947392,"comment_status":"open","ping_status":"closed","template":"","meta":[],"product_brand":[3350],"product_cat":[1388],"product_tag":[],"class_list":{"0":"post-738291","1":"product","2":"type-product","3":"status-publish","4":"has-post-thumbnail","6":"product_brand-seaflo-de","7":"product_cat-marine-wcs","9":"first","10":"instock","11":"shipping-taxable","12":"purchasable","13":"product-type-simple"},"_links":{"self":[{"href":"https:\/\/stoic-curie.212-227-153-4.plesk.page\/de\/wp-json\/wp\/v2\/product\/738291","targetHints":{"allow":["GET"]}}],"collection":[{"href":"https:\/\/stoic-curie.212-227-153-4.plesk.page\/de\/wp-json\/wp\/v2\/product"}],"about":[{"href":"https:\/\/stoic-curie.212-227-153-4.plesk.page\/de\/wp-json\/wp\/v2\/types\/product"}],"replies":[{"embeddable":true,"href":"https:\/\/stoic-curie.212-227-153-4.plesk.page\/de\/wp-json\/wp\/v2\/comments?post=738291"}],"version-history":[{"count":0,"href":"https:\/\/stoic-curie.212-227-153-4.plesk.page\/de\/wp-json\/wp\/v2\/product\/738291\/revisions"}],"wp:featuredmedia":[{"embeddable":true,"href":"https:\/\/stoic-curie.212-227-153-4.plesk.page\/de\/wp-json\/wp\/v2\/media\/5947392"}],"wp:attachment":[{"href":"https:\/\/stoic-curie.212-227-153-4.plesk.page\/de\/wp-json\/wp\/v2\/media?parent=738291"}],"wp:term":[{"taxonomy":"product_brand","embeddable":true,"href":"https:\/\/stoic-curie.212-227-153-4.plesk.page\/de\/wp-json\/wp\/v2\/product_brand?post=738291"},{"taxonomy":"product_cat","embeddable":true,"href":"https:\/\/stoic-curie.212-227-153-4.plesk.page\/de\/wp-json\/wp\/v2\/product_cat?post=738291"},{"taxonomy":"product_tag","embeddable":true,"href":"https:\/\/stoic-curie.212-227-153-4.plesk.page\/de\/wp-json\/wp\/v2\/product_tag?post=738291"}],"curies":[{"name":"wp","href":"https:\/\/api.w.org\/{rel}","templated":true}]}}