{"id":738294,"date":"2025-03-03T17:47:09","date_gmt":"2025-03-03T16:47:09","guid":{"rendered":"https:\/\/stoic-curie.212-227-153-4.plesk.page\/producto\/abwassertank-ocean-53lt-12v-53-550-x-400-x-h300-mm\/"},"modified":"2026-02-24T23:35:18","modified_gmt":"2026-02-24T23:35:18","slug":"abwassertank-ocean-53lt-12v-53-550-x-400-x-h300-mm","status":"publish","type":"product","link":"https:\/\/stoic-curie.212-227-153-4.plesk.page\/de\/product\/abwassertank-ocean-53lt-12v-53-550-x-400-x-h300-mm\/","title":{"rendered":"Abwassertank Ocean 53lt 12v 53 (550 x 400 x h300 mm)"},"content":{"rendered":"<p>Abwassertank Ocean 53lt 12v 53 (550 x 400 x h300 mm) &#8211; <\/p>\n<p>Polyethylen-Abwasser-\/Abfalltank gem\u00e4\u00df ISO8099-Norm mit Zerkleinerungspumpe zum Entleeren. Komplett mit 10-Loch Einsichtsklappe mit drei 1&#8243;1\/2-Gewindeverbindungen, einer 1\/2&#8243;-Gewindeverbindung, Tauchrohr, Verschlusskappe, zwei 38 mm drehbaren Anschl\u00fcssen mit 1&#8243;1\/2-Ringmutter, einem 20 mm Schlauchanschluss 1\/2&#8243;-Gewinde, einem 1&#8243;-Ventil mit 16\/18 mm Schlauchverbindung, Aktivkohlefilter mit 16\/19\/25 mm Anschl\u00fcssen, Drei-Punkt VDO Typ F\u00fcllstandssensor fast voll\/voll mit 5 L\u00f6chern und LED-F\u00fcllstandsanzeigepanel mit 2,4 m Kabel. Pumpenh\u00f6he \u00fcber Tank 100 mm.<\/p>\n","protected":false},"excerpt":{"rendered":"<p>Abwassertank Ocean 53lt 12v 53 (550 x 400 x h300 mm) &#8211; Polyethylen-Abwasser-\/Abfalltank gem\u00e4\u00df ISO8099-Norm mit Zerkleinerungspumpe zum Entleeren. Komplett<\/p>\n","protected":false},"featured_media":5947401,"comment_status":"open","ping_status":"closed","template":"","meta":[],"product_brand":[3140],"product_cat":[1362],"product_tag":[],"class_list":{"0":"post-738294","1":"product","2":"type-product","3":"status-publish","4":"has-post-thumbnail","6":"product_brand-matromarine-de","7":"product_cat-abwassertanks","9":"first","10":"instock","11":"shipping-taxable","12":"purchasable","13":"product-type-simple"},"_links":{"self":[{"href":"https:\/\/stoic-curie.212-227-153-4.plesk.page\/de\/wp-json\/wp\/v2\/product\/738294","targetHints":{"allow":["GET"]}}],"collection":[{"href":"https:\/\/stoic-curie.212-227-153-4.plesk.page\/de\/wp-json\/wp\/v2\/product"}],"about":[{"href":"https:\/\/stoic-curie.212-227-153-4.plesk.page\/de\/wp-json\/wp\/v2\/types\/product"}],"replies":[{"embeddable":true,"href":"https:\/\/stoic-curie.212-227-153-4.plesk.page\/de\/wp-json\/wp\/v2\/comments?post=738294"}],"version-history":[{"count":0,"href":"https:\/\/stoic-curie.212-227-153-4.plesk.page\/de\/wp-json\/wp\/v2\/product\/738294\/revisions"}],"wp:featuredmedia":[{"embeddable":true,"href":"https:\/\/stoic-curie.212-227-153-4.plesk.page\/de\/wp-json\/wp\/v2\/media\/5947401"}],"wp:attachment":[{"href":"https:\/\/stoic-curie.212-227-153-4.plesk.page\/de\/wp-json\/wp\/v2\/media?parent=738294"}],"wp:term":[{"taxonomy":"product_brand","embeddable":true,"href":"https:\/\/stoic-curie.212-227-153-4.plesk.page\/de\/wp-json\/wp\/v2\/product_brand?post=738294"},{"taxonomy":"product_cat","embeddable":true,"href":"https:\/\/stoic-curie.212-227-153-4.plesk.page\/de\/wp-json\/wp\/v2\/product_cat?post=738294"},{"taxonomy":"product_tag","embeddable":true,"href":"https:\/\/stoic-curie.212-227-153-4.plesk.page\/de\/wp-json\/wp\/v2\/product_tag?post=738294"}],"curies":[{"name":"wp","href":"https:\/\/api.w.org\/{rel}","templated":true}]}}