{"id":738296,"date":"2025-03-03T17:47:10","date_gmt":"2025-03-03T16:47:10","guid":{"rendered":"https:\/\/stoic-curie.212-227-153-4.plesk.page\/producto\/abwasserstandssensor-can-sb-11-4\/"},"modified":"2026-02-24T23:35:18","modified_gmt":"2026-02-24T23:35:18","slug":"abwasserstandssensor-can-sb-11-4","status":"publish","type":"product","link":"https:\/\/stoic-curie.212-227-153-4.plesk.page\/de\/product\/abwasserstandssensor-can-sb-11-4\/","title":{"rendered":"Abwasserstandssensor Can-SB 1&#8243;1\/4"},"content":{"rendered":"<p>Abwasserstandssensor Can-SB 1&#8243;1\/4 &#8211; <\/p>\n<p>Niveausensor f\u00fcr den intensiven Einsatz in Abwasser. Er passt sich an jeden Tank mit einer maximalen H\u00f6he von 60 cm an, indem er die Kabell\u00e4nge entsprechend anpasst. Das Signal wird an drei Punkten \u00fcbertragen (leer-halb-voll). Universelle Stromversorgung 12\/24V, komplett mit Schaltger\u00e4t von 10-180 oder 240-33 Ohm Impedanz.<\/p>\n","protected":false},"excerpt":{"rendered":"<p>Abwasserstandssensor Can-SB 1&#8243;1\/4 &#8211; Niveausensor f\u00fcr den intensiven Einsatz in Abwasser. Er passt sich an jeden Tank mit einer maximalen<\/p>\n","protected":false},"featured_media":5947404,"comment_status":"open","ping_status":"closed","template":"","meta":[],"product_brand":[2855],"product_cat":[1362],"product_tag":[],"class_list":{"0":"post-738296","1":"product","2":"type-product","3":"status-publish","4":"has-post-thumbnail","6":"product_brand-can-marine-de","7":"product_cat-abwassertanks","9":"first","10":"instock","11":"shipping-taxable","12":"purchasable","13":"product-type-simple"},"_links":{"self":[{"href":"https:\/\/stoic-curie.212-227-153-4.plesk.page\/de\/wp-json\/wp\/v2\/product\/738296","targetHints":{"allow":["GET"]}}],"collection":[{"href":"https:\/\/stoic-curie.212-227-153-4.plesk.page\/de\/wp-json\/wp\/v2\/product"}],"about":[{"href":"https:\/\/stoic-curie.212-227-153-4.plesk.page\/de\/wp-json\/wp\/v2\/types\/product"}],"replies":[{"embeddable":true,"href":"https:\/\/stoic-curie.212-227-153-4.plesk.page\/de\/wp-json\/wp\/v2\/comments?post=738296"}],"version-history":[{"count":0,"href":"https:\/\/stoic-curie.212-227-153-4.plesk.page\/de\/wp-json\/wp\/v2\/product\/738296\/revisions"}],"wp:featuredmedia":[{"embeddable":true,"href":"https:\/\/stoic-curie.212-227-153-4.plesk.page\/de\/wp-json\/wp\/v2\/media\/5947404"}],"wp:attachment":[{"href":"https:\/\/stoic-curie.212-227-153-4.plesk.page\/de\/wp-json\/wp\/v2\/media?parent=738296"}],"wp:term":[{"taxonomy":"product_brand","embeddable":true,"href":"https:\/\/stoic-curie.212-227-153-4.plesk.page\/de\/wp-json\/wp\/v2\/product_brand?post=738296"},{"taxonomy":"product_cat","embeddable":true,"href":"https:\/\/stoic-curie.212-227-153-4.plesk.page\/de\/wp-json\/wp\/v2\/product_cat?post=738296"},{"taxonomy":"product_tag","embeddable":true,"href":"https:\/\/stoic-curie.212-227-153-4.plesk.page\/de\/wp-json\/wp\/v2\/product_tag?post=738296"}],"curies":[{"name":"wp","href":"https:\/\/api.w.org\/{rel}","templated":true}]}}