{"id":738303,"date":"2025-03-03T17:47:11","date_gmt":"2025-03-03T16:47:11","guid":{"rendered":"https:\/\/stoic-curie.212-227-153-4.plesk.page\/producto\/flojet-druckschalter-25-psi\/"},"modified":"2026-02-24T23:35:18","modified_gmt":"2026-02-24T23:35:18","slug":"flojet-druckschalter-25-psi","status":"publish","type":"product","link":"https:\/\/stoic-curie.212-227-153-4.plesk.page\/de\/product\/flojet-druckschalter-25-psi\/","title":{"rendered":"Flojet-Druckschalter 25 psi"},"content":{"rendered":"<p>Flojet-Druckschalter 25 psi &#8211; <\/p>\n<p>Flojet Triplex Frischwasser-Druckpumpen f\u00fcr Waschbecken und Duschen, f\u00fcr 1 bis 3 Anschl\u00fcsse.<\/p>\n","protected":false},"excerpt":{"rendered":"<p>Flojet-Druckschalter 25 psi &#8211; Flojet Triplex Frischwasser-Druckpumpen f\u00fcr Waschbecken und Duschen, f\u00fcr 1 bis 3 Anschl\u00fcsse.<\/p>\n","protected":false},"featured_media":5942866,"comment_status":"open","ping_status":"closed","template":"","meta":[],"product_brand":[2940],"product_cat":[1373],"product_tag":[],"class_list":{"0":"post-738303","1":"product","2":"type-product","3":"status-publish","4":"has-post-thumbnail","6":"product_brand-flojet-marine-de","7":"product_cat-wasserdruckpumpen","9":"first","10":"instock","11":"shipping-taxable","12":"purchasable","13":"product-type-simple"},"_links":{"self":[{"href":"https:\/\/stoic-curie.212-227-153-4.plesk.page\/de\/wp-json\/wp\/v2\/product\/738303","targetHints":{"allow":["GET"]}}],"collection":[{"href":"https:\/\/stoic-curie.212-227-153-4.plesk.page\/de\/wp-json\/wp\/v2\/product"}],"about":[{"href":"https:\/\/stoic-curie.212-227-153-4.plesk.page\/de\/wp-json\/wp\/v2\/types\/product"}],"replies":[{"embeddable":true,"href":"https:\/\/stoic-curie.212-227-153-4.plesk.page\/de\/wp-json\/wp\/v2\/comments?post=738303"}],"version-history":[{"count":0,"href":"https:\/\/stoic-curie.212-227-153-4.plesk.page\/de\/wp-json\/wp\/v2\/product\/738303\/revisions"}],"wp:featuredmedia":[{"embeddable":true,"href":"https:\/\/stoic-curie.212-227-153-4.plesk.page\/de\/wp-json\/wp\/v2\/media\/5942866"}],"wp:attachment":[{"href":"https:\/\/stoic-curie.212-227-153-4.plesk.page\/de\/wp-json\/wp\/v2\/media?parent=738303"}],"wp:term":[{"taxonomy":"product_brand","embeddable":true,"href":"https:\/\/stoic-curie.212-227-153-4.plesk.page\/de\/wp-json\/wp\/v2\/product_brand?post=738303"},{"taxonomy":"product_cat","embeddable":true,"href":"https:\/\/stoic-curie.212-227-153-4.plesk.page\/de\/wp-json\/wp\/v2\/product_cat?post=738303"},{"taxonomy":"product_tag","embeddable":true,"href":"https:\/\/stoic-curie.212-227-153-4.plesk.page\/de\/wp-json\/wp\/v2\/product_tag?post=738303"}],"curies":[{"name":"wp","href":"https:\/\/api.w.org\/{rel}","templated":true}]}}