{"id":738312,"date":"2025-03-03T17:47:13","date_gmt":"2025-03-03T16:47:13","guid":{"rendered":"https:\/\/stoic-curie.212-227-153-4.plesk.page\/producto\/meerwasserfilter-rgl-1162-11-4\/"},"modified":"2026-02-24T23:35:18","modified_gmt":"2026-02-24T23:35:18","slug":"meerwasserfilter-rgl-1162-11-4","status":"publish","type":"product","link":"https:\/\/stoic-curie.212-227-153-4.plesk.page\/de\/product\/meerwasserfilter-rgl-1162-11-4\/","title":{"rendered":"Seewasserfilter Guidi RGL-1162 1 1\/4"},"content":{"rendered":"<p>Seewasserfilter Guidi RGL-1162 1 1\/4 &#8211; <\/p>\n<p><strong>Guidi Bronze Seewasserfilter &#8211; 1162 Serie<\/strong><\/p>\n<ul>\n<li><strong>Geh\u00e4usematerial:<\/strong> Nickelbeschichtetes Bronze<\/li>\n<li><strong>Obere Platte:<\/strong> Klarer Polycarbonat<\/li>\n<li><strong>O-Ring:<\/strong> Neopren<\/li>\n<li><strong>Filterkorb und Schrauben:<\/strong> AISI 316L Edelstahl<\/li>\n<li><strong>Einlassart:<\/strong> Seitenanlass<\/li>\n<\/ul>\n<p><strong>Technische Daten:<\/strong><\/p>\n<ul>\n<li><strong>Einlass\/Auslass Gr\u00f6\u00dfe:<\/strong> 1\u00bc Zoll<\/li>\n<li><strong>Korbru\u00dflochgr\u00f6\u00dfe:<\/strong> 0,9 mm<\/li>\n<li><strong>Durchflussrate bei 0,1 Bar Druckabfall:<\/strong> 8.800 L\/h<\/li>\n<li><strong>Durchflussrate bei 1 Bar Druckabfall:<\/strong> 27.700 L\/h<\/li>\n<li><strong>L\u00e4nge (L):<\/strong> 184 mm<\/li>\n<li><strong>H\u00f6he (H):<\/strong> 176 mm<\/li>\n<li><strong>H\u00f6he bis Einlass (H1):<\/strong> 122 mm<\/li>\n<li><strong>H\u00f6he bis Filter (Hf):<\/strong> 95 mm<\/li>\n<li><strong>Durchmesser (Df):<\/strong> 98 mm<\/li>\n<li><strong>Gewicht:<\/strong> 4,6 kg<\/li>\n<\/ul>\n<p>Diese Filterserie ist auf Langlebigkeit und Effizienz ausgelegt und eignet sich hervorragend f\u00fcr Ihre Bootsbearbeitung.<\/p>\n","protected":false},"excerpt":{"rendered":"<p>Seewasserfilter Guidi RGL-1162 1 1\/4 &#8211; Guidi Bronze Seewasserfilter &#8211; 1162 Serie Geh\u00e4usematerial: Nickelbeschichtetes Bronze Obere Platte: Klarer Polycarbonat O-Ring:<\/p>\n","protected":false},"featured_media":5947451,"comment_status":"open","ping_status":"closed","template":"","meta":[],"product_brand":[2995],"product_cat":[1527],"product_tag":[],"class_list":{"0":"post-738312","1":"product","2":"type-product","3":"status-publish","4":"has-post-thumbnail","6":"product_brand-guidi-marine-de","7":"product_cat-meerwasserfilter","9":"first","10":"instock","11":"shipping-taxable","12":"purchasable","13":"product-type-simple"},"_links":{"self":[{"href":"https:\/\/stoic-curie.212-227-153-4.plesk.page\/de\/wp-json\/wp\/v2\/product\/738312","targetHints":{"allow":["GET"]}}],"collection":[{"href":"https:\/\/stoic-curie.212-227-153-4.plesk.page\/de\/wp-json\/wp\/v2\/product"}],"about":[{"href":"https:\/\/stoic-curie.212-227-153-4.plesk.page\/de\/wp-json\/wp\/v2\/types\/product"}],"replies":[{"embeddable":true,"href":"https:\/\/stoic-curie.212-227-153-4.plesk.page\/de\/wp-json\/wp\/v2\/comments?post=738312"}],"version-history":[{"count":0,"href":"https:\/\/stoic-curie.212-227-153-4.plesk.page\/de\/wp-json\/wp\/v2\/product\/738312\/revisions"}],"wp:featuredmedia":[{"embeddable":true,"href":"https:\/\/stoic-curie.212-227-153-4.plesk.page\/de\/wp-json\/wp\/v2\/media\/5947451"}],"wp:attachment":[{"href":"https:\/\/stoic-curie.212-227-153-4.plesk.page\/de\/wp-json\/wp\/v2\/media?parent=738312"}],"wp:term":[{"taxonomy":"product_brand","embeddable":true,"href":"https:\/\/stoic-curie.212-227-153-4.plesk.page\/de\/wp-json\/wp\/v2\/product_brand?post=738312"},{"taxonomy":"product_cat","embeddable":true,"href":"https:\/\/stoic-curie.212-227-153-4.plesk.page\/de\/wp-json\/wp\/v2\/product_cat?post=738312"},{"taxonomy":"product_tag","embeddable":true,"href":"https:\/\/stoic-curie.212-227-153-4.plesk.page\/de\/wp-json\/wp\/v2\/product_tag?post=738312"}],"curies":[{"name":"wp","href":"https:\/\/api.w.org\/{rel}","templated":true}]}}