{"id":738314,"date":"2025-03-03T17:47:14","date_gmt":"2025-03-03T16:47:14","guid":{"rendered":"https:\/\/stoic-curie.212-227-153-4.plesk.page\/producto\/meerwasserfilter-rgxl-1162-2\/"},"modified":"2026-02-24T23:35:18","modified_gmt":"2026-02-24T23:35:18","slug":"meerwasserfilter-rgxl-1162-2","status":"publish","type":"product","link":"https:\/\/stoic-curie.212-227-153-4.plesk.page\/de\/product\/meerwasserfilter-rgxl-1162-2\/","title":{"rendered":"Seewasserfilter Guidi RGXL-1162 2&quot;"},"content":{"rendered":"<p>Seewasserfilter Guidi RGXL-1162 2&#8243; &#8211; <\/p>\n<p><strong>Guidi Bronze Seewasserfilter &#8211; Serie 1162<\/strong><\/p>\n<ul>\n<li><strong>Geh\u00e4usematerial:<\/strong> Nickelbeschichtetes Bronze<\/li>\n<li><strong>Oberplatte:<\/strong> Transparentes Polycarbonat<\/li>\n<li><strong>O-Ring:<\/strong> Neopren<\/li>\n<li><strong>Filterkorb und Schrauben:<\/strong> AISI 316L Edelstahl<\/li>\n<li><strong>Einlassart:<\/strong> Seiteneinlass<\/li>\n<\/ul>\n<p><strong>Technische Daten:<\/strong><\/p>\n<ul>\n<li><strong>Einlass-\/Auslassgr\u00f6\u00dfe:<\/strong> 2 Zoll<\/li>\n<li><strong>Filtermaschenperforation:<\/strong> 0,9 mm<\/li>\n<li><strong>Durchflussrate bei einem Druckabfall von 0,1 Bar:<\/strong> 19.900 L\/h<\/li>\n<li><strong>Durchflussrate bei einem Druckabfall von 1 Bar:<\/strong> 63.000 L\/h<\/li>\n<li><strong>L\u00e4nge (L):<\/strong> 242 mm<\/li>\n<li><strong>H\u00f6he (H):<\/strong> 216 mm<\/li>\n<li><strong>H\u00f6he bis Einlass (H1):<\/strong> 149 mm<\/li>\n<li><strong>H\u00f6he bis Filter (Hf):<\/strong> 108 mm<\/li>\n<li><strong>Durchmesser (Df):<\/strong> 124 mm<\/li>\n<li><strong>Gewicht:<\/strong> 7,8 kg<\/li>\n<\/ul>\n<p>Diese Filterserie ist f\u00fcr Langlebigkeit und Effizienz ausgelegt und somit eine ausgezeichnete Wahl f\u00fcr Ihre Bootsbed\u00fcrfnisse.<\/p>\n","protected":false},"excerpt":{"rendered":"<p>Seewasserfilter Guidi RGXL-1162 2&#8243; &#8211; Guidi Bronze Seewasserfilter &#8211; Serie 1162 Geh\u00e4usematerial: Nickelbeschichtetes Bronze Oberplatte: Transparentes Polycarbonat O-Ring: Neopren Filterkorb<\/p>\n","protected":false},"featured_media":5947452,"comment_status":"open","ping_status":"closed","template":"","meta":[],"product_brand":[2995],"product_cat":[1527],"product_tag":[],"class_list":{"0":"post-738314","1":"product","2":"type-product","3":"status-publish","4":"has-post-thumbnail","6":"product_brand-guidi-marine-de","7":"product_cat-meerwasserfilter","9":"first","10":"instock","11":"shipping-taxable","12":"purchasable","13":"product-type-simple"},"_links":{"self":[{"href":"https:\/\/stoic-curie.212-227-153-4.plesk.page\/de\/wp-json\/wp\/v2\/product\/738314","targetHints":{"allow":["GET"]}}],"collection":[{"href":"https:\/\/stoic-curie.212-227-153-4.plesk.page\/de\/wp-json\/wp\/v2\/product"}],"about":[{"href":"https:\/\/stoic-curie.212-227-153-4.plesk.page\/de\/wp-json\/wp\/v2\/types\/product"}],"replies":[{"embeddable":true,"href":"https:\/\/stoic-curie.212-227-153-4.plesk.page\/de\/wp-json\/wp\/v2\/comments?post=738314"}],"version-history":[{"count":0,"href":"https:\/\/stoic-curie.212-227-153-4.plesk.page\/de\/wp-json\/wp\/v2\/product\/738314\/revisions"}],"wp:featuredmedia":[{"embeddable":true,"href":"https:\/\/stoic-curie.212-227-153-4.plesk.page\/de\/wp-json\/wp\/v2\/media\/5947452"}],"wp:attachment":[{"href":"https:\/\/stoic-curie.212-227-153-4.plesk.page\/de\/wp-json\/wp\/v2\/media?parent=738314"}],"wp:term":[{"taxonomy":"product_brand","embeddable":true,"href":"https:\/\/stoic-curie.212-227-153-4.plesk.page\/de\/wp-json\/wp\/v2\/product_brand?post=738314"},{"taxonomy":"product_cat","embeddable":true,"href":"https:\/\/stoic-curie.212-227-153-4.plesk.page\/de\/wp-json\/wp\/v2\/product_cat?post=738314"},{"taxonomy":"product_tag","embeddable":true,"href":"https:\/\/stoic-curie.212-227-153-4.plesk.page\/de\/wp-json\/wp\/v2\/product_tag?post=738314"}],"curies":[{"name":"wp","href":"https:\/\/api.w.org\/{rel}","templated":true}]}}