{"id":738315,"date":"2025-03-03T17:47:14","date_gmt":"2025-03-03T16:47:14","guid":{"rendered":"https:\/\/stoic-curie.212-227-153-4.plesk.page\/producto\/meerwasserfilter-rgxl-1162-21-2\/"},"modified":"2026-02-24T23:35:18","modified_gmt":"2026-02-24T23:35:18","slug":"meerwasserfilter-rgxl-1162-21-2","status":"publish","type":"product","link":"https:\/\/stoic-curie.212-227-153-4.plesk.page\/de\/product\/meerwasserfilter-rgxl-1162-21-2\/","title":{"rendered":"Seewasserfilter Guidi RGXL-1162 2&#8243;1\/2"},"content":{"rendered":"<p>Seewasserfilter Guidi RGXL-1162 2&#8243;1\/2 &#8211; <\/p>\n<p><strong>Guidi Bronze-Seewasserfilter &#8211; Serie 1162<\/strong><\/p>\n<ul>\n<li><strong>Geh\u00e4usematerial:<\/strong> Nickelbeschichteter Bronze<\/li>\n<li><strong>Obere Platte:<\/strong> Durchsichtiges Polycarbonat<\/li>\n<li><strong>O-Ring:<\/strong> Neopren<\/li>\n<li><strong>Filterkorb und Schrauben:<\/strong> AISI 316L Edelstahl<\/li>\n<li><strong>Einlassart:<\/strong> Seiteneinlass<\/li>\n<\/ul>\n<p><strong>Technische Daten:<\/strong><\/p>\n<ul>\n<li><strong>Einlass-\/Auslassgr\u00f6\u00dfe:<\/strong> 2,5 Zoll<\/li>\n<li><strong>Korbdurchlassgr\u00f6\u00dfe:<\/strong> 1,85 mm<\/li>\n<li><strong>Durchflussrate bei 0,1 Bar Druckabfall:<\/strong> 33.900 L\/h<\/li>\n<li><strong>Durchflussrate bei 1 Bar Druckabfall:<\/strong> 107.300 L\/h<\/li>\n<li><strong>L\u00e4nge (L):<\/strong> 260 mm<\/li>\n<li><strong>H\u00f6he (H):<\/strong> 284 mm<\/li>\n<li><strong>H\u00f6he (H1):<\/strong> 210 mm<\/li>\n<li><strong>H\u00f6he (Hf):<\/strong> 175 mm<\/li>\n<li><strong>Durchmesser (Df):<\/strong> 124 mm<\/li>\n<li><strong>Gewicht:<\/strong> 11 kg<\/li>\n<\/ul>\n<p>Diese Filterserie ist f\u00fcr Langlebigkeit und Effizienz ausgelegt und stellt eine ausgezeichnete Wahl f\u00fcr Ihre Bootsbed\u00fcrfnisse dar.<\/p>\n","protected":false},"excerpt":{"rendered":"<p>Seewasserfilter Guidi RGXL-1162 2&#8243;1\/2 &#8211; Guidi Bronze-Seewasserfilter &#8211; Serie 1162 Geh\u00e4usematerial: Nickelbeschichteter Bronze Obere Platte: Durchsichtiges Polycarbonat O-Ring: Neopren Filterkorb<\/p>\n","protected":false},"featured_media":5947452,"comment_status":"open","ping_status":"closed","template":"","meta":[],"product_brand":[2995],"product_cat":[1527],"product_tag":[],"class_list":{"0":"post-738315","1":"product","2":"type-product","3":"status-publish","4":"has-post-thumbnail","6":"product_brand-guidi-marine-de","7":"product_cat-meerwasserfilter","9":"first","10":"instock","11":"shipping-taxable","12":"purchasable","13":"product-type-simple"},"_links":{"self":[{"href":"https:\/\/stoic-curie.212-227-153-4.plesk.page\/de\/wp-json\/wp\/v2\/product\/738315","targetHints":{"allow":["GET"]}}],"collection":[{"href":"https:\/\/stoic-curie.212-227-153-4.plesk.page\/de\/wp-json\/wp\/v2\/product"}],"about":[{"href":"https:\/\/stoic-curie.212-227-153-4.plesk.page\/de\/wp-json\/wp\/v2\/types\/product"}],"replies":[{"embeddable":true,"href":"https:\/\/stoic-curie.212-227-153-4.plesk.page\/de\/wp-json\/wp\/v2\/comments?post=738315"}],"version-history":[{"count":0,"href":"https:\/\/stoic-curie.212-227-153-4.plesk.page\/de\/wp-json\/wp\/v2\/product\/738315\/revisions"}],"wp:featuredmedia":[{"embeddable":true,"href":"https:\/\/stoic-curie.212-227-153-4.plesk.page\/de\/wp-json\/wp\/v2\/media\/5947452"}],"wp:attachment":[{"href":"https:\/\/stoic-curie.212-227-153-4.plesk.page\/de\/wp-json\/wp\/v2\/media?parent=738315"}],"wp:term":[{"taxonomy":"product_brand","embeddable":true,"href":"https:\/\/stoic-curie.212-227-153-4.plesk.page\/de\/wp-json\/wp\/v2\/product_brand?post=738315"},{"taxonomy":"product_cat","embeddable":true,"href":"https:\/\/stoic-curie.212-227-153-4.plesk.page\/de\/wp-json\/wp\/v2\/product_cat?post=738315"},{"taxonomy":"product_tag","embeddable":true,"href":"https:\/\/stoic-curie.212-227-153-4.plesk.page\/de\/wp-json\/wp\/v2\/product_tag?post=738315"}],"curies":[{"name":"wp","href":"https:\/\/api.w.org\/{rel}","templated":true}]}}