{"id":738316,"date":"2025-03-03T17:47:14","date_gmt":"2025-03-03T16:47:14","guid":{"rendered":"https:\/\/stoic-curie.212-227-153-4.plesk.page\/producto\/meerwasserfilter-guidi-rgxl-1162-3\/"},"modified":"2026-02-24T23:35:18","modified_gmt":"2026-02-24T23:35:18","slug":"meerwasserfilter-guidi-rgxl-1162-3","status":"publish","type":"product","link":"https:\/\/stoic-curie.212-227-153-4.plesk.page\/de\/product\/meerwasserfilter-guidi-rgxl-1162-3\/","title":{"rendered":"Meerwasserfilter Guidi RGXL-1162 3"},"content":{"rendered":"<p>Meerwasserfilter Guidi RGXL-1162 3 &#8211; <\/p>\n<p>Dieser Seewasserfilter aus vernickeltem Bronze und mit Edelstahlkomponenten ist R.I.Na. zertifiziert. Er wurde speziell f\u00fcr den Einsatz mit leistungsstarken Pumpen und K\u00fchlsystemen f\u00fcr Motoren entwickelt. Die Guidi Seewasser-Filter geh\u00f6ren zur 1162 Serie.<\/p>\n<p><strong>Spezifikationen:<\/strong><\/p>\n<ul>\n<li><strong>Korpus:<\/strong> Vernickelte Bronze<\/li>\n<li><strong>Obere Platte:<\/strong> Durchsichtiger Polycarbonat<\/li>\n<li><strong>Dichtung:<\/strong> Neopren<\/li>\n<li><strong>Filterkorb und Schrauben:<\/strong> AISI 316L Edelstahl<\/li>\n<li><strong>Seitenanschluss<\/strong><\/li>\n<\/ul>\n<p><strong>Abmessungen und Leistung:<\/strong><\/p>\n<ul>\n<li><strong>Einlass\/Auslassgr\u00f6\u00dfe:<\/strong> 3 Zoll<\/li>\n<li><strong>Korbdurchmesser:<\/strong> 1,85 mm<\/li>\n<li><strong>Durchflussrate bei 0,1 Bar Druckabfall:<\/strong> 50.000 L\/h<\/li>\n<li><strong>Durchflussrate bei 1 Bar Druckabfall:<\/strong> 166.730 L\/h<\/li>\n<li><strong>L\u00e4nge (L):<\/strong> 309 mm<\/li>\n<li><strong>H\u00f6he (H):<\/strong> 292 mm<\/li>\n<li><strong>H\u00f6he zum Einlass (H1):<\/strong> 205 mm<\/li>\n<li><strong>H\u00f6he zum Filter (Hf):<\/strong> 151 mm<\/li>\n<li><strong>Durchmesser (Df):<\/strong> 165 mm<\/li>\n<li><strong>Gewicht:<\/strong> 15,8 kg<\/li>\n<\/ul>\n<p>Dieser Filter ist eine hervorragende Wahl, um eine effiziente Seewasserfiltration in Ihren Bootssystemen sicherzustellen.<\/p>\n","protected":false},"excerpt":{"rendered":"<p>Meerwasserfilter Guidi RGXL-1162 3 &#8211; Dieser Seewasserfilter aus vernickeltem Bronze und mit Edelstahlkomponenten ist R.I.Na. zertifiziert. Er wurde speziell f\u00fcr<\/p>\n","protected":false},"featured_media":5947452,"comment_status":"open","ping_status":"closed","template":"","meta":[],"product_brand":[2995],"product_cat":[1527],"product_tag":[],"class_list":{"0":"post-738316","1":"product","2":"type-product","3":"status-publish","4":"has-post-thumbnail","6":"product_brand-guidi-marine-de","7":"product_cat-meerwasserfilter","9":"first","10":"instock","11":"shipping-taxable","12":"purchasable","13":"product-type-simple"},"_links":{"self":[{"href":"https:\/\/stoic-curie.212-227-153-4.plesk.page\/de\/wp-json\/wp\/v2\/product\/738316","targetHints":{"allow":["GET"]}}],"collection":[{"href":"https:\/\/stoic-curie.212-227-153-4.plesk.page\/de\/wp-json\/wp\/v2\/product"}],"about":[{"href":"https:\/\/stoic-curie.212-227-153-4.plesk.page\/de\/wp-json\/wp\/v2\/types\/product"}],"replies":[{"embeddable":true,"href":"https:\/\/stoic-curie.212-227-153-4.plesk.page\/de\/wp-json\/wp\/v2\/comments?post=738316"}],"version-history":[{"count":0,"href":"https:\/\/stoic-curie.212-227-153-4.plesk.page\/de\/wp-json\/wp\/v2\/product\/738316\/revisions"}],"wp:featuredmedia":[{"embeddable":true,"href":"https:\/\/stoic-curie.212-227-153-4.plesk.page\/de\/wp-json\/wp\/v2\/media\/5947452"}],"wp:attachment":[{"href":"https:\/\/stoic-curie.212-227-153-4.plesk.page\/de\/wp-json\/wp\/v2\/media?parent=738316"}],"wp:term":[{"taxonomy":"product_brand","embeddable":true,"href":"https:\/\/stoic-curie.212-227-153-4.plesk.page\/de\/wp-json\/wp\/v2\/product_brand?post=738316"},{"taxonomy":"product_cat","embeddable":true,"href":"https:\/\/stoic-curie.212-227-153-4.plesk.page\/de\/wp-json\/wp\/v2\/product_cat?post=738316"},{"taxonomy":"product_tag","embeddable":true,"href":"https:\/\/stoic-curie.212-227-153-4.plesk.page\/de\/wp-json\/wp\/v2\/product_tag?post=738316"}],"curies":[{"name":"wp","href":"https:\/\/api.w.org\/{rel}","templated":true}]}}