{"id":738317,"date":"2025-03-03T17:47:14","date_gmt":"2025-03-03T16:47:14","guid":{"rendered":"https:\/\/stoic-curie.212-227-153-4.plesk.page\/producto\/ersatz-sieb-fuer-guidi-rgxl-1162-2\/"},"modified":"2026-02-24T23:35:18","modified_gmt":"2026-02-24T23:35:18","slug":"ersatz-sieb-fuer-guidi-rgxl-1162-2","status":"publish","type":"product","link":"https:\/\/stoic-curie.212-227-153-4.plesk.page\/de\/product\/ersatz-sieb-fuer-guidi-rgxl-1162-2\/","title":{"rendered":"Ersatz-Sieb f\u00fcr Guidi Rgxl-1162 (2&#8243;)"},"content":{"rendered":"<p>Ersatz-Sieb f\u00fcr Guidi Rgxl-1162 (2&#8243;) &#8211; <\/p>\n<p>Nickelbeschichteter Bronze-Seewasserfilter mit Edelstahlteilen, R.I.Na. genehmigt. Ideal f\u00fcr Pumpen mit hoher Kapazit\u00e4t und zur K\u00fchlung von Motoren.<\/p>\n","protected":false},"excerpt":{"rendered":"<p>Ersatz-Sieb f\u00fcr Guidi Rgxl-1162 (2&#8243;) &#8211; Nickelbeschichteter Bronze-Seewasserfilter mit Edelstahlteilen, R.I.Na. genehmigt. Ideal f\u00fcr Pumpen mit hoher Kapazit\u00e4t und zur<\/p>\n","protected":false},"featured_media":5947444,"comment_status":"open","ping_status":"closed","template":"","meta":[],"product_brand":[2995],"product_cat":[1527],"product_tag":[],"class_list":{"0":"post-738317","1":"product","2":"type-product","3":"status-publish","4":"has-post-thumbnail","6":"product_brand-guidi-marine-de","7":"product_cat-meerwasserfilter","9":"first","10":"instock","11":"shipping-taxable","12":"purchasable","13":"product-type-simple"},"_links":{"self":[{"href":"https:\/\/stoic-curie.212-227-153-4.plesk.page\/de\/wp-json\/wp\/v2\/product\/738317","targetHints":{"allow":["GET"]}}],"collection":[{"href":"https:\/\/stoic-curie.212-227-153-4.plesk.page\/de\/wp-json\/wp\/v2\/product"}],"about":[{"href":"https:\/\/stoic-curie.212-227-153-4.plesk.page\/de\/wp-json\/wp\/v2\/types\/product"}],"replies":[{"embeddable":true,"href":"https:\/\/stoic-curie.212-227-153-4.plesk.page\/de\/wp-json\/wp\/v2\/comments?post=738317"}],"version-history":[{"count":0,"href":"https:\/\/stoic-curie.212-227-153-4.plesk.page\/de\/wp-json\/wp\/v2\/product\/738317\/revisions"}],"wp:featuredmedia":[{"embeddable":true,"href":"https:\/\/stoic-curie.212-227-153-4.plesk.page\/de\/wp-json\/wp\/v2\/media\/5947444"}],"wp:attachment":[{"href":"https:\/\/stoic-curie.212-227-153-4.plesk.page\/de\/wp-json\/wp\/v2\/media?parent=738317"}],"wp:term":[{"taxonomy":"product_brand","embeddable":true,"href":"https:\/\/stoic-curie.212-227-153-4.plesk.page\/de\/wp-json\/wp\/v2\/product_brand?post=738317"},{"taxonomy":"product_cat","embeddable":true,"href":"https:\/\/stoic-curie.212-227-153-4.plesk.page\/de\/wp-json\/wp\/v2\/product_cat?post=738317"},{"taxonomy":"product_tag","embeddable":true,"href":"https:\/\/stoic-curie.212-227-153-4.plesk.page\/de\/wp-json\/wp\/v2\/product_tag?post=738317"}],"curies":[{"name":"wp","href":"https:\/\/api.w.org\/{rel}","templated":true}]}}