{"id":738320,"date":"2025-03-03T17:47:15","date_gmt":"2025-03-03T16:47:15","guid":{"rendered":"https:\/\/stoic-curie.212-227-153-4.plesk.page\/producto\/kraftstoffeinfuellstutzen-keylock-fuer-50-mm\/"},"modified":"2026-02-24T23:35:18","modified_gmt":"2026-02-24T23:35:18","slug":"kraftstoffeinfuellstutzen-keylock-fuer-50-mm","status":"publish","type":"product","link":"https:\/\/stoic-curie.212-227-153-4.plesk.page\/de\/product\/kraftstoffeinfuellstutzen-keylock-fuer-50-mm\/","title":{"rendered":"Kraftstoffeinf\u00fcllstutzen &#8220;Keylock&#8221; f\u00fcr 50 mm"},"content":{"rendered":"<p>Kraftstoffeinf\u00fcllstutzen &#8220;Keylock&#8221; f\u00fcr 50 mm &#8211; <\/p>\n<p>Schl\u00fcsselschloss aus verchromtem Messing mit Hebel zum \u00d6ffnen und Schlie\u00dfen. Wasserdicht und wasserdichte Schlie\u00dfung.<\/p>\n","protected":false},"excerpt":{"rendered":"<p>Kraftstoffeinf\u00fcllstutzen &#8220;Keylock&#8221; f\u00fcr 50 mm &#8211; Schl\u00fcsselschloss aus verchromtem Messing mit Hebel zum \u00d6ffnen und Schlie\u00dfen. Wasserdicht und wasserdichte Schlie\u00dfung.<\/p>\n","protected":false},"featured_media":5947456,"comment_status":"open","ping_status":"closed","template":"","meta":[],"product_brand":[2945],"product_cat":[1514],"product_tag":[],"class_list":{"0":"post-738320","1":"product","2":"type-product","3":"status-publish","4":"has-post-thumbnail","6":"product_brand-foresti-suardi-de","7":"product_cat-kraftstoffeinfueller","9":"first","10":"instock","11":"shipping-taxable","12":"purchasable","13":"product-type-simple"},"_links":{"self":[{"href":"https:\/\/stoic-curie.212-227-153-4.plesk.page\/de\/wp-json\/wp\/v2\/product\/738320","targetHints":{"allow":["GET"]}}],"collection":[{"href":"https:\/\/stoic-curie.212-227-153-4.plesk.page\/de\/wp-json\/wp\/v2\/product"}],"about":[{"href":"https:\/\/stoic-curie.212-227-153-4.plesk.page\/de\/wp-json\/wp\/v2\/types\/product"}],"replies":[{"embeddable":true,"href":"https:\/\/stoic-curie.212-227-153-4.plesk.page\/de\/wp-json\/wp\/v2\/comments?post=738320"}],"version-history":[{"count":0,"href":"https:\/\/stoic-curie.212-227-153-4.plesk.page\/de\/wp-json\/wp\/v2\/product\/738320\/revisions"}],"wp:featuredmedia":[{"embeddable":true,"href":"https:\/\/stoic-curie.212-227-153-4.plesk.page\/de\/wp-json\/wp\/v2\/media\/5947456"}],"wp:attachment":[{"href":"https:\/\/stoic-curie.212-227-153-4.plesk.page\/de\/wp-json\/wp\/v2\/media?parent=738320"}],"wp:term":[{"taxonomy":"product_brand","embeddable":true,"href":"https:\/\/stoic-curie.212-227-153-4.plesk.page\/de\/wp-json\/wp\/v2\/product_brand?post=738320"},{"taxonomy":"product_cat","embeddable":true,"href":"https:\/\/stoic-curie.212-227-153-4.plesk.page\/de\/wp-json\/wp\/v2\/product_cat?post=738320"},{"taxonomy":"product_tag","embeddable":true,"href":"https:\/\/stoic-curie.212-227-153-4.plesk.page\/de\/wp-json\/wp\/v2\/product_tag?post=738320"}],"curies":[{"name":"wp","href":"https:\/\/api.w.org\/{rel}","templated":true}]}}