{"id":738323,"date":"2025-03-03T17:47:16","date_gmt":"2025-03-03T16:47:16","guid":{"rendered":"https:\/\/stoic-curie.212-227-153-4.plesk.page\/producto\/belueftungsschlauch-lightflex-110mm\/"},"modified":"2026-02-24T23:35:18","modified_gmt":"2026-02-24T23:35:18","slug":"belueftungsschlauch-lightflex-110mm","status":"publish","type":"product","link":"https:\/\/stoic-curie.212-227-153-4.plesk.page\/de\/product\/belueftungsschlauch-lightflex-110mm\/","title":{"rendered":"Bel\u00fcftungsschlauch Lightflex 110mm"},"content":{"rendered":"<p>Bel\u00fcftungsschlauch Lightflex 110mm &#8211; <\/p>\n<p>Wellenaus PVC mit schockabsorbierenden starren Polymerverst\u00e4rkungen. Dank des Fehlens der Metallspirale l\u00e4sst sich der Schlauch problemlos auf die gew\u00fcnschte L\u00e4nge schneiden. Flexibel, widerstandsf\u00e4hig und geeignet f\u00fcr Bel\u00fcftungssysteme, zur Luftansaugung sowie zum Schutz von Leitungen und Kabeln aller Art.<\/p>\n","protected":false},"excerpt":{"rendered":"<p>Bel\u00fcftungsschlauch Lightflex 110mm &#8211; Wellenaus PVC mit schockabsorbierenden starren Polymerverst\u00e4rkungen. Dank des Fehlens der Metallspirale l\u00e4sst sich der Schlauch problemlos<\/p>\n","protected":false},"featured_media":5947503,"comment_status":"open","ping_status":"closed","template":"","meta":[],"product_brand":[3140],"product_cat":[1445,1539],"product_tag":[],"class_list":{"0":"post-738323","1":"product","2":"type-product","3":"status-publish","4":"has-post-thumbnail","6":"product_brand-matromarine-de","7":"product_cat-bilgengeblaese","8":"product_cat-motorlueftungssysteme","10":"first","11":"instock","12":"shipping-taxable","13":"purchasable","14":"product-type-simple"},"_links":{"self":[{"href":"https:\/\/stoic-curie.212-227-153-4.plesk.page\/de\/wp-json\/wp\/v2\/product\/738323","targetHints":{"allow":["GET"]}}],"collection":[{"href":"https:\/\/stoic-curie.212-227-153-4.plesk.page\/de\/wp-json\/wp\/v2\/product"}],"about":[{"href":"https:\/\/stoic-curie.212-227-153-4.plesk.page\/de\/wp-json\/wp\/v2\/types\/product"}],"replies":[{"embeddable":true,"href":"https:\/\/stoic-curie.212-227-153-4.plesk.page\/de\/wp-json\/wp\/v2\/comments?post=738323"}],"version-history":[{"count":0,"href":"https:\/\/stoic-curie.212-227-153-4.plesk.page\/de\/wp-json\/wp\/v2\/product\/738323\/revisions"}],"wp:featuredmedia":[{"embeddable":true,"href":"https:\/\/stoic-curie.212-227-153-4.plesk.page\/de\/wp-json\/wp\/v2\/media\/5947503"}],"wp:attachment":[{"href":"https:\/\/stoic-curie.212-227-153-4.plesk.page\/de\/wp-json\/wp\/v2\/media?parent=738323"}],"wp:term":[{"taxonomy":"product_brand","embeddable":true,"href":"https:\/\/stoic-curie.212-227-153-4.plesk.page\/de\/wp-json\/wp\/v2\/product_brand?post=738323"},{"taxonomy":"product_cat","embeddable":true,"href":"https:\/\/stoic-curie.212-227-153-4.plesk.page\/de\/wp-json\/wp\/v2\/product_cat?post=738323"},{"taxonomy":"product_tag","embeddable":true,"href":"https:\/\/stoic-curie.212-227-153-4.plesk.page\/de\/wp-json\/wp\/v2\/product_tag?post=738323"}],"curies":[{"name":"wp","href":"https:\/\/api.w.org\/{rel}","templated":true}]}}