{"id":738325,"date":"2025-03-03T17:47:16","date_gmt":"2025-03-03T16:47:16","guid":{"rendered":"https:\/\/stoic-curie.212-227-153-4.plesk.page\/producto\/manuelle-bilgenpumpe-johnson-viking-fuer-deckmontage-38-mm-11-2\/"},"modified":"2026-02-24T23:35:18","modified_gmt":"2026-02-24T23:35:18","slug":"manuelle-bilgenpumpe-johnson-viking-fuer-deckmontage-38-mm-11-2","status":"publish","type":"product","link":"https:\/\/stoic-curie.212-227-153-4.plesk.page\/de\/product\/manuelle-bilgenpumpe-johnson-viking-fuer-deckmontage-38-mm-11-2\/","title":{"rendered":"Manuelle Bilgenpumpe Johnson Viking f\u00fcr Deckmontage 38 mm (1&#8243;1\/2)"},"content":{"rendered":"<p>Manuelle Bilgenpumpe Johnson Viking f\u00fcr Deckmontage 38 mm (1&#8243;1\/2) &#8211; <\/p>\n<p>Oberfl\u00e4chenmontage (Bulkhead) oder unterdeckmontierte Einbautyp (Thrudeck) Membran-Bilgepumpe. Immer einsatzbereit dank des abnehmbaren Hebels. Selbstansaugend mit sofortiger Wirkung bis zu 3 Metern. Dank der gro\u00dfen Ausg\u00e4nge kann sie auch zum Pumpen von Toilettenabf\u00e4llen verwendet werden.<\/p>\n","protected":false},"excerpt":{"rendered":"<p>Manuelle Bilgenpumpe Johnson Viking f\u00fcr Deckmontage 38 mm (1&#8243;1\/2) &#8211; Oberfl\u00e4chenmontage (Bulkhead) oder unterdeckmontierte Einbautyp (Thrudeck) Membran-Bilgepumpe. Immer einsatzbereit dank<\/p>\n","protected":false},"featured_media":5947517,"comment_status":"open","ping_status":"closed","template":"","meta":[],"product_brand":[3045],"product_cat":[1367],"product_tag":[],"class_list":{"0":"post-738325","1":"product","2":"type-product","3":"status-publish","4":"has-post-thumbnail","6":"product_brand-johnson-marine-de","7":"product_cat-manuelle-bilgepumpen","9":"first","10":"instock","11":"shipping-taxable","12":"purchasable","13":"product-type-simple"},"_links":{"self":[{"href":"https:\/\/stoic-curie.212-227-153-4.plesk.page\/de\/wp-json\/wp\/v2\/product\/738325","targetHints":{"allow":["GET"]}}],"collection":[{"href":"https:\/\/stoic-curie.212-227-153-4.plesk.page\/de\/wp-json\/wp\/v2\/product"}],"about":[{"href":"https:\/\/stoic-curie.212-227-153-4.plesk.page\/de\/wp-json\/wp\/v2\/types\/product"}],"replies":[{"embeddable":true,"href":"https:\/\/stoic-curie.212-227-153-4.plesk.page\/de\/wp-json\/wp\/v2\/comments?post=738325"}],"version-history":[{"count":0,"href":"https:\/\/stoic-curie.212-227-153-4.plesk.page\/de\/wp-json\/wp\/v2\/product\/738325\/revisions"}],"wp:featuredmedia":[{"embeddable":true,"href":"https:\/\/stoic-curie.212-227-153-4.plesk.page\/de\/wp-json\/wp\/v2\/media\/5947517"}],"wp:attachment":[{"href":"https:\/\/stoic-curie.212-227-153-4.plesk.page\/de\/wp-json\/wp\/v2\/media?parent=738325"}],"wp:term":[{"taxonomy":"product_brand","embeddable":true,"href":"https:\/\/stoic-curie.212-227-153-4.plesk.page\/de\/wp-json\/wp\/v2\/product_brand?post=738325"},{"taxonomy":"product_cat","embeddable":true,"href":"https:\/\/stoic-curie.212-227-153-4.plesk.page\/de\/wp-json\/wp\/v2\/product_cat?post=738325"},{"taxonomy":"product_tag","embeddable":true,"href":"https:\/\/stoic-curie.212-227-153-4.plesk.page\/de\/wp-json\/wp\/v2\/product_tag?post=738325"}],"curies":[{"name":"wp","href":"https:\/\/api.w.org\/{rel}","templated":true}]}}