{"id":738327,"date":"2025-03-03T17:47:17","date_gmt":"2025-03-03T16:47:17","guid":{"rendered":"https:\/\/stoic-curie.212-227-153-4.plesk.page\/producto\/rule-lopro-lp900s\/"},"modified":"2026-02-24T23:35:18","modified_gmt":"2026-02-24T23:35:18","slug":"rule-lopro-lp900s","status":"publish","type":"product","link":"https:\/\/stoic-curie.212-227-153-4.plesk.page\/de\/product\/rule-lopro-lp900s\/","title":{"rendered":"Rule Lopro LP900S"},"content":{"rendered":"<p>Rule Lopro LP900S &#8211; <\/p>\n<p>Niedrigprofil Rule LoPro Tauchpumpen sind ideal f\u00fcr den Einsatz in engen R\u00e4umen. Ausgestattet mit einem R\u00fcckschlagventil und einem um 180\u00b0 drehbaren Abflussanschluss. Die automatische Version hat einen integrierten Schalter und aktiviert sich automatisch, wenn Wasser im Bilgebereich erkannt wird. Dank des integrierten elektronischen Sensors kann sie auch auf verschiedene Wasserst\u00e4nde und Aktivierungszyklen eingestellt werden.<\/p>\n","protected":false},"excerpt":{"rendered":"<p>Rule Lopro LP900S &#8211; Niedrigprofil Rule LoPro Tauchpumpen sind ideal f\u00fcr den Einsatz in engen R\u00e4umen. Ausgestattet mit einem R\u00fcckschlagventil<\/p>\n","protected":false},"featured_media":5947519,"comment_status":"open","ping_status":"closed","template":"","meta":[],"product_brand":[3325],"product_cat":[1372],"product_tag":[],"class_list":{"0":"post-738327","1":"product","2":"type-product","3":"status-publish","4":"has-post-thumbnail","6":"product_brand-rule-de","7":"product_cat-elektrische-bilgepumpen","9":"first","10":"instock","11":"shipping-taxable","12":"purchasable","13":"product-type-simple"},"_links":{"self":[{"href":"https:\/\/stoic-curie.212-227-153-4.plesk.page\/de\/wp-json\/wp\/v2\/product\/738327","targetHints":{"allow":["GET"]}}],"collection":[{"href":"https:\/\/stoic-curie.212-227-153-4.plesk.page\/de\/wp-json\/wp\/v2\/product"}],"about":[{"href":"https:\/\/stoic-curie.212-227-153-4.plesk.page\/de\/wp-json\/wp\/v2\/types\/product"}],"replies":[{"embeddable":true,"href":"https:\/\/stoic-curie.212-227-153-4.plesk.page\/de\/wp-json\/wp\/v2\/comments?post=738327"}],"version-history":[{"count":0,"href":"https:\/\/stoic-curie.212-227-153-4.plesk.page\/de\/wp-json\/wp\/v2\/product\/738327\/revisions"}],"wp:featuredmedia":[{"embeddable":true,"href":"https:\/\/stoic-curie.212-227-153-4.plesk.page\/de\/wp-json\/wp\/v2\/media\/5947519"}],"wp:attachment":[{"href":"https:\/\/stoic-curie.212-227-153-4.plesk.page\/de\/wp-json\/wp\/v2\/media?parent=738327"}],"wp:term":[{"taxonomy":"product_brand","embeddable":true,"href":"https:\/\/stoic-curie.212-227-153-4.plesk.page\/de\/wp-json\/wp\/v2\/product_brand?post=738327"},{"taxonomy":"product_cat","embeddable":true,"href":"https:\/\/stoic-curie.212-227-153-4.plesk.page\/de\/wp-json\/wp\/v2\/product_cat?post=738327"},{"taxonomy":"product_tag","embeddable":true,"href":"https:\/\/stoic-curie.212-227-153-4.plesk.page\/de\/wp-json\/wp\/v2\/product_tag?post=738327"}],"curies":[{"name":"wp","href":"https:\/\/api.w.org\/{rel}","templated":true}]}}