{"id":738329,"date":"2025-03-03T17:47:17","date_gmt":"2025-03-03T16:47:17","guid":{"rendered":"https:\/\/stoic-curie.212-227-153-4.plesk.page\/producto\/automatische-bilgepumpe-sahara-mk2-s750-12v\/"},"modified":"2026-02-24T23:35:18","modified_gmt":"2026-02-24T23:35:18","slug":"automatische-bilgepumpe-sahara-mk2-s750-12v","status":"publish","type":"product","link":"https:\/\/stoic-curie.212-227-153-4.plesk.page\/de\/product\/automatische-bilgepumpe-sahara-mk2-s750-12v\/","title":{"rendered":"Automatische Bilgepumpe Sahara MK2 S750 12V"},"content":{"rendered":"<p>Automatische Bilgepumpe Sahara MK2 S750 12V &#8211; <\/p>\n<p>Attwood Sahara MK2\u00c2\u00a0tauchf\u00e4hige Bilgenpumpe mit integriertem Schwimmerschalter und abnehmbarem Kopf f\u00fcr eine einfache Reinigung. Versiegelter Motor, der vor Elektrolytesch\u00e4den gesch\u00fctzt ist, mit X-Air-Rad, das ein Trockenlaufen und das Eindringen von Luft in die Abgase verhindert. 1&#8243;3\/8 (35mm) Gewindeanschl\u00fcsse, die mit geraden oder winkelverstellbaren Fittings, die mit einer R\u00fcckschlagklappe ausgestattet sind, vervollst\u00e4ndigt werden k\u00f6nnen.<\/p>\n","protected":false},"excerpt":{"rendered":"<p>Automatische Bilgepumpe Sahara MK2 S750 12V &#8211; Attwood Sahara MK2\u00c2\u00a0tauchf\u00e4hige Bilgenpumpe mit integriertem Schwimmerschalter und abnehmbarem Kopf f\u00fcr eine einfache<\/p>\n","protected":false},"featured_media":5947536,"comment_status":"open","ping_status":"closed","template":"","meta":[],"product_brand":[2805],"product_cat":[1372],"product_tag":[],"class_list":{"0":"post-738329","1":"product","2":"type-product","3":"status-publish","4":"has-post-thumbnail","6":"product_brand-attwood-de","7":"product_cat-elektrische-bilgepumpen","9":"first","10":"instock","11":"shipping-taxable","12":"purchasable","13":"product-type-simple"},"_links":{"self":[{"href":"https:\/\/stoic-curie.212-227-153-4.plesk.page\/de\/wp-json\/wp\/v2\/product\/738329","targetHints":{"allow":["GET"]}}],"collection":[{"href":"https:\/\/stoic-curie.212-227-153-4.plesk.page\/de\/wp-json\/wp\/v2\/product"}],"about":[{"href":"https:\/\/stoic-curie.212-227-153-4.plesk.page\/de\/wp-json\/wp\/v2\/types\/product"}],"replies":[{"embeddable":true,"href":"https:\/\/stoic-curie.212-227-153-4.plesk.page\/de\/wp-json\/wp\/v2\/comments?post=738329"}],"version-history":[{"count":0,"href":"https:\/\/stoic-curie.212-227-153-4.plesk.page\/de\/wp-json\/wp\/v2\/product\/738329\/revisions"}],"wp:featuredmedia":[{"embeddable":true,"href":"https:\/\/stoic-curie.212-227-153-4.plesk.page\/de\/wp-json\/wp\/v2\/media\/5947536"}],"wp:attachment":[{"href":"https:\/\/stoic-curie.212-227-153-4.plesk.page\/de\/wp-json\/wp\/v2\/media?parent=738329"}],"wp:term":[{"taxonomy":"product_brand","embeddable":true,"href":"https:\/\/stoic-curie.212-227-153-4.plesk.page\/de\/wp-json\/wp\/v2\/product_brand?post=738329"},{"taxonomy":"product_cat","embeddable":true,"href":"https:\/\/stoic-curie.212-227-153-4.plesk.page\/de\/wp-json\/wp\/v2\/product_cat?post=738329"},{"taxonomy":"product_tag","embeddable":true,"href":"https:\/\/stoic-curie.212-227-153-4.plesk.page\/de\/wp-json\/wp\/v2\/product_tag?post=738329"}],"curies":[{"name":"wp","href":"https:\/\/api.w.org\/{rel}","templated":true}]}}