{"id":738332,"date":"2025-03-03T17:47:18","date_gmt":"2025-03-03T16:47:18","guid":{"rendered":"https:\/\/stoic-curie.212-227-153-4.plesk.page\/producto\/rule-tournament-1600-209fdp\/"},"modified":"2026-02-24T23:35:18","modified_gmt":"2026-02-24T23:35:18","slug":"rule-tournament-1600-209fdp","status":"publish","type":"product","link":"https:\/\/stoic-curie.212-227-153-4.plesk.page\/de\/product\/rule-tournament-1600-209fdp\/","title":{"rendered":"Rule Tournament 1600-209FDP"},"content":{"rendered":"<p>Rule Tournament 1600-209FDP &#8211; <\/p>\n<p>Gro\u00dfe Kapazit\u00e4t Regel-Livewell-Aeratorenpumpe f\u00fcr Sportfischen. Mit doppeltem Auslass f\u00fcr optionalen Waschanschluss, verst\u00e4rktem Nylonboden und einem robusten Motor, der jahrelangen Einsatz garantiert. Abgasanschluss: Rohr-zu-Schlauch 28 mm (1&#8243;1\/8) Zweiter Waschanschluss: 1\/2&#8243; NPT-Gewinde<\/p>\n","protected":false},"excerpt":{"rendered":"<p>Rule Tournament 1600-209FDP &#8211; Gro\u00dfe Kapazit\u00e4t Regel-Livewell-Aeratorenpumpe f\u00fcr Sportfischen. Mit doppeltem Auslass f\u00fcr optionalen Waschanschluss, verst\u00e4rktem Nylonboden und einem robusten<\/p>\n","protected":false},"featured_media":5947539,"comment_status":"open","ping_status":"closed","template":"","meta":[],"product_brand":[3325],"product_cat":[1366],"product_tag":[],"class_list":{"0":"post-738332","1":"product","2":"type-product","3":"status-publish","4":"has-post-thumbnail","6":"product_brand-rule-de","7":"product_cat-bootsbeluefterpumpen","9":"first","10":"instock","11":"shipping-taxable","12":"purchasable","13":"product-type-simple"},"_links":{"self":[{"href":"https:\/\/stoic-curie.212-227-153-4.plesk.page\/de\/wp-json\/wp\/v2\/product\/738332","targetHints":{"allow":["GET"]}}],"collection":[{"href":"https:\/\/stoic-curie.212-227-153-4.plesk.page\/de\/wp-json\/wp\/v2\/product"}],"about":[{"href":"https:\/\/stoic-curie.212-227-153-4.plesk.page\/de\/wp-json\/wp\/v2\/types\/product"}],"replies":[{"embeddable":true,"href":"https:\/\/stoic-curie.212-227-153-4.plesk.page\/de\/wp-json\/wp\/v2\/comments?post=738332"}],"version-history":[{"count":0,"href":"https:\/\/stoic-curie.212-227-153-4.plesk.page\/de\/wp-json\/wp\/v2\/product\/738332\/revisions"}],"wp:featuredmedia":[{"embeddable":true,"href":"https:\/\/stoic-curie.212-227-153-4.plesk.page\/de\/wp-json\/wp\/v2\/media\/5947539"}],"wp:attachment":[{"href":"https:\/\/stoic-curie.212-227-153-4.plesk.page\/de\/wp-json\/wp\/v2\/media?parent=738332"}],"wp:term":[{"taxonomy":"product_brand","embeddable":true,"href":"https:\/\/stoic-curie.212-227-153-4.plesk.page\/de\/wp-json\/wp\/v2\/product_brand?post=738332"},{"taxonomy":"product_cat","embeddable":true,"href":"https:\/\/stoic-curie.212-227-153-4.plesk.page\/de\/wp-json\/wp\/v2\/product_cat?post=738332"},{"taxonomy":"product_tag","embeddable":true,"href":"https:\/\/stoic-curie.212-227-153-4.plesk.page\/de\/wp-json\/wp\/v2\/product_tag?post=738332"}],"curies":[{"name":"wp","href":"https:\/\/api.w.org\/{rel}","templated":true}]}}