{"id":738334,"date":"2025-03-03T17:47:18","date_gmt":"2025-03-03T16:47:18","guid":{"rendered":"https:\/\/stoic-curie.212-227-153-4.plesk.page\/producto\/marco-selbstansaugende-pumpen-ref-up1-j-12-v\/"},"modified":"2026-02-24T23:35:18","modified_gmt":"2026-02-24T23:35:18","slug":"marco-selbstansaugende-pumpen-ref-up1-j-12-v","status":"publish","type":"product","link":"https:\/\/stoic-curie.212-227-153-4.plesk.page\/de\/product\/marco-selbstansaugende-pumpen-ref-up1-j-12-v\/","title":{"rendered":"Marco selbstansaugende Pumpen, Ref UP1-J 12 V"},"content":{"rendered":"<p>Marco selbstansaugende Pumpen, Ref UP1-J 12 V &#8211; <\/p>\n<p>Marco UP1 Nitril-Impeller und verchromter Messingkopf, selbstansaugende Pumpen. Wasserdichte H\u00fclle und wasserdichter Kabelanschluss. F\u00fcr S\u00fc\u00dfwasser, Salzwasser und Bilgenpumpen.<\/p>\n","protected":false},"excerpt":{"rendered":"<p>Marco selbstansaugende Pumpen, Ref UP1-J 12 V &#8211; Marco UP1 Nitril-Impeller und verchromter Messingkopf, selbstansaugende Pumpen. Wasserdichte H\u00fclle und wasserdichter<\/p>\n","protected":false},"featured_media":5947542,"comment_status":"open","ping_status":"closed","template":"","meta":[],"product_brand":[3095],"product_cat":[1372,1384],"product_tag":[],"class_list":{"0":"post-738334","1":"product","2":"type-product","3":"status-publish","4":"has-post-thumbnail","6":"product_brand-marco-de","7":"product_cat-elektrische-bilgepumpen","8":"product_cat-wasserkreislaufpumpen","10":"first","11":"instock","12":"shipping-taxable","13":"purchasable","14":"product-type-simple"},"_links":{"self":[{"href":"https:\/\/stoic-curie.212-227-153-4.plesk.page\/de\/wp-json\/wp\/v2\/product\/738334","targetHints":{"allow":["GET"]}}],"collection":[{"href":"https:\/\/stoic-curie.212-227-153-4.plesk.page\/de\/wp-json\/wp\/v2\/product"}],"about":[{"href":"https:\/\/stoic-curie.212-227-153-4.plesk.page\/de\/wp-json\/wp\/v2\/types\/product"}],"replies":[{"embeddable":true,"href":"https:\/\/stoic-curie.212-227-153-4.plesk.page\/de\/wp-json\/wp\/v2\/comments?post=738334"}],"version-history":[{"count":0,"href":"https:\/\/stoic-curie.212-227-153-4.plesk.page\/de\/wp-json\/wp\/v2\/product\/738334\/revisions"}],"wp:featuredmedia":[{"embeddable":true,"href":"https:\/\/stoic-curie.212-227-153-4.plesk.page\/de\/wp-json\/wp\/v2\/media\/5947542"}],"wp:attachment":[{"href":"https:\/\/stoic-curie.212-227-153-4.plesk.page\/de\/wp-json\/wp\/v2\/media?parent=738334"}],"wp:term":[{"taxonomy":"product_brand","embeddable":true,"href":"https:\/\/stoic-curie.212-227-153-4.plesk.page\/de\/wp-json\/wp\/v2\/product_brand?post=738334"},{"taxonomy":"product_cat","embeddable":true,"href":"https:\/\/stoic-curie.212-227-153-4.plesk.page\/de\/wp-json\/wp\/v2\/product_cat?post=738334"},{"taxonomy":"product_tag","embeddable":true,"href":"https:\/\/stoic-curie.212-227-153-4.plesk.page\/de\/wp-json\/wp\/v2\/product_tag?post=738334"}],"curies":[{"name":"wp","href":"https:\/\/api.w.org\/{rel}","templated":true}]}}