{"id":738339,"date":"2025-03-03T17:47:19","date_gmt":"2025-03-03T16:47:19","guid":{"rendered":"https:\/\/stoic-curie.212-227-153-4.plesk.page\/producto\/jabsco-par-max-hd4-40psi-12v\/"},"modified":"2026-02-24T23:35:18","modified_gmt":"2026-02-24T23:35:18","slug":"jabsco-par-max-hd4-40psi-12v","status":"publish","type":"product","link":"https:\/\/stoic-curie.212-227-153-4.plesk.page\/de\/product\/jabsco-par-max-hd4-40psi-12v\/","title":{"rendered":"Jabsco Par-Max HD4 40PSI 12v"},"content":{"rendered":"<p>Jabsco Par-Max HD4 40PSI 12v &#8211; <\/p>\n<p>Jabsco Par-Max HD Frischwasser-Druckpumpe f\u00fcr Sp\u00fclen und Duschen, geeignet f\u00fcr 2 bis 4 Anwendungen. Selbstansaugend bis zu 2 Meter, mit Permanentmagnetmotor und Bypass-System, das einen konstanten Fluss und ger\u00e4uschlosen Betrieb gew\u00e4hrleistet. Komplett mit Filter und Schnellverschl\u00fcssen.<\/p>\n","protected":false},"excerpt":{"rendered":"<p>Jabsco Par-Max HD4 40PSI 12v &#8211; Jabsco Par-Max HD Frischwasser-Druckpumpe f\u00fcr Sp\u00fclen und Duschen, geeignet f\u00fcr 2 bis 4 Anwendungen.<\/p>\n","protected":false},"featured_media":5947547,"comment_status":"open","ping_status":"closed","template":"","meta":[],"product_brand":[3030],"product_cat":[1361,1373],"product_tag":[],"class_list":{"0":"post-738339","1":"product","2":"type-product","3":"status-publish","4":"has-post-thumbnail","6":"product_brand-jabsco-marine-de","7":"product_cat-bootsreinigungspumpen","8":"product_cat-wasserdruckpumpen","10":"first","11":"instock","12":"shipping-taxable","13":"purchasable","14":"product-type-simple"},"_links":{"self":[{"href":"https:\/\/stoic-curie.212-227-153-4.plesk.page\/de\/wp-json\/wp\/v2\/product\/738339","targetHints":{"allow":["GET"]}}],"collection":[{"href":"https:\/\/stoic-curie.212-227-153-4.plesk.page\/de\/wp-json\/wp\/v2\/product"}],"about":[{"href":"https:\/\/stoic-curie.212-227-153-4.plesk.page\/de\/wp-json\/wp\/v2\/types\/product"}],"replies":[{"embeddable":true,"href":"https:\/\/stoic-curie.212-227-153-4.plesk.page\/de\/wp-json\/wp\/v2\/comments?post=738339"}],"version-history":[{"count":0,"href":"https:\/\/stoic-curie.212-227-153-4.plesk.page\/de\/wp-json\/wp\/v2\/product\/738339\/revisions"}],"wp:featuredmedia":[{"embeddable":true,"href":"https:\/\/stoic-curie.212-227-153-4.plesk.page\/de\/wp-json\/wp\/v2\/media\/5947547"}],"wp:attachment":[{"href":"https:\/\/stoic-curie.212-227-153-4.plesk.page\/de\/wp-json\/wp\/v2\/media?parent=738339"}],"wp:term":[{"taxonomy":"product_brand","embeddable":true,"href":"https:\/\/stoic-curie.212-227-153-4.plesk.page\/de\/wp-json\/wp\/v2\/product_brand?post=738339"},{"taxonomy":"product_cat","embeddable":true,"href":"https:\/\/stoic-curie.212-227-153-4.plesk.page\/de\/wp-json\/wp\/v2\/product_cat?post=738339"},{"taxonomy":"product_tag","embeddable":true,"href":"https:\/\/stoic-curie.212-227-153-4.plesk.page\/de\/wp-json\/wp\/v2\/product_tag?post=738339"}],"curies":[{"name":"wp","href":"https:\/\/api.w.org\/{rel}","templated":true}]}}