{"id":738347,"date":"2025-03-03T17:47:21","date_gmt":"2025-03-03T16:47:21","guid":{"rendered":"https:\/\/stoic-curie.212-227-153-4.plesk.page\/producto\/signalpfeife-marco-237mm-12v\/"},"modified":"2026-02-24T23:35:19","modified_gmt":"2026-02-24T23:35:19","slug":"signalpfeife-marco-237mm-12v","status":"publish","type":"product","link":"https:\/\/stoic-curie.212-227-153-4.plesk.page\/de\/product\/signalpfeife-marco-237mm-12v\/","title":{"rendered":"Genehmigtes elektronisches Signalger\u00e4t Marco EW2-M 12V"},"content":{"rendered":"<p>Genehmigtes elektronisches Signalger\u00e4t Marco EW2-M 12V &#8211; <\/p>\n<p>Wir freuen uns, Ihnen die genehmigte Signalisierungs-Pfeife f\u00fcr Boote von 12 bis 20 Metern vorzustellen, die mit einem Lautsprecher ausgestattet ist. Hier pr\u00e4sentieren wir die zertifizierte elektronische Pfeife, die Marco EW2-M. Diese hochmoderne Pfeife verf\u00fcgt \u00fcber einen robusten Lautsprecher, ein integriertes Membrankontrollpanel und einen ausgekl\u00fcgelten elektronischen Regler, die alle daf\u00fcr entwickelt wurden, optimale Leistung unter verschiedensten Bedingungen zu bieten. Ein besonderes Merkmal dieser Pfeife ist das moderne Ultraschall-Heizungssystem, das die Funktionalit\u00e4t der akustischen Membran erheblich verbessert und so einen klareren und effektiveren Klang erzeugt.<\/p>\n<p>Die Marco EW2-M Pfeife erf\u00fcllt die internationalen Standards der CLASS IV gem\u00e4\u00df COLREG 1972 der IMO, was sie zu einer zuverl\u00e4ssigen Option f\u00fcr die maritime Sicherheit macht. Sie wurde von mehreren angesehenen Organisationen zertifiziert, darunter RINA, LLOYD&#8217;S REGISTER, MCA, BUREAU VERITAS, NMMA und BSH, was ihre Qualit\u00e4t und Zuverl\u00e4ssigkeit best\u00e4tigt. Um Ihr Erlebnis weiter zu verbessern, ist ein benutzerfreundliches Montageset enthalten, das eine einfache Installation gew\u00e4hrleistet. Diese Pfeife ist ein unverzichtbares Werkzeug f\u00fcr Bootsbegeisterte und Fachleute, das Sicherheit und effektive Kommunikation auf dem Wasser f\u00f6rdert.<\/p>\n","protected":false},"excerpt":{"rendered":"<p>Genehmigtes elektronisches Signalger\u00e4t Marco EW2-M 12V &#8211; Wir freuen uns, Ihnen die genehmigte Signalisierungs-Pfeife f\u00fcr Boote von 12 bis 20<\/p>\n","protected":false},"featured_media":5947639,"comment_status":"open","ping_status":"closed","template":"","meta":[],"product_brand":[3095],"product_cat":[1489],"product_tag":[],"class_list":{"0":"post-738347","1":"product","2":"type-product","3":"status-publish","4":"has-post-thumbnail","6":"product_brand-marco-de","7":"product_cat-signalignalgeraete","9":"first","10":"instock","11":"shipping-taxable","12":"purchasable","13":"product-type-simple"},"_links":{"self":[{"href":"https:\/\/stoic-curie.212-227-153-4.plesk.page\/de\/wp-json\/wp\/v2\/product\/738347","targetHints":{"allow":["GET"]}}],"collection":[{"href":"https:\/\/stoic-curie.212-227-153-4.plesk.page\/de\/wp-json\/wp\/v2\/product"}],"about":[{"href":"https:\/\/stoic-curie.212-227-153-4.plesk.page\/de\/wp-json\/wp\/v2\/types\/product"}],"replies":[{"embeddable":true,"href":"https:\/\/stoic-curie.212-227-153-4.plesk.page\/de\/wp-json\/wp\/v2\/comments?post=738347"}],"version-history":[{"count":0,"href":"https:\/\/stoic-curie.212-227-153-4.plesk.page\/de\/wp-json\/wp\/v2\/product\/738347\/revisions"}],"wp:featuredmedia":[{"embeddable":true,"href":"https:\/\/stoic-curie.212-227-153-4.plesk.page\/de\/wp-json\/wp\/v2\/media\/5947639"}],"wp:attachment":[{"href":"https:\/\/stoic-curie.212-227-153-4.plesk.page\/de\/wp-json\/wp\/v2\/media?parent=738347"}],"wp:term":[{"taxonomy":"product_brand","embeddable":true,"href":"https:\/\/stoic-curie.212-227-153-4.plesk.page\/de\/wp-json\/wp\/v2\/product_brand?post=738347"},{"taxonomy":"product_cat","embeddable":true,"href":"https:\/\/stoic-curie.212-227-153-4.plesk.page\/de\/wp-json\/wp\/v2\/product_cat?post=738347"},{"taxonomy":"product_tag","embeddable":true,"href":"https:\/\/stoic-curie.212-227-153-4.plesk.page\/de\/wp-json\/wp\/v2\/product_tag?post=738347"}],"curies":[{"name":"wp","href":"https:\/\/api.w.org\/{rel}","templated":true}]}}