{"id":738348,"date":"2025-03-03T17:47:21","date_gmt":"2025-03-03T16:47:21","guid":{"rendered":"https:\/\/stoic-curie.212-227-153-4.plesk.page\/producto\/signalpfeife-marco-237mm-24v\/"},"modified":"2026-02-24T23:35:19","modified_gmt":"2026-02-24T23:35:19","slug":"signalpfeife-marco-237mm-24v","status":"publish","type":"product","link":"https:\/\/stoic-curie.212-227-153-4.plesk.page\/de\/product\/signalpfeife-marco-237mm-24v\/","title":{"rendered":"Genehmigtes elektronisches Pfeife Marco EW2-M 24v"},"content":{"rendered":"<p>Genehmigtes elektronisches Pfeife Marco EW2-M 24v &#8211; <\/p>\n<p>Wir freuen uns, die genehmigte Signalpfeife f\u00fcr Boote von 12 bis 20 Metern vorzustellen, ausgestattet mit einem leistungsstarken Lautsprecher. Pr\u00e4sentiert wird die zertifizierte elektronische Pfeife, die Marco EW2-M. Diese fortschrittliche Pfeife ist mit einem langlebigen Lautsprecher, einem integrierten Membransteuerpaneel und einem ausgekl\u00fcgelten elektronischen Steuerger\u00e4t versehen, die alle darauf ausgelegt sind, au\u00dfergew\u00f6hnliche Leistungen unter verschiedenen Bedingungen zu bieten. Ein herausragendes Merkmal dieser Pfeife ist ihr innovatives Ultraschallheizsystem, das die Funktionalit\u00e4t der akustischen Membran erheblich verbessert und zu klareren und effektiveren Klangausgaben f\u00fchrt.<\/p>\n<p>Die Marco EW2-M Pfeife entspricht den internationalen Standards der COLREG 1972 IMO Klasse IV und ist somit eine zuverl\u00e4ssige Wahl f\u00fcr die maritime Sicherheit. Sie hat Zertifikate von mehreren respektierten Organisationen erhalten, darunter RINA, LLOYD&#8217;S REGISTER, MCA, BUREAU VERITAS, NMMA und BSH, was ihre Qualit\u00e4t und Zuverl\u00e4ssigkeit best\u00e4tigt. Um Ihr Erlebnis weiter zu verbessern, ist ein praktisches Montageset f\u00fcr eine einfache Installation enthalten. Diese Pfeife ist ein unverzichtbares Werkzeug f\u00fcr sowohl Bootsbegeisterte als auch Fachleute und sorgt f\u00fcr Sicherheit und effektive Kommunikation auf dem Wasser.<\/p>\n","protected":false},"excerpt":{"rendered":"<p>Genehmigtes elektronisches Pfeife Marco EW2-M 24v &#8211; Wir freuen uns, die genehmigte Signalpfeife f\u00fcr Boote von 12 bis 20 Metern<\/p>\n","protected":false},"featured_media":5947639,"comment_status":"open","ping_status":"closed","template":"","meta":[],"product_brand":[3095],"product_cat":[1489],"product_tag":[],"class_list":{"0":"post-738348","1":"product","2":"type-product","3":"status-publish","4":"has-post-thumbnail","6":"product_brand-marco-de","7":"product_cat-signalignalgeraete","9":"first","10":"instock","11":"shipping-taxable","12":"purchasable","13":"product-type-simple"},"_links":{"self":[{"href":"https:\/\/stoic-curie.212-227-153-4.plesk.page\/de\/wp-json\/wp\/v2\/product\/738348","targetHints":{"allow":["GET"]}}],"collection":[{"href":"https:\/\/stoic-curie.212-227-153-4.plesk.page\/de\/wp-json\/wp\/v2\/product"}],"about":[{"href":"https:\/\/stoic-curie.212-227-153-4.plesk.page\/de\/wp-json\/wp\/v2\/types\/product"}],"replies":[{"embeddable":true,"href":"https:\/\/stoic-curie.212-227-153-4.plesk.page\/de\/wp-json\/wp\/v2\/comments?post=738348"}],"version-history":[{"count":0,"href":"https:\/\/stoic-curie.212-227-153-4.plesk.page\/de\/wp-json\/wp\/v2\/product\/738348\/revisions"}],"wp:featuredmedia":[{"embeddable":true,"href":"https:\/\/stoic-curie.212-227-153-4.plesk.page\/de\/wp-json\/wp\/v2\/media\/5947639"}],"wp:attachment":[{"href":"https:\/\/stoic-curie.212-227-153-4.plesk.page\/de\/wp-json\/wp\/v2\/media?parent=738348"}],"wp:term":[{"taxonomy":"product_brand","embeddable":true,"href":"https:\/\/stoic-curie.212-227-153-4.plesk.page\/de\/wp-json\/wp\/v2\/product_brand?post=738348"},{"taxonomy":"product_cat","embeddable":true,"href":"https:\/\/stoic-curie.212-227-153-4.plesk.page\/de\/wp-json\/wp\/v2\/product_cat?post=738348"},{"taxonomy":"product_tag","embeddable":true,"href":"https:\/\/stoic-curie.212-227-153-4.plesk.page\/de\/wp-json\/wp\/v2\/product_tag?post=738348"}],"curies":[{"name":"wp","href":"https:\/\/api.w.org\/{rel}","templated":true}]}}