{"id":738351,"date":"2025-03-03T17:47:22","date_gmt":"2025-03-03T16:47:22","guid":{"rendered":"https:\/\/stoic-curie.212-227-153-4.plesk.page\/producto\/antischock-batteriehalter-264-x-213-x-h54-mm\/"},"modified":"2026-02-24T23:35:19","modified_gmt":"2026-02-24T23:35:19","slug":"antischock-batteriehalter-264-x-213-x-h54-mm","status":"publish","type":"product","link":"https:\/\/stoic-curie.212-227-153-4.plesk.page\/de\/product\/antischock-batteriehalter-264-x-213-x-h54-mm\/","title":{"rendered":"Antischock-Batteriehalter 264 x 213 x H54 mm"},"content":{"rendered":"<p>Antischock-Batteriehalter 264 x 213 x H54 mm &#8211; <\/p>\n<p>Batteriehalter mit Antischock-Tr\u00e4gerplatte, die Sch\u00e4den durch St\u00f6\u00dfe und Vibrationen am Akku verhindert und somit dessen Effektivit\u00e4t und Lebensdauer verl\u00e4ngert. Die Form des Beh\u00e4lters bietet au\u00dferdem Schutz vor chemischen Leckagen. Komplett mit elastischem Klettverschlussriemen.<\/p>\n","protected":false},"excerpt":{"rendered":"<p>Antischock-Batteriehalter 264 x 213 x H54 mm &#8211; Batteriehalter mit Antischock-Tr\u00e4gerplatte, die Sch\u00e4den durch St\u00f6\u00dfe und Vibrationen am Akku verhindert<\/p>\n","protected":false},"featured_media":5947645,"comment_status":"open","ping_status":"closed","template":"","meta":[],"product_brand":[3215],"product_cat":[1442],"product_tag":[],"class_list":{"0":"post-738351","1":"product","2":"type-product","3":"status-publish","4":"has-post-thumbnail","6":"product_brand-oceanflex-de","7":"product_cat-bootsbatterien","9":"first","10":"instock","11":"shipping-taxable","12":"purchasable","13":"product-type-simple"},"_links":{"self":[{"href":"https:\/\/stoic-curie.212-227-153-4.plesk.page\/de\/wp-json\/wp\/v2\/product\/738351","targetHints":{"allow":["GET"]}}],"collection":[{"href":"https:\/\/stoic-curie.212-227-153-4.plesk.page\/de\/wp-json\/wp\/v2\/product"}],"about":[{"href":"https:\/\/stoic-curie.212-227-153-4.plesk.page\/de\/wp-json\/wp\/v2\/types\/product"}],"replies":[{"embeddable":true,"href":"https:\/\/stoic-curie.212-227-153-4.plesk.page\/de\/wp-json\/wp\/v2\/comments?post=738351"}],"version-history":[{"count":0,"href":"https:\/\/stoic-curie.212-227-153-4.plesk.page\/de\/wp-json\/wp\/v2\/product\/738351\/revisions"}],"wp:featuredmedia":[{"embeddable":true,"href":"https:\/\/stoic-curie.212-227-153-4.plesk.page\/de\/wp-json\/wp\/v2\/media\/5947645"}],"wp:attachment":[{"href":"https:\/\/stoic-curie.212-227-153-4.plesk.page\/de\/wp-json\/wp\/v2\/media?parent=738351"}],"wp:term":[{"taxonomy":"product_brand","embeddable":true,"href":"https:\/\/stoic-curie.212-227-153-4.plesk.page\/de\/wp-json\/wp\/v2\/product_brand?post=738351"},{"taxonomy":"product_cat","embeddable":true,"href":"https:\/\/stoic-curie.212-227-153-4.plesk.page\/de\/wp-json\/wp\/v2\/product_cat?post=738351"},{"taxonomy":"product_tag","embeddable":true,"href":"https:\/\/stoic-curie.212-227-153-4.plesk.page\/de\/wp-json\/wp\/v2\/product_tag?post=738351"}],"curies":[{"name":"wp","href":"https:\/\/api.w.org\/{rel}","templated":true}]}}