{"id":738370,"date":"2025-03-03T17:47:26","date_gmt":"2025-03-03T16:47:26","guid":{"rendered":"https:\/\/stoic-curie.212-227-153-4.plesk.page\/producto\/dhr-1125o-navigationslicht-schwarz-rot\/"},"modified":"2026-02-24T23:35:20","modified_gmt":"2026-02-24T23:35:20","slug":"dhr-1125o-navigationslicht-schwarz-rot","status":"publish","type":"product","link":"https:\/\/stoic-curie.212-227-153-4.plesk.page\/de\/product\/dhr-1125o-navigationslicht-schwarz-rot\/","title":{"rendered":"DHR 112,5\u00ba Navigationslicht Schwarz-Rot"},"content":{"rendered":"<p>DHR 112,5\u00ba Navigationslicht Schwarz-Rot &#8211; <\/p>\n<p>DHR-Navagationslichter f\u00fcr Boote bis zu 50 Meter. Wasserdicht, nicht-magnetisch, mit geladenem Polycarbonatk\u00f6rper und Fresnel-Sto\u00dfd\u00e4mpfungslinsen. Muss mit BAY15D-Birne erg\u00e4nzt werden. Bureau Veritas MED 2014\/90\/EU zertifiziert und entspricht COLREG\/IMO\/EN\/IEC.<\/p>\n","protected":false},"excerpt":{"rendered":"<p>DHR 112,5\u00ba Navigationslicht Schwarz-Rot &#8211; DHR-Navagationslichter f\u00fcr Boote bis zu 50 Meter. Wasserdicht, nicht-magnetisch, mit geladenem Polycarbonatk\u00f6rper und Fresnel-Sto\u00dfd\u00e4mpfungslinsen. Muss<\/p>\n","protected":false},"featured_media":5947817,"comment_status":"open","ping_status":"closed","template":"","meta":[],"product_brand":[2880],"product_cat":[1454],"product_tag":[],"class_list":{"0":"post-738370","1":"product","2":"type-product","3":"status-publish","4":"has-post-thumbnail","6":"product_brand-dhr-de","7":"product_cat-navigationlichter","9":"first","10":"outofstock","11":"shipping-taxable","12":"purchasable","13":"product-type-simple"},"_links":{"self":[{"href":"https:\/\/stoic-curie.212-227-153-4.plesk.page\/de\/wp-json\/wp\/v2\/product\/738370","targetHints":{"allow":["GET"]}}],"collection":[{"href":"https:\/\/stoic-curie.212-227-153-4.plesk.page\/de\/wp-json\/wp\/v2\/product"}],"about":[{"href":"https:\/\/stoic-curie.212-227-153-4.plesk.page\/de\/wp-json\/wp\/v2\/types\/product"}],"replies":[{"embeddable":true,"href":"https:\/\/stoic-curie.212-227-153-4.plesk.page\/de\/wp-json\/wp\/v2\/comments?post=738370"}],"version-history":[{"count":0,"href":"https:\/\/stoic-curie.212-227-153-4.plesk.page\/de\/wp-json\/wp\/v2\/product\/738370\/revisions"}],"wp:featuredmedia":[{"embeddable":true,"href":"https:\/\/stoic-curie.212-227-153-4.plesk.page\/de\/wp-json\/wp\/v2\/media\/5947817"}],"wp:attachment":[{"href":"https:\/\/stoic-curie.212-227-153-4.plesk.page\/de\/wp-json\/wp\/v2\/media?parent=738370"}],"wp:term":[{"taxonomy":"product_brand","embeddable":true,"href":"https:\/\/stoic-curie.212-227-153-4.plesk.page\/de\/wp-json\/wp\/v2\/product_brand?post=738370"},{"taxonomy":"product_cat","embeddable":true,"href":"https:\/\/stoic-curie.212-227-153-4.plesk.page\/de\/wp-json\/wp\/v2\/product_cat?post=738370"},{"taxonomy":"product_tag","embeddable":true,"href":"https:\/\/stoic-curie.212-227-153-4.plesk.page\/de\/wp-json\/wp\/v2\/product_tag?post=738370"}],"curies":[{"name":"wp","href":"https:\/\/api.w.org\/{rel}","templated":true}]}}