{"id":738371,"date":"2025-03-03T17:47:26","date_gmt":"2025-03-03T16:47:26","guid":{"rendered":"https:\/\/stoic-curie.212-227-153-4.plesk.page\/producto\/dhr-1125o-navigationslicht-schwarz-gruen\/"},"modified":"2026-02-24T23:35:20","modified_gmt":"2026-02-24T23:35:20","slug":"dhr-1125o-navigationslicht-schwarz-gruen","status":"publish","type":"product","link":"https:\/\/stoic-curie.212-227-153-4.plesk.page\/de\/product\/dhr-1125o-navigationslicht-schwarz-gruen\/","title":{"rendered":"DHR 112,5\u00ba Navigationslicht Schwarz-Gr\u00fcn"},"content":{"rendered":"<p>DHR 112,5\u00ba Navigationslicht Schwarz-Gr\u00fcn &#8211; <\/p>\n<p>DHR-Navigationslichter f\u00fcr Boote bis zu 50 Meter. Wasserdicht, nicht-magnetisch, mit aufgeladenem Polycarbonatgeh\u00e4use und Fresnel-sto\u00dffesten Linsen. Muss mit BAY15D-Gl\u00fchbirne erg\u00e4nzt werden. Bureau Veritas MED 2014\/90\/EU-zertifiziert und COLREG\/IMO\/EN\/IEC-konform.<\/p>\n","protected":false},"excerpt":{"rendered":"<p>DHR 112,5\u00ba Navigationslicht Schwarz-Gr\u00fcn &#8211; DHR-Navigationslichter f\u00fcr Boote bis zu 50 Meter. Wasserdicht, nicht-magnetisch, mit aufgeladenem Polycarbonatgeh\u00e4use und Fresnel-sto\u00dffesten Linsen.<\/p>\n","protected":false},"featured_media":5947828,"comment_status":"open","ping_status":"closed","template":"","meta":[],"product_brand":[2880],"product_cat":[1454],"product_tag":[],"class_list":{"0":"post-738371","1":"product","2":"type-product","3":"status-publish","4":"has-post-thumbnail","6":"product_brand-dhr-de","7":"product_cat-navigationlichter","9":"first","10":"instock","11":"shipping-taxable","12":"purchasable","13":"product-type-simple"},"_links":{"self":[{"href":"https:\/\/stoic-curie.212-227-153-4.plesk.page\/de\/wp-json\/wp\/v2\/product\/738371","targetHints":{"allow":["GET"]}}],"collection":[{"href":"https:\/\/stoic-curie.212-227-153-4.plesk.page\/de\/wp-json\/wp\/v2\/product"}],"about":[{"href":"https:\/\/stoic-curie.212-227-153-4.plesk.page\/de\/wp-json\/wp\/v2\/types\/product"}],"replies":[{"embeddable":true,"href":"https:\/\/stoic-curie.212-227-153-4.plesk.page\/de\/wp-json\/wp\/v2\/comments?post=738371"}],"version-history":[{"count":0,"href":"https:\/\/stoic-curie.212-227-153-4.plesk.page\/de\/wp-json\/wp\/v2\/product\/738371\/revisions"}],"wp:featuredmedia":[{"embeddable":true,"href":"https:\/\/stoic-curie.212-227-153-4.plesk.page\/de\/wp-json\/wp\/v2\/media\/5947828"}],"wp:attachment":[{"href":"https:\/\/stoic-curie.212-227-153-4.plesk.page\/de\/wp-json\/wp\/v2\/media?parent=738371"}],"wp:term":[{"taxonomy":"product_brand","embeddable":true,"href":"https:\/\/stoic-curie.212-227-153-4.plesk.page\/de\/wp-json\/wp\/v2\/product_brand?post=738371"},{"taxonomy":"product_cat","embeddable":true,"href":"https:\/\/stoic-curie.212-227-153-4.plesk.page\/de\/wp-json\/wp\/v2\/product_cat?post=738371"},{"taxonomy":"product_tag","embeddable":true,"href":"https:\/\/stoic-curie.212-227-153-4.plesk.page\/de\/wp-json\/wp\/v2\/product_tag?post=738371"}],"curies":[{"name":"wp","href":"https:\/\/api.w.org\/{rel}","templated":true}]}}