{"id":738377,"date":"2025-03-03T17:47:27","date_gmt":"2025-03-03T16:47:27","guid":{"rendered":"https:\/\/stoic-curie.212-227-153-4.plesk.page\/producto\/weisses-decklicht-w-linie-zweifarbig-157-x-55-x-h42mm-60-flut-18w\/"},"modified":"2026-02-24T23:35:20","modified_gmt":"2026-02-24T23:35:20","slug":"weisses-decklicht-w-linie-zweifarbig-157-x-55-x-h42mm-60-flut-18w","status":"publish","type":"product","link":"https:\/\/stoic-curie.212-227-153-4.plesk.page\/de\/product\/weisses-decklicht-w-linie-zweifarbig-157-x-55-x-h42mm-60-flut-18w\/","title":{"rendered":"Wei\u00dfes Decklicht W-Linie Zweifarbig 157 x 55 x H42mm 60\u00b0 Flut 18W"},"content":{"rendered":"<p>Wei\u00dfes Decklicht W-Linie Zweifarbig 157 x 55 x H42mm 60\u00b0 Flut 18W &#8211; <\/p>\n<p>IP68 wasserdichter Cockpit- und Deckstrahler mit Dual-Color-LED. Korrosionsbest\u00e4ndiger K\u00f6rper aus wei\u00dfer Aluminiumlegierung, Edelstahlhalterung und polycarbonat-Linsen. Doppelte Lichtauswahl je nach Bedarf auf dem Deck: wei\u00dfes Licht oder blaues Licht. 9-32V Spannung. 18W Leistung. 1150 Lumen. 5500\u00c2\u00b0K wei\u00dfes Licht.<\/p>\n","protected":false},"excerpt":{"rendered":"<p>Wei\u00dfes Decklicht W-Linie Zweifarbig 157 x 55 x H42mm 60\u00b0 Flut 18W &#8211; IP68 wasserdichter Cockpit- und Deckstrahler mit Dual-Color-LED.<\/p>\n","protected":false},"featured_media":5947856,"comment_status":"open","ping_status":"closed","template":"","meta":[],"product_brand":[2168,3220],"product_cat":[1447],"product_tag":[],"class_list":{"0":"post-738377","1":"product","2":"type-product","3":"status-publish","4":"has-post-thumbnail","6":"product_brand-oceanled","7":"product_brand-oceanled-de","8":"product_cat-suchscheinwerfer-und-spotlights","10":"first","11":"instock","12":"shipping-taxable","13":"purchasable","14":"product-type-simple"},"_links":{"self":[{"href":"https:\/\/stoic-curie.212-227-153-4.plesk.page\/de\/wp-json\/wp\/v2\/product\/738377","targetHints":{"allow":["GET"]}}],"collection":[{"href":"https:\/\/stoic-curie.212-227-153-4.plesk.page\/de\/wp-json\/wp\/v2\/product"}],"about":[{"href":"https:\/\/stoic-curie.212-227-153-4.plesk.page\/de\/wp-json\/wp\/v2\/types\/product"}],"replies":[{"embeddable":true,"href":"https:\/\/stoic-curie.212-227-153-4.plesk.page\/de\/wp-json\/wp\/v2\/comments?post=738377"}],"version-history":[{"count":0,"href":"https:\/\/stoic-curie.212-227-153-4.plesk.page\/de\/wp-json\/wp\/v2\/product\/738377\/revisions"}],"wp:featuredmedia":[{"embeddable":true,"href":"https:\/\/stoic-curie.212-227-153-4.plesk.page\/de\/wp-json\/wp\/v2\/media\/5947856"}],"wp:attachment":[{"href":"https:\/\/stoic-curie.212-227-153-4.plesk.page\/de\/wp-json\/wp\/v2\/media?parent=738377"}],"wp:term":[{"taxonomy":"product_brand","embeddable":true,"href":"https:\/\/stoic-curie.212-227-153-4.plesk.page\/de\/wp-json\/wp\/v2\/product_brand?post=738377"},{"taxonomy":"product_cat","embeddable":true,"href":"https:\/\/stoic-curie.212-227-153-4.plesk.page\/de\/wp-json\/wp\/v2\/product_cat?post=738377"},{"taxonomy":"product_tag","embeddable":true,"href":"https:\/\/stoic-curie.212-227-153-4.plesk.page\/de\/wp-json\/wp\/v2\/product_tag?post=738377"}],"curies":[{"name":"wp","href":"https:\/\/api.w.org\/{rel}","templated":true}]}}