{"id":738378,"date":"2025-03-03T17:47:27","date_gmt":"2025-03-03T16:47:27","guid":{"rendered":"https:\/\/stoic-curie.212-227-153-4.plesk.page\/producto\/suchscheinwerfer-dhr-150-led\/"},"modified":"2026-02-24T23:35:20","modified_gmt":"2026-02-24T23:35:20","slug":"suchscheinwerfer-dhr-150-led","status":"publish","type":"product","link":"https:\/\/stoic-curie.212-227-153-4.plesk.page\/de\/product\/suchscheinwerfer-dhr-150-led\/","title":{"rendered":"Suchscheinwerfer Dhr 150 LED"},"content":{"rendered":"<p>Suchscheinwerfer Dhr 150 LED &#8211; <\/p>\n<p>Professionelle, spiegelpolierte 316 Edelstahlgeh\u00e4use-Suchlampe mit 10-32V Betrieb und kabelloser Steuerung. Alle Bauteile sind vibrationsbest\u00e4ndig, nicht magnetisch und korrosionsbest\u00e4ndig. Der Spotstrahler hat einen konzentrierten Lichtstrahl mit einer Reichweite von bis zu 450 Metern.<\/p>\n","protected":false},"excerpt":{"rendered":"<p>Suchscheinwerfer Dhr 150 LED &#8211; Professionelle, spiegelpolierte 316 Edelstahlgeh\u00e4use-Suchlampe mit 10-32V Betrieb und kabelloser Steuerung. Alle Bauteile sind vibrationsbest\u00e4ndig, nicht<\/p>\n","protected":false},"featured_media":5947861,"comment_status":"open","ping_status":"closed","template":"","meta":[],"product_brand":[2880],"product_cat":[1447],"product_tag":[],"class_list":{"0":"post-738378","1":"product","2":"type-product","3":"status-publish","4":"has-post-thumbnail","6":"product_brand-dhr-de","7":"product_cat-suchscheinwerfer-und-spotlights","9":"first","10":"instock","11":"shipping-taxable","12":"purchasable","13":"product-type-simple"},"_links":{"self":[{"href":"https:\/\/stoic-curie.212-227-153-4.plesk.page\/de\/wp-json\/wp\/v2\/product\/738378","targetHints":{"allow":["GET"]}}],"collection":[{"href":"https:\/\/stoic-curie.212-227-153-4.plesk.page\/de\/wp-json\/wp\/v2\/product"}],"about":[{"href":"https:\/\/stoic-curie.212-227-153-4.plesk.page\/de\/wp-json\/wp\/v2\/types\/product"}],"replies":[{"embeddable":true,"href":"https:\/\/stoic-curie.212-227-153-4.plesk.page\/de\/wp-json\/wp\/v2\/comments?post=738378"}],"version-history":[{"count":0,"href":"https:\/\/stoic-curie.212-227-153-4.plesk.page\/de\/wp-json\/wp\/v2\/product\/738378\/revisions"}],"wp:featuredmedia":[{"embeddable":true,"href":"https:\/\/stoic-curie.212-227-153-4.plesk.page\/de\/wp-json\/wp\/v2\/media\/5947861"}],"wp:attachment":[{"href":"https:\/\/stoic-curie.212-227-153-4.plesk.page\/de\/wp-json\/wp\/v2\/media?parent=738378"}],"wp:term":[{"taxonomy":"product_brand","embeddable":true,"href":"https:\/\/stoic-curie.212-227-153-4.plesk.page\/de\/wp-json\/wp\/v2\/product_brand?post=738378"},{"taxonomy":"product_cat","embeddable":true,"href":"https:\/\/stoic-curie.212-227-153-4.plesk.page\/de\/wp-json\/wp\/v2\/product_cat?post=738378"},{"taxonomy":"product_tag","embeddable":true,"href":"https:\/\/stoic-curie.212-227-153-4.plesk.page\/de\/wp-json\/wp\/v2\/product_tag?post=738378"}],"curies":[{"name":"wp","href":"https:\/\/api.w.org\/{rel}","templated":true}]}}